{"id":9080,"date":"2023-07-03T10:35:49","date_gmt":"2023-07-03T10:35:49","guid":{"rendered":"https:\/\/www.planetzdravja.com\/trgovina\/izdelek\/olje-1-2\/"},"modified":"2026-04-11T20:30:55","modified_gmt":"2026-04-11T18:30:55","slug":"olje-1-2","status":"publish","type":"product","link":"https:\/\/www.planetzdravja.com\/trgovina\/izdelek\/olje-1-2\/","title":{"rendered":"OLJE 1"},"content":{"rendered":"<p>Mo\u010dna podpora \u017eelodcu, bezgavkam in imunskemu sistemu. Neprecenljiva pomo\u010d pri vseh oblikah alergij.<\/p>\n<ul style=\"list-style-type: disc;\">\n<li><strong>Sestavine:<\/strong> eteri\u010dno olje lovorja, eteri\u010dno olje evkaliptusa, eteri\u010dno olje sivke.<\/li>\n<li><strong>Priporo\u010dena uporaba:<\/strong> 2 kapljici Olja 1 damo v najmanj 200 ml tople vode in popijemo, 3x dnevno.<\/li>\n<\/ul>\n<p>&nbsp;<\/p>\n<p><strong>Olje 1 je prehransko dopolnilo.<\/strong><\/p>\n","protected":false},"excerpt":{"rendered":"<p>Mo\u010dna podpora \u017eelodcu, bezgavkam in imunskemu sistemu. Neprecenljiva pomo\u010d pri vseh oblikah alergij. Sestavine: eteri\u010dno olje lovorja, eteri\u010dno olje evkaliptusa, eteri\u010dno olje sivke. Priporo\u010dena uporaba: 2 kapljici Olja 1 damo v najmanj 200 ml tople vode in popijemo, 3x dnevno. &nbsp; Olje 1 je prehransko dopolnilo.<\/p>\n","protected":false},"featured_media":11062,"template":"","meta":{"site-sidebar-layout":"default","site-content-layout":"default","ast-site-content-layout":"default","site-content-style":"default","site-sidebar-style":"default","ast-global-header-display":"","ast-banner-title-visibility":"","ast-main-header-display":"","ast-hfb-above-header-display":"","ast-hfb-below-header-display":"","ast-hfb-mobile-header-display":"","site-post-title":"","ast-breadcrumbs-content":"","ast-featured-img":"","footer-sml-layout":"","theme-transparent-header-meta":"default","adv-header-id-meta":"","stick-header-meta":"default","header-above-stick-meta":"","header-main-stick-meta":"","header-below-stick-meta":"","astra-migrate-meta-layouts":"default","ast-page-background-enabled":"default","ast-page-background-meta":{"desktop":{"background-color":"","background-image":"","background-repeat":"repeat","background-position":"center center","background-size":"auto","background-attachment":"scroll","background-type":"","background-media":"","overlay-type":"","overlay-color":"","overlay-opacity":"","overlay-gradient":""},"tablet":{"background-color":"","background-image":"","background-repeat":"repeat","background-position":"center center","background-size":"auto","background-attachment":"scroll","background-type":"","background-media":"","overlay-type":"","overlay-color":"","overlay-opacity":"","overlay-gradient":""},"mobile":{"background-color":"","background-image":"","background-repeat":"repeat","background-position":"center center","background-size":"auto","background-attachment":"scroll","background-type":"","background-media":"","overlay-type":"","overlay-color":"","overlay-opacity":"","overlay-gradient":""}},"ast-content-background-meta":{"desktop":{"background-color":"var(--ast-global-color-5)","background-image":"","background-repeat":"repeat","background-position":"center center","background-size":"auto","background-attachment":"scroll","background-type":"","background-media":"","overlay-type":"","overlay-color":"","overlay-opacity":"","overlay-gradient":""},"tablet":{"background-color":"var(--ast-global-color-5)","background-image":"","background-repeat":"repeat","background-position":"center center","background-size":"auto","background-attachment":"scroll","background-type":"","background-media":"","overlay-type":"","overlay-color":"","overlay-opacity":"","overlay-gradient":""},"mobile":{"background-color":"var(--ast-global-color-5)","background-image":"","background-repeat":"repeat","background-position":"center center","background-size":"auto","background-attachment":"scroll","background-type":"","background-media":"","overlay-type":"","overlay-color":"","overlay-opacity":"","overlay-gradient":""}}},"product_brand":[],"product_cat":[19],"product_tag":[],"class_list":{"0":"post-9080","1":"product","2":"type-product","3":"status-publish","4":"has-post-thumbnail","6":"product_cat-olja-in-ekstrakti","7":"desktop-align-center","8":"tablet-align-center","9":"mobile-align-center","10":"ast-product-gallery-layout-horizontal","11":"ast-product-gallery-with-no-image","12":"ast-product-tabs-layout-horizontal","14":"first","15":"onbackorder","16":"taxable","17":"shipping-taxable","18":"purchasable","19":"product-type-simple"},"yoast_head":"<!-- This site is optimized with the Yoast SEO plugin v25.7 - https:\/\/yoast.com\/wordpress\/plugins\/seo\/ -->\n<title>OLJE 1 - Spletna trgovina<\/title>\n<meta name=\"robots\" content=\"index, follow, max-snippet:-1, max-image-preview:large, max-video-preview:-1\" \/>\n<link rel=\"canonical\" href=\"https:\/\/www.planetzdravja.com\/trgovina\/izdelek\/olje-1-2\/\" \/>\n<meta property=\"og:locale\" content=\"sl_SI\" \/>\n<meta property=\"og:type\" content=\"article\" \/>\n<meta property=\"og:title\" content=\"OLJE 1 - Spletna trgovina\" \/>\n<meta property=\"og:description\" content=\"Mo\u010dna podpora \u017eelodcu, bezgavkam in imunskemu sistemu. Neprecenljiva pomo\u010d pri vseh oblikah alergij. Sestavine: eteri\u010dno olje lovorja, eteri\u010dno olje evkaliptusa, eteri\u010dno olje sivke. Priporo\u010dena uporaba: 2 kapljici Olja 1 damo v najmanj 200 ml tople vode in popijemo, 3x dnevno. &nbsp; Olje 1 je prehransko dopolnilo.\" \/>\n<meta property=\"og:url\" content=\"https:\/\/www.planetzdravja.com\/trgovina\/izdelek\/olje-1-2\/\" \/>\n<meta property=\"og:site_name\" content=\"Spletna trgovina\" \/>\n<meta property=\"article:modified_time\" content=\"2026-04-11T18:30:55+00:00\" \/>\n<meta property=\"og:image\" content=\"https:\/\/www.planetzdravja.com\/trgovina\/wp-content\/uploads\/sites\/2\/2024\/03\/wenj4c0pgo-olje-1-bottle-with-box-background.png\" \/>\n\t<meta property=\"og:image:width\" content=\"800\" \/>\n\t<meta property=\"og:image:height\" content=\"800\" \/>\n\t<meta property=\"og:image:type\" content=\"image\/png\" \/>\n<meta name=\"twitter:card\" content=\"summary_large_image\" \/>\n<meta name=\"twitter:label1\" content=\"Est. reading time\" \/>\n\t<meta name=\"twitter:data1\" content=\"1 minuta\" \/>\n<script type=\"application\/ld+json\" class=\"yoast-schema-graph\">{\"@context\":\"https:\/\/schema.org\",\"@graph\":[{\"@type\":\"WebPage\",\"@id\":\"https:\/\/www.planetzdravja.com\/trgovina\/izdelek\/olje-1-2\/\",\"url\":\"https:\/\/www.planetzdravja.com\/trgovina\/izdelek\/olje-1-2\/\",\"name\":\"OLJE 1 - Spletna trgovina\",\"isPartOf\":{\"@id\":\"https:\/\/www.planetzdravja.com\/trgovina\/#website\"},\"primaryImageOfPage\":{\"@id\":\"https:\/\/www.planetzdravja.com\/trgovina\/izdelek\/olje-1-2\/#primaryimage\"},\"image\":{\"@id\":\"https:\/\/www.planetzdravja.com\/trgovina\/izdelek\/olje-1-2\/#primaryimage\"},\"thumbnailUrl\":\"https:\/\/www.planetzdravja.com\/trgovina\/wp-content\/uploads\/sites\/2\/2024\/03\/wenj4c0pgo-olje-1-bottle-with-box-background.png\",\"datePublished\":\"2023-07-03T10:35:49+00:00\",\"dateModified\":\"2026-04-11T18:30:55+00:00\",\"breadcrumb\":{\"@id\":\"https:\/\/www.planetzdravja.com\/trgovina\/izdelek\/olje-1-2\/#breadcrumb\"},\"inLanguage\":\"sl-SI\",\"potentialAction\":[{\"@type\":\"ReadAction\",\"target\":[\"https:\/\/www.planetzdravja.com\/trgovina\/izdelek\/olje-1-2\/\"]}]},{\"@type\":\"ImageObject\",\"inLanguage\":\"sl-SI\",\"@id\":\"https:\/\/www.planetzdravja.com\/trgovina\/izdelek\/olje-1-2\/#primaryimage\",\"url\":\"https:\/\/www.planetzdravja.com\/trgovina\/wp-content\/uploads\/sites\/2\/2024\/03\/wenj4c0pgo-olje-1-bottle-with-box-background.png\",\"contentUrl\":\"https:\/\/www.planetzdravja.com\/trgovina\/wp-content\/uploads\/sites\/2\/2024\/03\/wenj4c0pgo-olje-1-bottle-with-box-background.png\",\"width\":800,\"height\":800},{\"@type\":\"BreadcrumbList\",\"@id\":\"https:\/\/www.planetzdravja.com\/trgovina\/izdelek\/olje-1-2\/#breadcrumb\",\"itemListElement\":[{\"@type\":\"ListItem\",\"position\":1,\"name\":\"Home\",\"item\":\"https:\/\/www.planetzdravja.com\/trgovina\/\"},{\"@type\":\"ListItem\",\"position\":2,\"name\":\"Izdelki\",\"item\":\"https:\/\/www.planetzdravja.com\/trgovina\/shop\/\"},{\"@type\":\"ListItem\",\"position\":3,\"name\":\"OLJE 1\"}]},{\"@type\":\"WebSite\",\"@id\":\"https:\/\/www.planetzdravja.com\/trgovina\/#website\",\"url\":\"https:\/\/www.planetzdravja.com\/trgovina\/\",\"name\":\"Spletna trgovina\",\"description\":\"Napredna znanost narave\",\"publisher\":{\"@id\":\"https:\/\/www.planetzdravja.com\/trgovina\/#organization\"},\"potentialAction\":[{\"@type\":\"SearchAction\",\"target\":{\"@type\":\"EntryPoint\",\"urlTemplate\":\"https:\/\/www.planetzdravja.com\/trgovina\/?s={search_term_string}\"},\"query-input\":{\"@type\":\"PropertyValueSpecification\",\"valueRequired\":true,\"valueName\":\"search_term_string\"}}],\"inLanguage\":\"sl-SI\"},{\"@type\":\"Organization\",\"@id\":\"https:\/\/www.planetzdravja.com\/trgovina\/#organization\",\"name\":\"Spletna trgovina\",\"url\":\"https:\/\/www.planetzdravja.com\/trgovina\/\",\"logo\":{\"@type\":\"ImageObject\",\"inLanguage\":\"sl-SI\",\"@id\":\"https:\/\/www.planetzdravja.com\/trgovina\/#\/schema\/logo\/image\/\",\"url\":\"https:\/\/www.planetzdravja.com\/trgovina\/wp-content\/uploads\/sites\/2\/2022\/02\/vector-logo-shop-v2-1-1.png\",\"contentUrl\":\"https:\/\/www.planetzdravja.com\/trgovina\/wp-content\/uploads\/sites\/2\/2022\/02\/vector-logo-shop-v2-1-1.png\",\"width\":300,\"height\":68,\"caption\":\"Spletna trgovina\"},\"image\":{\"@id\":\"https:\/\/www.planetzdravja.com\/trgovina\/#\/schema\/logo\/image\/\"}}]}<\/script>\n<!-- \/ Yoast SEO plugin. -->","yoast_head_json":{"title":"OLJE 1 - Spletna trgovina","robots":{"index":"index","follow":"follow","max-snippet":"max-snippet:-1","max-image-preview":"max-image-preview:large","max-video-preview":"max-video-preview:-1"},"canonical":"https:\/\/www.planetzdravja.com\/trgovina\/izdelek\/olje-1-2\/","og_locale":"sl_SI","og_type":"article","og_title":"OLJE 1 - Spletna trgovina","og_description":"Mo\u010dna podpora \u017eelodcu, bezgavkam in imunskemu sistemu. Neprecenljiva pomo\u010d pri vseh oblikah alergij. Sestavine: eteri\u010dno olje lovorja, eteri\u010dno olje evkaliptusa, eteri\u010dno olje sivke. Priporo\u010dena uporaba: 2 kapljici Olja 1 damo v najmanj 200 ml tople vode in popijemo, 3x dnevno. &nbsp; Olje 1 je prehransko dopolnilo.","og_url":"https:\/\/www.planetzdravja.com\/trgovina\/izdelek\/olje-1-2\/","og_site_name":"Spletna trgovina","article_modified_time":"2026-04-11T18:30:55+00:00","og_image":[{"width":800,"height":800,"url":"https:\/\/www.planetzdravja.com\/trgovina\/wp-content\/uploads\/sites\/2\/2024\/03\/wenj4c0pgo-olje-1-bottle-with-box-background.png","type":"image\/png"}],"twitter_card":"summary_large_image","twitter_misc":{"Est. reading time":"1 minuta"},"schema":{"@context":"https:\/\/schema.org","@graph":[{"@type":"WebPage","@id":"https:\/\/www.planetzdravja.com\/trgovina\/izdelek\/olje-1-2\/","url":"https:\/\/www.planetzdravja.com\/trgovina\/izdelek\/olje-1-2\/","name":"OLJE 1 - Spletna trgovina","isPartOf":{"@id":"https:\/\/www.planetzdravja.com\/trgovina\/#website"},"primaryImageOfPage":{"@id":"https:\/\/www.planetzdravja.com\/trgovina\/izdelek\/olje-1-2\/#primaryimage"},"image":{"@id":"https:\/\/www.planetzdravja.com\/trgovina\/izdelek\/olje-1-2\/#primaryimage"},"thumbnailUrl":"https:\/\/www.planetzdravja.com\/trgovina\/wp-content\/uploads\/sites\/2\/2024\/03\/wenj4c0pgo-olje-1-bottle-with-box-background.png","datePublished":"2023-07-03T10:35:49+00:00","dateModified":"2026-04-11T18:30:55+00:00","breadcrumb":{"@id":"https:\/\/www.planetzdravja.com\/trgovina\/izdelek\/olje-1-2\/#breadcrumb"},"inLanguage":"sl-SI","potentialAction":[{"@type":"ReadAction","target":["https:\/\/www.planetzdravja.com\/trgovina\/izdelek\/olje-1-2\/"]}]},{"@type":"ImageObject","inLanguage":"sl-SI","@id":"https:\/\/www.planetzdravja.com\/trgovina\/izdelek\/olje-1-2\/#primaryimage","url":"https:\/\/www.planetzdravja.com\/trgovina\/wp-content\/uploads\/sites\/2\/2024\/03\/wenj4c0pgo-olje-1-bottle-with-box-background.png","contentUrl":"https:\/\/www.planetzdravja.com\/trgovina\/wp-content\/uploads\/sites\/2\/2024\/03\/wenj4c0pgo-olje-1-bottle-with-box-background.png","width":800,"height":800},{"@type":"BreadcrumbList","@id":"https:\/\/www.planetzdravja.com\/trgovina\/izdelek\/olje-1-2\/#breadcrumb","itemListElement":[{"@type":"ListItem","position":1,"name":"Home","item":"https:\/\/www.planetzdravja.com\/trgovina\/"},{"@type":"ListItem","position":2,"name":"Izdelki","item":"https:\/\/www.planetzdravja.com\/trgovina\/shop\/"},{"@type":"ListItem","position":3,"name":"OLJE 1"}]},{"@type":"WebSite","@id":"https:\/\/www.planetzdravja.com\/trgovina\/#website","url":"https:\/\/www.planetzdravja.com\/trgovina\/","name":"Spletna trgovina","description":"Napredna znanost narave","publisher":{"@id":"https:\/\/www.planetzdravja.com\/trgovina\/#organization"},"potentialAction":[{"@type":"SearchAction","target":{"@type":"EntryPoint","urlTemplate":"https:\/\/www.planetzdravja.com\/trgovina\/?s={search_term_string}"},"query-input":{"@type":"PropertyValueSpecification","valueRequired":true,"valueName":"search_term_string"}}],"inLanguage":"sl-SI"},{"@type":"Organization","@id":"https:\/\/www.planetzdravja.com\/trgovina\/#organization","name":"Spletna trgovina","url":"https:\/\/www.planetzdravja.com\/trgovina\/","logo":{"@type":"ImageObject","inLanguage":"sl-SI","@id":"https:\/\/www.planetzdravja.com\/trgovina\/#\/schema\/logo\/image\/","url":"https:\/\/www.planetzdravja.com\/trgovina\/wp-content\/uploads\/sites\/2\/2022\/02\/vector-logo-shop-v2-1-1.png","contentUrl":"https:\/\/www.planetzdravja.com\/trgovina\/wp-content\/uploads\/sites\/2\/2022\/02\/vector-logo-shop-v2-1-1.png","width":300,"height":68,"caption":"Spletna trgovina"},"image":{"@id":"https:\/\/www.planetzdravja.com\/trgovina\/#\/schema\/logo\/image\/"}}]}},"lang":"sl","translations":{"sl":9080,"en":11323,"hr":12984},"pll_sync_post":[],"_links":{"self":[{"href":"https:\/\/www.planetzdravja.com\/trgovina\/wp-json\/wp\/v2\/product\/9080","targetHints":{"allow":["GET"]}}],"collection":[{"href":"https:\/\/www.planetzdravja.com\/trgovina\/wp-json\/wp\/v2\/product"}],"about":[{"href":"https:\/\/www.planetzdravja.com\/trgovina\/wp-json\/wp\/v2\/types\/product"}],"wp:featuredmedia":[{"embeddable":true,"href":"https:\/\/www.planetzdravja.com\/trgovina\/wp-json\/wp\/v2\/media\/11062"}],"wp:attachment":[{"href":"https:\/\/www.planetzdravja.com\/trgovina\/wp-json\/wp\/v2\/media?parent=9080"}],"wp:term":[{"taxonomy":"product_brand","embeddable":true,"href":"https:\/\/www.planetzdravja.com\/trgovina\/wp-json\/wp\/v2\/product_brand?post=9080"},{"taxonomy":"product_cat","embeddable":true,"href":"https:\/\/www.planetzdravja.com\/trgovina\/wp-json\/wp\/v2\/product_cat?post=9080"},{"taxonomy":"product_tag","embeddable":true,"href":"https:\/\/www.planetzdravja.com\/trgovina\/wp-json\/wp\/v2\/product_tag?post=9080"}],"curies":[{"name":"wp","href":"https:\/\/api.w.org\/{rel}","templated":true}]}}