{"id":486,"date":"2015-06-11T12:53:32","date_gmt":"2015-06-11T12:53:32","guid":{"rendered":"https:\/\/123shramba.si\/RAZVOJ\/planetzdravja.com\/trgovina\/izdelek\/olje-12\/"},"modified":"2026-04-07T07:50:29","modified_gmt":"2026-04-07T05:50:29","slug":"olje-12","status":"publish","type":"product","link":"https:\/\/www.planetzdravja.com\/trgovina\/izdelek\/olje-12\/","title":{"rendered":"OLJE 12"},"content":{"rendered":"<ul>\n<li><strong>Sestavine:<\/strong> Nerafinirano, nefiltrirano, hladno stiskano mandljevo olje, olje oljne ogr\u0161\u010dice, eteri\u010dno olje cvetov jasmina.<\/li>\n<li><strong>Informacija o alergenih:<\/strong> izdelek vsebuje mandelj, linalool.<\/li>\n<li><strong>Priporo\u010dena dnevna koli\u010dina in navodila za uporabo:<\/strong> Trikrat dnevno zau\u017eijte eno prilo\u017eeno \u017eli\u010dko (2,5ml) 15 minut pred jedjo. Priporo\u010dena dnevna koli\u010dina vsebuje 4,425ml mandljevega olja, 3ml olja oljne ogr\u0161\u010dice, 0,075 ml eteri\u010dnega olja cvetov jasmina. Priporo\u010dene dnevne koli\u010dine se ne sme prekora\u010diti.<\/li>\n<li><strong>Neto koli\u010dina:<\/strong> 100 ml<\/li>\n<li><strong>Hraniti<\/strong> pri sobni temperaturi. Ne izpostavljati direktni son\u010dni svetlobi. Shranjevati nedosegljivo otrokom!<\/li>\n<\/ul>\n<div><\/div>\n<div>\n<p>Prehransko dopolnilo. Prehransko dopolnilo ni nadomestilo za uravnote\u017eeno in raznovrstno prehrano.<\/p>\n<p><em>Proizvedeno v Sloveniji. Kraj porekla osnovne sestavine ni enak dr\u017eavi izvora.<\/em><\/p>\n<\/div>\n<div><\/div>\n<div>Prodaja: AS AN d.o.o., Celov\u0161ka cesta 69c, 1000 Ljubljana<\/div>\n","protected":false},"excerpt":{"rendered":"<p>Sestavine: Nerafinirano, nefiltrirano, hladno stiskano mandljevo olje, olje oljne ogr\u0161\u010dice, eteri\u010dno olje cvetov jasmina. Informacija o alergenih: izdelek vsebuje mandelj, linalool. Priporo\u010dena dnevna koli\u010dina in navodila za uporabo: Trikrat dnevno zau\u017eijte eno prilo\u017eeno \u017eli\u010dko (2,5ml) 15 minut pred jedjo. Priporo\u010dena dnevna koli\u010dina vsebuje 4,425ml mandljevega olja, 3ml olja oljne ogr\u0161\u010dice, 0,075 ml eteri\u010dnega olja cvetov [&hellip;]<\/p>\n","protected":false},"featured_media":11064,"template":"","meta":{"site-sidebar-layout":"default","site-content-layout":"default","ast-site-content-layout":"default","site-content-style":"default","site-sidebar-style":"default","ast-global-header-display":"","ast-banner-title-visibility":"","ast-main-header-display":"","ast-hfb-above-header-display":"","ast-hfb-below-header-display":"","ast-hfb-mobile-header-display":"","site-post-title":"","ast-breadcrumbs-content":"","ast-featured-img":"","footer-sml-layout":"","theme-transparent-header-meta":"default","adv-header-id-meta":"","stick-header-meta":"default","header-above-stick-meta":"","header-main-stick-meta":"","header-below-stick-meta":"","astra-migrate-meta-layouts":"default","ast-page-background-enabled":"default","ast-page-background-meta":{"desktop":{"background-color":"","background-image":"","background-repeat":"repeat","background-position":"center center","background-size":"auto","background-attachment":"scroll","background-type":"","background-media":"","overlay-type":"","overlay-color":"","overlay-opacity":"","overlay-gradient":""},"tablet":{"background-color":"","background-image":"","background-repeat":"repeat","background-position":"center center","background-size":"auto","background-attachment":"scroll","background-type":"","background-media":"","overlay-type":"","overlay-color":"","overlay-opacity":"","overlay-gradient":""},"mobile":{"background-color":"","background-image":"","background-repeat":"repeat","background-position":"center center","background-size":"auto","background-attachment":"scroll","background-type":"","background-media":"","overlay-type":"","overlay-color":"","overlay-opacity":"","overlay-gradient":""}},"ast-content-background-meta":{"desktop":{"background-color":"var(--ast-global-color-5)","background-image":"","background-repeat":"repeat","background-position":"center center","background-size":"auto","background-attachment":"scroll","background-type":"","background-media":"","overlay-type":"","overlay-color":"","overlay-opacity":"","overlay-gradient":""},"tablet":{"background-color":"var(--ast-global-color-5)","background-image":"","background-repeat":"repeat","background-position":"center center","background-size":"auto","background-attachment":"scroll","background-type":"","background-media":"","overlay-type":"","overlay-color":"","overlay-opacity":"","overlay-gradient":""},"mobile":{"background-color":"var(--ast-global-color-5)","background-image":"","background-repeat":"repeat","background-position":"center center","background-size":"auto","background-attachment":"scroll","background-type":"","background-media":"","overlay-type":"","overlay-color":"","overlay-opacity":"","overlay-gradient":""}}},"product_brand":[],"product_cat":[19],"product_tag":[],"class_list":{"0":"post-486","1":"product","2":"type-product","3":"status-publish","4":"has-post-thumbnail","6":"product_cat-olja-in-ekstrakti","7":"desktop-align-center","8":"tablet-align-center","9":"mobile-align-center","10":"ast-product-gallery-layout-horizontal","11":"ast-product-gallery-with-no-image","12":"ast-product-tabs-layout-horizontal","14":"first","15":"instock","16":"taxable","17":"shipping-taxable","18":"purchasable","19":"product-type-simple"},"yoast_head":"<!-- This site is optimized with the Yoast SEO plugin v25.7 - https:\/\/yoast.com\/wordpress\/plugins\/seo\/ -->\n<title>OLJE 12 - Spletna trgovina<\/title>\n<meta name=\"robots\" content=\"index, follow, max-snippet:-1, max-image-preview:large, max-video-preview:-1\" \/>\n<link rel=\"canonical\" href=\"https:\/\/www.planetzdravja.com\/trgovina\/izdelek\/olje-12\/\" \/>\n<meta property=\"og:locale\" content=\"sl_SI\" \/>\n<meta property=\"og:type\" content=\"article\" \/>\n<meta property=\"og:title\" content=\"OLJE 12 - Spletna trgovina\" \/>\n<meta property=\"og:description\" content=\"Sestavine: Nerafinirano, nefiltrirano, hladno stiskano mandljevo olje, olje oljne ogr\u0161\u010dice, eteri\u010dno olje cvetov jasmina. Informacija o alergenih: izdelek vsebuje mandelj, linalool. Priporo\u010dena dnevna koli\u010dina in navodila za uporabo: Trikrat dnevno zau\u017eijte eno prilo\u017eeno \u017eli\u010dko (2,5ml) 15 minut pred jedjo. Priporo\u010dena dnevna koli\u010dina vsebuje 4,425ml mandljevega olja, 3ml olja oljne ogr\u0161\u010dice, 0,075 ml eteri\u010dnega olja cvetov [&hellip;]\" \/>\n<meta property=\"og:url\" content=\"https:\/\/www.planetzdravja.com\/trgovina\/izdelek\/olje-12\/\" \/>\n<meta property=\"og:site_name\" content=\"Spletna trgovina\" \/>\n<meta property=\"article:modified_time\" content=\"2026-04-07T05:50:29+00:00\" \/>\n<meta property=\"og:image\" content=\"https:\/\/www.planetzdravja.com\/trgovina\/wp-content\/uploads\/sites\/2\/2024\/03\/kw16yid0zt-olje-12-bottle-with-box-background.png\" \/>\n\t<meta property=\"og:image:width\" content=\"800\" \/>\n\t<meta property=\"og:image:height\" content=\"800\" \/>\n\t<meta property=\"og:image:type\" content=\"image\/png\" \/>\n<meta name=\"twitter:card\" content=\"summary_large_image\" \/>\n<meta name=\"twitter:label1\" content=\"Est. reading time\" \/>\n\t<meta name=\"twitter:data1\" content=\"1 minuta\" \/>\n<script type=\"application\/ld+json\" class=\"yoast-schema-graph\">{\"@context\":\"https:\/\/schema.org\",\"@graph\":[{\"@type\":\"WebPage\",\"@id\":\"https:\/\/www.planetzdravja.com\/trgovina\/izdelek\/olje-12\/\",\"url\":\"https:\/\/www.planetzdravja.com\/trgovina\/izdelek\/olje-12\/\",\"name\":\"OLJE 12 - Spletna trgovina\",\"isPartOf\":{\"@id\":\"https:\/\/www.planetzdravja.com\/trgovina\/#website\"},\"primaryImageOfPage\":{\"@id\":\"https:\/\/www.planetzdravja.com\/trgovina\/izdelek\/olje-12\/#primaryimage\"},\"image\":{\"@id\":\"https:\/\/www.planetzdravja.com\/trgovina\/izdelek\/olje-12\/#primaryimage\"},\"thumbnailUrl\":\"https:\/\/www.planetzdravja.com\/trgovina\/wp-content\/uploads\/sites\/2\/2024\/03\/kw16yid0zt-olje-12-bottle-with-box-background.png\",\"datePublished\":\"2015-06-11T12:53:32+00:00\",\"dateModified\":\"2026-04-07T05:50:29+00:00\",\"breadcrumb\":{\"@id\":\"https:\/\/www.planetzdravja.com\/trgovina\/izdelek\/olje-12\/#breadcrumb\"},\"inLanguage\":\"sl-SI\",\"potentialAction\":[{\"@type\":\"ReadAction\",\"target\":[\"https:\/\/www.planetzdravja.com\/trgovina\/izdelek\/olje-12\/\"]}]},{\"@type\":\"ImageObject\",\"inLanguage\":\"sl-SI\",\"@id\":\"https:\/\/www.planetzdravja.com\/trgovina\/izdelek\/olje-12\/#primaryimage\",\"url\":\"https:\/\/www.planetzdravja.com\/trgovina\/wp-content\/uploads\/sites\/2\/2024\/03\/kw16yid0zt-olje-12-bottle-with-box-background.png\",\"contentUrl\":\"https:\/\/www.planetzdravja.com\/trgovina\/wp-content\/uploads\/sites\/2\/2024\/03\/kw16yid0zt-olje-12-bottle-with-box-background.png\",\"width\":800,\"height\":800},{\"@type\":\"BreadcrumbList\",\"@id\":\"https:\/\/www.planetzdravja.com\/trgovina\/izdelek\/olje-12\/#breadcrumb\",\"itemListElement\":[{\"@type\":\"ListItem\",\"position\":1,\"name\":\"Home\",\"item\":\"https:\/\/www.planetzdravja.com\/trgovina\/\"},{\"@type\":\"ListItem\",\"position\":2,\"name\":\"Izdelki\",\"item\":\"https:\/\/www.planetzdravja.com\/trgovina\/shop\/\"},{\"@type\":\"ListItem\",\"position\":3,\"name\":\"OLJE 12\"}]},{\"@type\":\"WebSite\",\"@id\":\"https:\/\/www.planetzdravja.com\/trgovina\/#website\",\"url\":\"https:\/\/www.planetzdravja.com\/trgovina\/\",\"name\":\"Spletna trgovina\",\"description\":\"Napredna znanost narave\",\"publisher\":{\"@id\":\"https:\/\/www.planetzdravja.com\/trgovina\/#organization\"},\"potentialAction\":[{\"@type\":\"SearchAction\",\"target\":{\"@type\":\"EntryPoint\",\"urlTemplate\":\"https:\/\/www.planetzdravja.com\/trgovina\/?s={search_term_string}\"},\"query-input\":{\"@type\":\"PropertyValueSpecification\",\"valueRequired\":true,\"valueName\":\"search_term_string\"}}],\"inLanguage\":\"sl-SI\"},{\"@type\":\"Organization\",\"@id\":\"https:\/\/www.planetzdravja.com\/trgovina\/#organization\",\"name\":\"Spletna trgovina\",\"url\":\"https:\/\/www.planetzdravja.com\/trgovina\/\",\"logo\":{\"@type\":\"ImageObject\",\"inLanguage\":\"sl-SI\",\"@id\":\"https:\/\/www.planetzdravja.com\/trgovina\/#\/schema\/logo\/image\/\",\"url\":\"https:\/\/www.planetzdravja.com\/trgovina\/wp-content\/uploads\/sites\/2\/2022\/02\/vector-logo-shop-v2-1-1.png\",\"contentUrl\":\"https:\/\/www.planetzdravja.com\/trgovina\/wp-content\/uploads\/sites\/2\/2022\/02\/vector-logo-shop-v2-1-1.png\",\"width\":300,\"height\":68,\"caption\":\"Spletna trgovina\"},\"image\":{\"@id\":\"https:\/\/www.planetzdravja.com\/trgovina\/#\/schema\/logo\/image\/\"}}]}<\/script>\n<!-- \/ Yoast SEO plugin. -->","yoast_head_json":{"title":"OLJE 12 - Spletna trgovina","robots":{"index":"index","follow":"follow","max-snippet":"max-snippet:-1","max-image-preview":"max-image-preview:large","max-video-preview":"max-video-preview:-1"},"canonical":"https:\/\/www.planetzdravja.com\/trgovina\/izdelek\/olje-12\/","og_locale":"sl_SI","og_type":"article","og_title":"OLJE 12 - Spletna trgovina","og_description":"Sestavine: Nerafinirano, nefiltrirano, hladno stiskano mandljevo olje, olje oljne ogr\u0161\u010dice, eteri\u010dno olje cvetov jasmina. Informacija o alergenih: izdelek vsebuje mandelj, linalool. Priporo\u010dena dnevna koli\u010dina in navodila za uporabo: Trikrat dnevno zau\u017eijte eno prilo\u017eeno \u017eli\u010dko (2,5ml) 15 minut pred jedjo. Priporo\u010dena dnevna koli\u010dina vsebuje 4,425ml mandljevega olja, 3ml olja oljne ogr\u0161\u010dice, 0,075 ml eteri\u010dnega olja cvetov [&hellip;]","og_url":"https:\/\/www.planetzdravja.com\/trgovina\/izdelek\/olje-12\/","og_site_name":"Spletna trgovina","article_modified_time":"2026-04-07T05:50:29+00:00","og_image":[{"width":800,"height":800,"url":"https:\/\/www.planetzdravja.com\/trgovina\/wp-content\/uploads\/sites\/2\/2024\/03\/kw16yid0zt-olje-12-bottle-with-box-background.png","type":"image\/png"}],"twitter_card":"summary_large_image","twitter_misc":{"Est. reading time":"1 minuta"},"schema":{"@context":"https:\/\/schema.org","@graph":[{"@type":"WebPage","@id":"https:\/\/www.planetzdravja.com\/trgovina\/izdelek\/olje-12\/","url":"https:\/\/www.planetzdravja.com\/trgovina\/izdelek\/olje-12\/","name":"OLJE 12 - Spletna trgovina","isPartOf":{"@id":"https:\/\/www.planetzdravja.com\/trgovina\/#website"},"primaryImageOfPage":{"@id":"https:\/\/www.planetzdravja.com\/trgovina\/izdelek\/olje-12\/#primaryimage"},"image":{"@id":"https:\/\/www.planetzdravja.com\/trgovina\/izdelek\/olje-12\/#primaryimage"},"thumbnailUrl":"https:\/\/www.planetzdravja.com\/trgovina\/wp-content\/uploads\/sites\/2\/2024\/03\/kw16yid0zt-olje-12-bottle-with-box-background.png","datePublished":"2015-06-11T12:53:32+00:00","dateModified":"2026-04-07T05:50:29+00:00","breadcrumb":{"@id":"https:\/\/www.planetzdravja.com\/trgovina\/izdelek\/olje-12\/#breadcrumb"},"inLanguage":"sl-SI","potentialAction":[{"@type":"ReadAction","target":["https:\/\/www.planetzdravja.com\/trgovina\/izdelek\/olje-12\/"]}]},{"@type":"ImageObject","inLanguage":"sl-SI","@id":"https:\/\/www.planetzdravja.com\/trgovina\/izdelek\/olje-12\/#primaryimage","url":"https:\/\/www.planetzdravja.com\/trgovina\/wp-content\/uploads\/sites\/2\/2024\/03\/kw16yid0zt-olje-12-bottle-with-box-background.png","contentUrl":"https:\/\/www.planetzdravja.com\/trgovina\/wp-content\/uploads\/sites\/2\/2024\/03\/kw16yid0zt-olje-12-bottle-with-box-background.png","width":800,"height":800},{"@type":"BreadcrumbList","@id":"https:\/\/www.planetzdravja.com\/trgovina\/izdelek\/olje-12\/#breadcrumb","itemListElement":[{"@type":"ListItem","position":1,"name":"Home","item":"https:\/\/www.planetzdravja.com\/trgovina\/"},{"@type":"ListItem","position":2,"name":"Izdelki","item":"https:\/\/www.planetzdravja.com\/trgovina\/shop\/"},{"@type":"ListItem","position":3,"name":"OLJE 12"}]},{"@type":"WebSite","@id":"https:\/\/www.planetzdravja.com\/trgovina\/#website","url":"https:\/\/www.planetzdravja.com\/trgovina\/","name":"Spletna trgovina","description":"Napredna znanost narave","publisher":{"@id":"https:\/\/www.planetzdravja.com\/trgovina\/#organization"},"potentialAction":[{"@type":"SearchAction","target":{"@type":"EntryPoint","urlTemplate":"https:\/\/www.planetzdravja.com\/trgovina\/?s={search_term_string}"},"query-input":{"@type":"PropertyValueSpecification","valueRequired":true,"valueName":"search_term_string"}}],"inLanguage":"sl-SI"},{"@type":"Organization","@id":"https:\/\/www.planetzdravja.com\/trgovina\/#organization","name":"Spletna trgovina","url":"https:\/\/www.planetzdravja.com\/trgovina\/","logo":{"@type":"ImageObject","inLanguage":"sl-SI","@id":"https:\/\/www.planetzdravja.com\/trgovina\/#\/schema\/logo\/image\/","url":"https:\/\/www.planetzdravja.com\/trgovina\/wp-content\/uploads\/sites\/2\/2022\/02\/vector-logo-shop-v2-1-1.png","contentUrl":"https:\/\/www.planetzdravja.com\/trgovina\/wp-content\/uploads\/sites\/2\/2022\/02\/vector-logo-shop-v2-1-1.png","width":300,"height":68,"caption":"Spletna trgovina"},"image":{"@id":"https:\/\/www.planetzdravja.com\/trgovina\/#\/schema\/logo\/image\/"}}]}},"lang":"sl","translations":{"sl":486,"en":11400,"hr":13030},"pll_sync_post":[],"_links":{"self":[{"href":"https:\/\/www.planetzdravja.com\/trgovina\/wp-json\/wp\/v2\/product\/486","targetHints":{"allow":["GET"]}}],"collection":[{"href":"https:\/\/www.planetzdravja.com\/trgovina\/wp-json\/wp\/v2\/product"}],"about":[{"href":"https:\/\/www.planetzdravja.com\/trgovina\/wp-json\/wp\/v2\/types\/product"}],"wp:featuredmedia":[{"embeddable":true,"href":"https:\/\/www.planetzdravja.com\/trgovina\/wp-json\/wp\/v2\/media\/11064"}],"wp:attachment":[{"href":"https:\/\/www.planetzdravja.com\/trgovina\/wp-json\/wp\/v2\/media?parent=486"}],"wp:term":[{"taxonomy":"product_brand","embeddable":true,"href":"https:\/\/www.planetzdravja.com\/trgovina\/wp-json\/wp\/v2\/product_brand?post=486"},{"taxonomy":"product_cat","embeddable":true,"href":"https:\/\/www.planetzdravja.com\/trgovina\/wp-json\/wp\/v2\/product_cat?post=486"},{"taxonomy":"product_tag","embeddable":true,"href":"https:\/\/www.planetzdravja.com\/trgovina\/wp-json\/wp\/v2\/product_tag?post=486"}],"curies":[{"name":"wp","href":"https:\/\/api.w.org\/{rel}","templated":true}]}}