{"id":485,"date":"2015-06-11T12:53:32","date_gmt":"2015-06-11T12:53:32","guid":{"rendered":"https:\/\/123shramba.si\/RAZVOJ\/planetzdravja.com\/trgovina\/izdelek\/olje-10\/"},"modified":"2026-04-30T15:24:54","modified_gmt":"2026-04-30T13:24:54","slug":"olje-10","status":"publish","type":"product","link":"https:\/\/www.planetzdravja.com\/trgovina\/izdelek\/olje-10\/","title":{"rendered":"OLJE 10"},"content":{"rendered":"<p><strong>Olje 10 je prehransko dopolnilo. <\/strong>Prehransko dopolnilo ni nadomestilo za uravnote\u017eeno in raznovrstno prehrano ter zdrav na\u010din \u017eivljenja.<\/p>\n<p><strong>Sestavine:<\/strong> <span class=\"im\">Nerafinirano, nefiltrirano, hladno stiskano sojino olje, eteri\u010dno olje iglic macesna, eteri\u010dno olje listov lovorja, eteri\u010dno olje origana*.<br \/>\n*<i>Eteri\u010dno olje origana se uporablja za zdravje \u017eelodca in \u010drevesja.<\/i><\/span><\/p>\n<p><strong>Priporo\u010dena dnevna koli\u010dina in navodila za uporabo: <\/strong>3x dnevno zau\u017eijte eno prilo\u017eeno \u017eli\u010dko (2,5 ml) 15 minut pred jedjo. Priporo\u010dena dnevna koli\u010dina (7,5 ml) vsebuje 7,31 ml sojinega olja, 0,075 ml eteri\u010dnega olja iglic macesna, 0,075 ml eteri\u010dnega olja listov lovorja, 0,038 ml eteri\u010dnega olja origana. Priporo\u010dene dnevne koli\u010dine se ne sme prekora\u010diti.<\/p>\n<p>Hraniti pri sobni temperaturi. Ne izpostavljati direktni son\u010dni svetlobi. Shranjevati nedosegljivo otrokom!<\/p>\n<p>&nbsp;<\/p>\n<p><em>Proizvedeno v Sloveniji. Kraj porekla osnovne sestavine ni enak dr\u017eavi izvora.<\/em><br \/>\n<em>Prodaja: AS AN d.o.o., Celov\u0161ka cesta 69c, 1000 Ljubljana<\/em><\/p>\n","protected":false},"excerpt":{"rendered":"<p>Olje 10 je prehransko dopolnilo. Prehransko dopolnilo ni nadomestilo za uravnote\u017eeno in raznovrstno prehrano ter zdrav na\u010din \u017eivljenja. Sestavine: Nerafinirano, nefiltrirano, hladno stiskano sojino olje, eteri\u010dno olje iglic macesna, eteri\u010dno olje listov lovorja, eteri\u010dno olje origana*. *Eteri\u010dno olje origana se uporablja za zdravje \u017eelodca in \u010drevesja. Priporo\u010dena dnevna koli\u010dina in navodila za uporabo: 3x dnevno [&hellip;]<\/p>\n","protected":false},"featured_media":14013,"template":"","meta":{"site-sidebar-layout":"default","site-content-layout":"default","ast-site-content-layout":"default","site-content-style":"default","site-sidebar-style":"default","ast-global-header-display":"","ast-banner-title-visibility":"","ast-main-header-display":"","ast-hfb-above-header-display":"","ast-hfb-below-header-display":"","ast-hfb-mobile-header-display":"","site-post-title":"","ast-breadcrumbs-content":"","ast-featured-img":"","footer-sml-layout":"","ast-disable-related-posts":"","theme-transparent-header-meta":"default","adv-header-id-meta":"","stick-header-meta":"default","header-above-stick-meta":"","header-main-stick-meta":"","header-below-stick-meta":"","astra-migrate-meta-layouts":"default","ast-page-background-enabled":"default","ast-page-background-meta":{"desktop":{"background-color":"","background-image":"","background-repeat":"repeat","background-position":"center center","background-size":"auto","background-attachment":"scroll","background-type":"","background-media":"","overlay-type":"","overlay-color":"","overlay-opacity":"","overlay-gradient":""},"tablet":{"background-color":"","background-image":"","background-repeat":"repeat","background-position":"center center","background-size":"auto","background-attachment":"scroll","background-type":"","background-media":"","overlay-type":"","overlay-color":"","overlay-opacity":"","overlay-gradient":""},"mobile":{"background-color":"","background-image":"","background-repeat":"repeat","background-position":"center center","background-size":"auto","background-attachment":"scroll","background-type":"","background-media":"","overlay-type":"","overlay-color":"","overlay-opacity":"","overlay-gradient":""}},"ast-content-background-meta":{"desktop":{"background-color":"var(--ast-global-color-5)","background-image":"","background-repeat":"repeat","background-position":"center center","background-size":"auto","background-attachment":"scroll","background-type":"","background-media":"","overlay-type":"","overlay-color":"","overlay-opacity":"","overlay-gradient":""},"tablet":{"background-color":"var(--ast-global-color-5)","background-image":"","background-repeat":"repeat","background-position":"center center","background-size":"auto","background-attachment":"scroll","background-type":"","background-media":"","overlay-type":"","overlay-color":"","overlay-opacity":"","overlay-gradient":""},"mobile":{"background-color":"var(--ast-global-color-5)","background-image":"","background-repeat":"repeat","background-position":"center center","background-size":"auto","background-attachment":"scroll","background-type":"","background-media":"","overlay-type":"","overlay-color":"","overlay-opacity":"","overlay-gradient":""}}},"product_brand":[],"product_cat":[19],"product_tag":[],"class_list":{"0":"post-485","1":"product","2":"type-product","3":"status-publish","4":"has-post-thumbnail","6":"product_cat-olja-in-ekstrakti","7":"desktop-align-center","8":"tablet-align-center","9":"mobile-align-center","10":"ast-product-gallery-layout-horizontal","11":"ast-product-gallery-with-no-image","12":"ast-product-tabs-layout-horizontal","14":"first","15":"onbackorder","16":"taxable","17":"shipping-taxable","18":"purchasable","19":"product-type-simple"},"yoast_head":"<!-- This site is optimized with the Yoast SEO plugin v27.4 - https:\/\/yoast.com\/product\/yoast-seo-wordpress\/ -->\n<title>OLJE 10 - Spletna trgovina<\/title>\n<meta name=\"robots\" content=\"index, follow, max-snippet:-1, max-image-preview:large, max-video-preview:-1\" \/>\n<link rel=\"canonical\" href=\"https:\/\/www.planetzdravja.com\/trgovina\/izdelek\/olje-10\/\" \/>\n<meta property=\"og:locale\" content=\"sl_SI\" \/>\n<meta property=\"og:type\" content=\"article\" \/>\n<meta property=\"og:title\" content=\"OLJE 10 - Spletna trgovina\" \/>\n<meta property=\"og:description\" content=\"Olje 10 je prehransko dopolnilo. Prehransko dopolnilo ni nadomestilo za uravnote\u017eeno in raznovrstno prehrano ter zdrav na\u010din \u017eivljenja. Sestavine: Nerafinirano, nefiltrirano, hladno stiskano sojino olje, eteri\u010dno olje iglic macesna, eteri\u010dno olje listov lovorja, eteri\u010dno olje origana*. *Eteri\u010dno olje origana se uporablja za zdravje \u017eelodca in \u010drevesja. Priporo\u010dena dnevna koli\u010dina in navodila za uporabo: 3x dnevno [&hellip;]\" \/>\n<meta property=\"og:url\" content=\"https:\/\/www.planetzdravja.com\/trgovina\/izdelek\/olje-10\/\" \/>\n<meta property=\"og:site_name\" content=\"Spletna trgovina\" \/>\n<meta property=\"article:modified_time\" content=\"2026-04-30T13:24:54+00:00\" \/>\n<meta property=\"og:image\" content=\"https:\/\/www.planetzdravja.com\/trgovina\/wp-content\/uploads\/sites\/2\/2015\/06\/AS-AN-artikel-EN.jpg\" \/>\n\t<meta property=\"og:image:width\" content=\"800\" \/>\n\t<meta property=\"og:image:height\" content=\"800\" \/>\n\t<meta property=\"og:image:type\" content=\"image\/jpeg\" \/>\n<meta name=\"twitter:card\" content=\"summary_large_image\" \/>\n<meta name=\"twitter:label1\" content=\"Est. reading time\" \/>\n\t<meta name=\"twitter:data1\" content=\"1 minuta\" \/>\n<script type=\"application\/ld+json\" class=\"yoast-schema-graph\">{\"@context\":\"https:\\\/\\\/schema.org\",\"@graph\":[{\"@type\":\"WebPage\",\"@id\":\"https:\\\/\\\/www.planetzdravja.com\\\/trgovina\\\/izdelek\\\/olje-10\\\/\",\"url\":\"https:\\\/\\\/www.planetzdravja.com\\\/trgovina\\\/izdelek\\\/olje-10\\\/\",\"name\":\"OLJE 10 - Spletna trgovina\",\"isPartOf\":{\"@id\":\"https:\\\/\\\/www.planetzdravja.com\\\/trgovina\\\/#website\"},\"primaryImageOfPage\":{\"@id\":\"https:\\\/\\\/www.planetzdravja.com\\\/trgovina\\\/izdelek\\\/olje-10\\\/#primaryimage\"},\"image\":{\"@id\":\"https:\\\/\\\/www.planetzdravja.com\\\/trgovina\\\/izdelek\\\/olje-10\\\/#primaryimage\"},\"thumbnailUrl\":\"https:\\\/\\\/www.planetzdravja.com\\\/trgovina\\\/wp-content\\\/uploads\\\/sites\\\/2\\\/2015\\\/06\\\/AS-AN-artikel-EN.jpg\",\"datePublished\":\"2015-06-11T12:53:32+00:00\",\"dateModified\":\"2026-04-30T13:24:54+00:00\",\"breadcrumb\":{\"@id\":\"https:\\\/\\\/www.planetzdravja.com\\\/trgovina\\\/izdelek\\\/olje-10\\\/#breadcrumb\"},\"inLanguage\":\"sl-SI\",\"potentialAction\":[{\"@type\":\"ReadAction\",\"target\":[\"https:\\\/\\\/www.planetzdravja.com\\\/trgovina\\\/izdelek\\\/olje-10\\\/\"]}]},{\"@type\":\"ImageObject\",\"inLanguage\":\"sl-SI\",\"@id\":\"https:\\\/\\\/www.planetzdravja.com\\\/trgovina\\\/izdelek\\\/olje-10\\\/#primaryimage\",\"url\":\"https:\\\/\\\/www.planetzdravja.com\\\/trgovina\\\/wp-content\\\/uploads\\\/sites\\\/2\\\/2015\\\/06\\\/AS-AN-artikel-EN.jpg\",\"contentUrl\":\"https:\\\/\\\/www.planetzdravja.com\\\/trgovina\\\/wp-content\\\/uploads\\\/sites\\\/2\\\/2015\\\/06\\\/AS-AN-artikel-EN.jpg\",\"width\":800,\"height\":800},{\"@type\":\"BreadcrumbList\",\"@id\":\"https:\\\/\\\/www.planetzdravja.com\\\/trgovina\\\/izdelek\\\/olje-10\\\/#breadcrumb\",\"itemListElement\":[{\"@type\":\"ListItem\",\"position\":1,\"name\":\"Home\",\"item\":\"https:\\\/\\\/www.planetzdravja.com\\\/trgovina\\\/\"},{\"@type\":\"ListItem\",\"position\":2,\"name\":\"Izdelki\",\"item\":\"https:\\\/\\\/www.planetzdravja.com\\\/trgovina\\\/shop\\\/\"},{\"@type\":\"ListItem\",\"position\":3,\"name\":\"OLJE 10\"}]},{\"@type\":\"WebSite\",\"@id\":\"https:\\\/\\\/www.planetzdravja.com\\\/trgovina\\\/#website\",\"url\":\"https:\\\/\\\/www.planetzdravja.com\\\/trgovina\\\/\",\"name\":\"Spletna trgovina\",\"description\":\"Napredna znanost narave\",\"publisher\":{\"@id\":\"https:\\\/\\\/www.planetzdravja.com\\\/trgovina\\\/#organization\"},\"potentialAction\":[{\"@type\":\"SearchAction\",\"target\":{\"@type\":\"EntryPoint\",\"urlTemplate\":\"https:\\\/\\\/www.planetzdravja.com\\\/trgovina\\\/?s={search_term_string}\"},\"query-input\":{\"@type\":\"PropertyValueSpecification\",\"valueRequired\":true,\"valueName\":\"search_term_string\"}}],\"inLanguage\":\"sl-SI\"},{\"@type\":\"Organization\",\"@id\":\"https:\\\/\\\/www.planetzdravja.com\\\/trgovina\\\/#organization\",\"name\":\"Spletna trgovina\",\"url\":\"https:\\\/\\\/www.planetzdravja.com\\\/trgovina\\\/\",\"logo\":{\"@type\":\"ImageObject\",\"inLanguage\":\"sl-SI\",\"@id\":\"https:\\\/\\\/www.planetzdravja.com\\\/trgovina\\\/#\\\/schema\\\/logo\\\/image\\\/\",\"url\":\"https:\\\/\\\/www.planetzdravja.com\\\/trgovina\\\/wp-content\\\/uploads\\\/sites\\\/2\\\/2022\\\/02\\\/vector-logo-shop-v2-1-1.png\",\"contentUrl\":\"https:\\\/\\\/www.planetzdravja.com\\\/trgovina\\\/wp-content\\\/uploads\\\/sites\\\/2\\\/2022\\\/02\\\/vector-logo-shop-v2-1-1.png\",\"width\":300,\"height\":68,\"caption\":\"Spletna trgovina\"},\"image\":{\"@id\":\"https:\\\/\\\/www.planetzdravja.com\\\/trgovina\\\/#\\\/schema\\\/logo\\\/image\\\/\"}}]}<\/script>\n<!-- \/ Yoast SEO plugin. -->","yoast_head_json":{"title":"OLJE 10 - Spletna trgovina","robots":{"index":"index","follow":"follow","max-snippet":"max-snippet:-1","max-image-preview":"max-image-preview:large","max-video-preview":"max-video-preview:-1"},"canonical":"https:\/\/www.planetzdravja.com\/trgovina\/izdelek\/olje-10\/","og_locale":"sl_SI","og_type":"article","og_title":"OLJE 10 - Spletna trgovina","og_description":"Olje 10 je prehransko dopolnilo. Prehransko dopolnilo ni nadomestilo za uravnote\u017eeno in raznovrstno prehrano ter zdrav na\u010din \u017eivljenja. Sestavine: Nerafinirano, nefiltrirano, hladno stiskano sojino olje, eteri\u010dno olje iglic macesna, eteri\u010dno olje listov lovorja, eteri\u010dno olje origana*. *Eteri\u010dno olje origana se uporablja za zdravje \u017eelodca in \u010drevesja. Priporo\u010dena dnevna koli\u010dina in navodila za uporabo: 3x dnevno [&hellip;]","og_url":"https:\/\/www.planetzdravja.com\/trgovina\/izdelek\/olje-10\/","og_site_name":"Spletna trgovina","article_modified_time":"2026-04-30T13:24:54+00:00","og_image":[{"width":800,"height":800,"url":"https:\/\/www.planetzdravja.com\/trgovina\/wp-content\/uploads\/sites\/2\/2015\/06\/AS-AN-artikel-EN.jpg","type":"image\/jpeg"}],"twitter_card":"summary_large_image","twitter_misc":{"Est. reading time":"1 minuta"},"schema":{"@context":"https:\/\/schema.org","@graph":[{"@type":"WebPage","@id":"https:\/\/www.planetzdravja.com\/trgovina\/izdelek\/olje-10\/","url":"https:\/\/www.planetzdravja.com\/trgovina\/izdelek\/olje-10\/","name":"OLJE 10 - Spletna trgovina","isPartOf":{"@id":"https:\/\/www.planetzdravja.com\/trgovina\/#website"},"primaryImageOfPage":{"@id":"https:\/\/www.planetzdravja.com\/trgovina\/izdelek\/olje-10\/#primaryimage"},"image":{"@id":"https:\/\/www.planetzdravja.com\/trgovina\/izdelek\/olje-10\/#primaryimage"},"thumbnailUrl":"https:\/\/www.planetzdravja.com\/trgovina\/wp-content\/uploads\/sites\/2\/2015\/06\/AS-AN-artikel-EN.jpg","datePublished":"2015-06-11T12:53:32+00:00","dateModified":"2026-04-30T13:24:54+00:00","breadcrumb":{"@id":"https:\/\/www.planetzdravja.com\/trgovina\/izdelek\/olje-10\/#breadcrumb"},"inLanguage":"sl-SI","potentialAction":[{"@type":"ReadAction","target":["https:\/\/www.planetzdravja.com\/trgovina\/izdelek\/olje-10\/"]}]},{"@type":"ImageObject","inLanguage":"sl-SI","@id":"https:\/\/www.planetzdravja.com\/trgovina\/izdelek\/olje-10\/#primaryimage","url":"https:\/\/www.planetzdravja.com\/trgovina\/wp-content\/uploads\/sites\/2\/2015\/06\/AS-AN-artikel-EN.jpg","contentUrl":"https:\/\/www.planetzdravja.com\/trgovina\/wp-content\/uploads\/sites\/2\/2015\/06\/AS-AN-artikel-EN.jpg","width":800,"height":800},{"@type":"BreadcrumbList","@id":"https:\/\/www.planetzdravja.com\/trgovina\/izdelek\/olje-10\/#breadcrumb","itemListElement":[{"@type":"ListItem","position":1,"name":"Home","item":"https:\/\/www.planetzdravja.com\/trgovina\/"},{"@type":"ListItem","position":2,"name":"Izdelki","item":"https:\/\/www.planetzdravja.com\/trgovina\/shop\/"},{"@type":"ListItem","position":3,"name":"OLJE 10"}]},{"@type":"WebSite","@id":"https:\/\/www.planetzdravja.com\/trgovina\/#website","url":"https:\/\/www.planetzdravja.com\/trgovina\/","name":"Spletna trgovina","description":"Napredna znanost narave","publisher":{"@id":"https:\/\/www.planetzdravja.com\/trgovina\/#organization"},"potentialAction":[{"@type":"SearchAction","target":{"@type":"EntryPoint","urlTemplate":"https:\/\/www.planetzdravja.com\/trgovina\/?s={search_term_string}"},"query-input":{"@type":"PropertyValueSpecification","valueRequired":true,"valueName":"search_term_string"}}],"inLanguage":"sl-SI"},{"@type":"Organization","@id":"https:\/\/www.planetzdravja.com\/trgovina\/#organization","name":"Spletna trgovina","url":"https:\/\/www.planetzdravja.com\/trgovina\/","logo":{"@type":"ImageObject","inLanguage":"sl-SI","@id":"https:\/\/www.planetzdravja.com\/trgovina\/#\/schema\/logo\/image\/","url":"https:\/\/www.planetzdravja.com\/trgovina\/wp-content\/uploads\/sites\/2\/2022\/02\/vector-logo-shop-v2-1-1.png","contentUrl":"https:\/\/www.planetzdravja.com\/trgovina\/wp-content\/uploads\/sites\/2\/2022\/02\/vector-logo-shop-v2-1-1.png","width":300,"height":68,"caption":"Spletna trgovina"},"image":{"@id":"https:\/\/www.planetzdravja.com\/trgovina\/#\/schema\/logo\/image\/"}}]}},"lang":"sl","translations":{"sl":485,"en":11399,"hr":13028},"pll_sync_post":[],"_links":{"self":[{"href":"https:\/\/www.planetzdravja.com\/trgovina\/wp-json\/wp\/v2\/product\/485","targetHints":{"allow":["GET"]}}],"collection":[{"href":"https:\/\/www.planetzdravja.com\/trgovina\/wp-json\/wp\/v2\/product"}],"about":[{"href":"https:\/\/www.planetzdravja.com\/trgovina\/wp-json\/wp\/v2\/types\/product"}],"wp:featuredmedia":[{"embeddable":true,"href":"https:\/\/www.planetzdravja.com\/trgovina\/wp-json\/wp\/v2\/media\/14013"}],"wp:attachment":[{"href":"https:\/\/www.planetzdravja.com\/trgovina\/wp-json\/wp\/v2\/media?parent=485"}],"wp:term":[{"taxonomy":"product_brand","embeddable":true,"href":"https:\/\/www.planetzdravja.com\/trgovina\/wp-json\/wp\/v2\/product_brand?post=485"},{"taxonomy":"product_cat","embeddable":true,"href":"https:\/\/www.planetzdravja.com\/trgovina\/wp-json\/wp\/v2\/product_cat?post=485"},{"taxonomy":"product_tag","embeddable":true,"href":"https:\/\/www.planetzdravja.com\/trgovina\/wp-json\/wp\/v2\/product_tag?post=485"}],"curies":[{"name":"wp","href":"https:\/\/api.w.org\/{rel}","templated":true}]}}