{"id":3362,"date":"2019-03-18T22:03:12","date_gmt":"2019-03-18T22:03:12","guid":{"rendered":"https:\/\/123shramba.si\/RAZVOJ\/planetzdravja.com\/trgovina\/izdelek\/relax-tonic\/"},"modified":"2025-05-31T06:01:29","modified_gmt":"2025-05-31T06:01:29","slug":"relax-tonic","status":"publish","type":"product","link":"https:\/\/www.planetzdravja.com\/trgovina\/izdelek\/relax-tonic\/","title":{"rendered":"RELAX TONIC"},"content":{"rendered":"<p>Relax tonic\u00a0izbolj\u0161uje izgled ko\u017ee.\u00a0Le dobro in pravilno delujo\u010da ko\u017ea lahko\u00a0opravlja vse svoje funkcije, predvsem obrambno, saj nas varuje pred zunanjimi vplivi vplivi iz okolja.\u00a0Relax tonic ko\u017eo spro\u0161\u010da, izgled ko\u017ee se izbolj\u0161a, prav tako se pove\u010da elasti\u010dnost ko\u017ee. Relax tonic ma\u017eemo po celem telesu. \u017de kmalu po nanosu Relax tonica na ko\u017eo, za\u010dutimo prijetno spro\u0161\u010danje, po\u010dutje se lahko hitro izbolj\u0161a. Relax tonic u\u010dinkovito in naravno: umirja stres, pomirja srbe\u010dico laj\u0161a te\u017eave z izgledom ko\u010de, pomaga pri regeneraciji ko\u017ee, pripomore k hitrej\u0161i regeneraciji in\u00a0delovanju ko\u017ee po te\u017ejih fizi\u010dnih naporih in dalj\u0161i in intenzivni \u0161portni vadbi.<\/p>\n<p>&nbsp;<\/p>\n<p><strong>Sestavine:<\/strong> Voda, eteri\u010dno olje lovorja, eteri\u010dno olje evkaliptusa, eteri\u010dno olje limete, eteri\u010dno olje sivke, PEG 40 hidrogenirano ricinusovo olje, methyl parahydroxybenzonate<\/p>\n<p><strong>Priporo\u010dena uporaba: <\/strong>2 x na dan nama\u017eemo celo telo, tudi obraz in lasi\u0161\u010de<\/p>\n","protected":false},"excerpt":{"rendered":"<p>Relax tonic\u00a0izbolj\u0161uje izgled ko\u017ee.\u00a0Le dobro in pravilno delujo\u010da ko\u017ea lahko\u00a0opravlja vse svoje funkcije, predvsem obrambno, saj nas varuje pred zunanjimi vplivi vplivi iz okolja.\u00a0Relax tonic ko\u017eo spro\u0161\u010da, izgled ko\u017ee se izbolj\u0161a, prav tako se pove\u010da elasti\u010dnost ko\u017ee. Relax tonic ma\u017eemo po celem telesu. \u017de kmalu po nanosu Relax tonica na ko\u017eo, za\u010dutimo prijetno spro\u0161\u010danje, po\u010dutje [&hellip;]<\/p>\n","protected":false},"featured_media":11098,"template":"","meta":{"site-sidebar-layout":"default","site-content-layout":"default","ast-site-content-layout":"default","site-content-style":"default","site-sidebar-style":"default","ast-global-header-display":"","ast-banner-title-visibility":"","ast-main-header-display":"","ast-hfb-above-header-display":"","ast-hfb-below-header-display":"","ast-hfb-mobile-header-display":"","site-post-title":"","ast-breadcrumbs-content":"","ast-featured-img":"","footer-sml-layout":"","theme-transparent-header-meta":"default","adv-header-id-meta":"","stick-header-meta":"default","header-above-stick-meta":"","header-main-stick-meta":"","header-below-stick-meta":"","astra-migrate-meta-layouts":"default","ast-page-background-enabled":"default","ast-page-background-meta":{"desktop":{"background-color":"","background-image":"","background-repeat":"repeat","background-position":"center center","background-size":"auto","background-attachment":"scroll","background-type":"","background-media":"","overlay-type":"","overlay-color":"","overlay-opacity":"","overlay-gradient":""},"tablet":{"background-color":"","background-image":"","background-repeat":"repeat","background-position":"center center","background-size":"auto","background-attachment":"scroll","background-type":"","background-media":"","overlay-type":"","overlay-color":"","overlay-opacity":"","overlay-gradient":""},"mobile":{"background-color":"","background-image":"","background-repeat":"repeat","background-position":"center center","background-size":"auto","background-attachment":"scroll","background-type":"","background-media":"","overlay-type":"","overlay-color":"","overlay-opacity":"","overlay-gradient":""}},"ast-content-background-meta":{"desktop":{"background-color":"var(--ast-global-color-5)","background-image":"","background-repeat":"repeat","background-position":"center center","background-size":"auto","background-attachment":"scroll","background-type":"","background-media":"","overlay-type":"","overlay-color":"","overlay-opacity":"","overlay-gradient":""},"tablet":{"background-color":"var(--ast-global-color-5)","background-image":"","background-repeat":"repeat","background-position":"center center","background-size":"auto","background-attachment":"scroll","background-type":"","background-media":"","overlay-type":"","overlay-color":"","overlay-opacity":"","overlay-gradient":""},"mobile":{"background-color":"var(--ast-global-color-5)","background-image":"","background-repeat":"repeat","background-position":"center center","background-size":"auto","background-attachment":"scroll","background-type":"","background-media":"","overlay-type":"","overlay-color":"","overlay-opacity":"","overlay-gradient":""}}},"product_brand":[],"product_cat":[19],"product_tag":[],"class_list":{"0":"post-3362","1":"product","2":"type-product","3":"status-publish","4":"has-post-thumbnail","6":"product_cat-olja-in-ekstrakti","7":"desktop-align-center","8":"tablet-align-center","9":"mobile-align-center","10":"ast-product-gallery-layout-horizontal","11":"ast-product-gallery-with-no-image","12":"ast-product-tabs-layout-horizontal","14":"first","15":"outofstock","16":"taxable","17":"shipping-taxable","18":"purchasable","19":"product-type-simple"},"yoast_head":"<!-- This site is optimized with the Yoast SEO plugin v25.7 - https:\/\/yoast.com\/wordpress\/plugins\/seo\/ -->\n<title>RELAX TONIC - Spletna trgovina<\/title>\n<meta name=\"description\" content=\"Relax tonic izbolj\u0161uje prekrvavljenost ko\u017ee. Po nana\u0161anju postane ko\u017ea spro\u0161\u010dena in bolj elasti\u010dna. Laj\u0161a srbe\u010dico alergij in ko\u017enih bolezni.\" \/>\n<meta name=\"robots\" content=\"index, follow, max-snippet:-1, max-image-preview:large, max-video-preview:-1\" \/>\n<link rel=\"canonical\" href=\"https:\/\/www.planetzdravja.com\/trgovina\/izdelek\/relax-tonic\/\" \/>\n<meta property=\"og:locale\" content=\"sl_SI\" \/>\n<meta property=\"og:type\" content=\"article\" \/>\n<meta property=\"og:title\" content=\"RELAX TONIC - Spletna trgovina\" \/>\n<meta property=\"og:description\" content=\"Relax tonic izbolj\u0161uje prekrvavljenost ko\u017ee. Po nana\u0161anju postane ko\u017ea spro\u0161\u010dena in bolj elasti\u010dna. Laj\u0161a srbe\u010dico alergij in ko\u017enih bolezni.\" \/>\n<meta property=\"og:url\" content=\"https:\/\/www.planetzdravja.com\/trgovina\/izdelek\/relax-tonic\/\" \/>\n<meta property=\"og:site_name\" content=\"Spletna trgovina\" \/>\n<meta property=\"article:modified_time\" content=\"2025-05-31T06:01:29+00:00\" \/>\n<meta property=\"og:image\" content=\"https:\/\/www.planetzdravja.com\/trgovina\/wp-content\/uploads\/sites\/2\/2024\/03\/mxwa9hxnne-relax-tonic-background.png\" \/>\n\t<meta property=\"og:image:width\" content=\"800\" \/>\n\t<meta property=\"og:image:height\" content=\"800\" \/>\n\t<meta property=\"og:image:type\" content=\"image\/png\" \/>\n<meta name=\"twitter:card\" content=\"summary_large_image\" \/>\n<meta name=\"twitter:label1\" content=\"Est. reading time\" \/>\n\t<meta name=\"twitter:data1\" content=\"1 minuta\" \/>\n<script type=\"application\/ld+json\" class=\"yoast-schema-graph\">{\"@context\":\"https:\/\/schema.org\",\"@graph\":[{\"@type\":\"WebPage\",\"@id\":\"https:\/\/www.planetzdravja.com\/trgovina\/izdelek\/relax-tonic\/\",\"url\":\"https:\/\/www.planetzdravja.com\/trgovina\/izdelek\/relax-tonic\/\",\"name\":\"RELAX TONIC - Spletna trgovina\",\"isPartOf\":{\"@id\":\"https:\/\/www.planetzdravja.com\/trgovina\/#website\"},\"primaryImageOfPage\":{\"@id\":\"https:\/\/www.planetzdravja.com\/trgovina\/izdelek\/relax-tonic\/#primaryimage\"},\"image\":{\"@id\":\"https:\/\/www.planetzdravja.com\/trgovina\/izdelek\/relax-tonic\/#primaryimage\"},\"thumbnailUrl\":\"https:\/\/www.planetzdravja.com\/trgovina\/wp-content\/uploads\/sites\/2\/2024\/03\/mxwa9hxnne-relax-tonic-background.png\",\"datePublished\":\"2019-03-18T22:03:12+00:00\",\"dateModified\":\"2025-05-31T06:01:29+00:00\",\"description\":\"Relax tonic izbolj\u0161uje prekrvavljenost ko\u017ee. Po nana\u0161anju postane ko\u017ea spro\u0161\u010dena in bolj elasti\u010dna. Laj\u0161a srbe\u010dico alergij in ko\u017enih bolezni.\",\"breadcrumb\":{\"@id\":\"https:\/\/www.planetzdravja.com\/trgovina\/izdelek\/relax-tonic\/#breadcrumb\"},\"inLanguage\":\"sl-SI\",\"potentialAction\":[{\"@type\":\"ReadAction\",\"target\":[\"https:\/\/www.planetzdravja.com\/trgovina\/izdelek\/relax-tonic\/\"]}]},{\"@type\":\"ImageObject\",\"inLanguage\":\"sl-SI\",\"@id\":\"https:\/\/www.planetzdravja.com\/trgovina\/izdelek\/relax-tonic\/#primaryimage\",\"url\":\"https:\/\/www.planetzdravja.com\/trgovina\/wp-content\/uploads\/sites\/2\/2024\/03\/mxwa9hxnne-relax-tonic-background.png\",\"contentUrl\":\"https:\/\/www.planetzdravja.com\/trgovina\/wp-content\/uploads\/sites\/2\/2024\/03\/mxwa9hxnne-relax-tonic-background.png\",\"width\":800,\"height\":800},{\"@type\":\"BreadcrumbList\",\"@id\":\"https:\/\/www.planetzdravja.com\/trgovina\/izdelek\/relax-tonic\/#breadcrumb\",\"itemListElement\":[{\"@type\":\"ListItem\",\"position\":1,\"name\":\"Home\",\"item\":\"https:\/\/www.planetzdravja.com\/trgovina\/\"},{\"@type\":\"ListItem\",\"position\":2,\"name\":\"Izdelki\",\"item\":\"https:\/\/www.planetzdravja.com\/trgovina\/shop\/\"},{\"@type\":\"ListItem\",\"position\":3,\"name\":\"RELAX TONIC\"}]},{\"@type\":\"WebSite\",\"@id\":\"https:\/\/www.planetzdravja.com\/trgovina\/#website\",\"url\":\"https:\/\/www.planetzdravja.com\/trgovina\/\",\"name\":\"Spletna trgovina\",\"description\":\"Napredna znanost narave\",\"publisher\":{\"@id\":\"https:\/\/www.planetzdravja.com\/trgovina\/#organization\"},\"potentialAction\":[{\"@type\":\"SearchAction\",\"target\":{\"@type\":\"EntryPoint\",\"urlTemplate\":\"https:\/\/www.planetzdravja.com\/trgovina\/?s={search_term_string}\"},\"query-input\":{\"@type\":\"PropertyValueSpecification\",\"valueRequired\":true,\"valueName\":\"search_term_string\"}}],\"inLanguage\":\"sl-SI\"},{\"@type\":\"Organization\",\"@id\":\"https:\/\/www.planetzdravja.com\/trgovina\/#organization\",\"name\":\"Spletna trgovina\",\"url\":\"https:\/\/www.planetzdravja.com\/trgovina\/\",\"logo\":{\"@type\":\"ImageObject\",\"inLanguage\":\"sl-SI\",\"@id\":\"https:\/\/www.planetzdravja.com\/trgovina\/#\/schema\/logo\/image\/\",\"url\":\"https:\/\/www.planetzdravja.com\/trgovina\/wp-content\/uploads\/sites\/2\/2022\/02\/vector-logo-shop-v2-1-1.png\",\"contentUrl\":\"https:\/\/www.planetzdravja.com\/trgovina\/wp-content\/uploads\/sites\/2\/2022\/02\/vector-logo-shop-v2-1-1.png\",\"width\":300,\"height\":68,\"caption\":\"Spletna trgovina\"},\"image\":{\"@id\":\"https:\/\/www.planetzdravja.com\/trgovina\/#\/schema\/logo\/image\/\"}}]}<\/script>\n<!-- \/ Yoast SEO plugin. -->","yoast_head_json":{"title":"RELAX TONIC - Spletna trgovina","description":"Relax tonic izbolj\u0161uje prekrvavljenost ko\u017ee. Po nana\u0161anju postane ko\u017ea spro\u0161\u010dena in bolj elasti\u010dna. Laj\u0161a srbe\u010dico alergij in ko\u017enih bolezni.","robots":{"index":"index","follow":"follow","max-snippet":"max-snippet:-1","max-image-preview":"max-image-preview:large","max-video-preview":"max-video-preview:-1"},"canonical":"https:\/\/www.planetzdravja.com\/trgovina\/izdelek\/relax-tonic\/","og_locale":"sl_SI","og_type":"article","og_title":"RELAX TONIC - Spletna trgovina","og_description":"Relax tonic izbolj\u0161uje prekrvavljenost ko\u017ee. Po nana\u0161anju postane ko\u017ea spro\u0161\u010dena in bolj elasti\u010dna. Laj\u0161a srbe\u010dico alergij in ko\u017enih bolezni.","og_url":"https:\/\/www.planetzdravja.com\/trgovina\/izdelek\/relax-tonic\/","og_site_name":"Spletna trgovina","article_modified_time":"2025-05-31T06:01:29+00:00","og_image":[{"width":800,"height":800,"url":"https:\/\/www.planetzdravja.com\/trgovina\/wp-content\/uploads\/sites\/2\/2024\/03\/mxwa9hxnne-relax-tonic-background.png","type":"image\/png"}],"twitter_card":"summary_large_image","twitter_misc":{"Est. reading time":"1 minuta"},"schema":{"@context":"https:\/\/schema.org","@graph":[{"@type":"WebPage","@id":"https:\/\/www.planetzdravja.com\/trgovina\/izdelek\/relax-tonic\/","url":"https:\/\/www.planetzdravja.com\/trgovina\/izdelek\/relax-tonic\/","name":"RELAX TONIC - Spletna trgovina","isPartOf":{"@id":"https:\/\/www.planetzdravja.com\/trgovina\/#website"},"primaryImageOfPage":{"@id":"https:\/\/www.planetzdravja.com\/trgovina\/izdelek\/relax-tonic\/#primaryimage"},"image":{"@id":"https:\/\/www.planetzdravja.com\/trgovina\/izdelek\/relax-tonic\/#primaryimage"},"thumbnailUrl":"https:\/\/www.planetzdravja.com\/trgovina\/wp-content\/uploads\/sites\/2\/2024\/03\/mxwa9hxnne-relax-tonic-background.png","datePublished":"2019-03-18T22:03:12+00:00","dateModified":"2025-05-31T06:01:29+00:00","description":"Relax tonic izbolj\u0161uje prekrvavljenost ko\u017ee. Po nana\u0161anju postane ko\u017ea spro\u0161\u010dena in bolj elasti\u010dna. Laj\u0161a srbe\u010dico alergij in ko\u017enih bolezni.","breadcrumb":{"@id":"https:\/\/www.planetzdravja.com\/trgovina\/izdelek\/relax-tonic\/#breadcrumb"},"inLanguage":"sl-SI","potentialAction":[{"@type":"ReadAction","target":["https:\/\/www.planetzdravja.com\/trgovina\/izdelek\/relax-tonic\/"]}]},{"@type":"ImageObject","inLanguage":"sl-SI","@id":"https:\/\/www.planetzdravja.com\/trgovina\/izdelek\/relax-tonic\/#primaryimage","url":"https:\/\/www.planetzdravja.com\/trgovina\/wp-content\/uploads\/sites\/2\/2024\/03\/mxwa9hxnne-relax-tonic-background.png","contentUrl":"https:\/\/www.planetzdravja.com\/trgovina\/wp-content\/uploads\/sites\/2\/2024\/03\/mxwa9hxnne-relax-tonic-background.png","width":800,"height":800},{"@type":"BreadcrumbList","@id":"https:\/\/www.planetzdravja.com\/trgovina\/izdelek\/relax-tonic\/#breadcrumb","itemListElement":[{"@type":"ListItem","position":1,"name":"Home","item":"https:\/\/www.planetzdravja.com\/trgovina\/"},{"@type":"ListItem","position":2,"name":"Izdelki","item":"https:\/\/www.planetzdravja.com\/trgovina\/shop\/"},{"@type":"ListItem","position":3,"name":"RELAX TONIC"}]},{"@type":"WebSite","@id":"https:\/\/www.planetzdravja.com\/trgovina\/#website","url":"https:\/\/www.planetzdravja.com\/trgovina\/","name":"Spletna trgovina","description":"Napredna znanost narave","publisher":{"@id":"https:\/\/www.planetzdravja.com\/trgovina\/#organization"},"potentialAction":[{"@type":"SearchAction","target":{"@type":"EntryPoint","urlTemplate":"https:\/\/www.planetzdravja.com\/trgovina\/?s={search_term_string}"},"query-input":{"@type":"PropertyValueSpecification","valueRequired":true,"valueName":"search_term_string"}}],"inLanguage":"sl-SI"},{"@type":"Organization","@id":"https:\/\/www.planetzdravja.com\/trgovina\/#organization","name":"Spletna trgovina","url":"https:\/\/www.planetzdravja.com\/trgovina\/","logo":{"@type":"ImageObject","inLanguage":"sl-SI","@id":"https:\/\/www.planetzdravja.com\/trgovina\/#\/schema\/logo\/image\/","url":"https:\/\/www.planetzdravja.com\/trgovina\/wp-content\/uploads\/sites\/2\/2022\/02\/vector-logo-shop-v2-1-1.png","contentUrl":"https:\/\/www.planetzdravja.com\/trgovina\/wp-content\/uploads\/sites\/2\/2022\/02\/vector-logo-shop-v2-1-1.png","width":300,"height":68,"caption":"Spletna trgovina"},"image":{"@id":"https:\/\/www.planetzdravja.com\/trgovina\/#\/schema\/logo\/image\/"}}]}},"lang":"sl","translations":{"sl":3362,"en":11364,"hr":13015},"pll_sync_post":[],"_links":{"self":[{"href":"https:\/\/www.planetzdravja.com\/trgovina\/wp-json\/wp\/v2\/product\/3362","targetHints":{"allow":["GET"]}}],"collection":[{"href":"https:\/\/www.planetzdravja.com\/trgovina\/wp-json\/wp\/v2\/product"}],"about":[{"href":"https:\/\/www.planetzdravja.com\/trgovina\/wp-json\/wp\/v2\/types\/product"}],"wp:featuredmedia":[{"embeddable":true,"href":"https:\/\/www.planetzdravja.com\/trgovina\/wp-json\/wp\/v2\/media\/11098"}],"wp:attachment":[{"href":"https:\/\/www.planetzdravja.com\/trgovina\/wp-json\/wp\/v2\/media?parent=3362"}],"wp:term":[{"taxonomy":"product_brand","embeddable":true,"href":"https:\/\/www.planetzdravja.com\/trgovina\/wp-json\/wp\/v2\/product_brand?post=3362"},{"taxonomy":"product_cat","embeddable":true,"href":"https:\/\/www.planetzdravja.com\/trgovina\/wp-json\/wp\/v2\/product_cat?post=3362"},{"taxonomy":"product_tag","embeddable":true,"href":"https:\/\/www.planetzdravja.com\/trgovina\/wp-json\/wp\/v2\/product_tag?post=3362"}],"curies":[{"name":"wp","href":"https:\/\/api.w.org\/{rel}","templated":true}]}}