{"id":13183,"date":"2024-10-03T13:27:32","date_gmt":"2024-10-03T13:27:32","guid":{"rendered":"https:\/\/www.planetzdravja.com\/trgovina\/?post_type=product&#038;p=13183"},"modified":"2026-03-14T20:23:37","modified_gmt":"2026-03-14T19:23:37","slug":"olje-14","status":"publish","type":"product","link":"https:\/\/www.planetzdravja.com\/trgovina\/izdelek\/olje-14\/","title":{"rendered":"OLJE 14"},"content":{"rendered":"<ul>\n<li><strong>Sestavine:<\/strong> Nerafinirano, nefiltrirano, hladno stiskano olje iz semen maka, eteri\u010dno olje cimeta.<\/li>\n<li><strong>Priporo\u010dena dnevna koli\u010dina in navodila za uporabo:<\/strong> Trikrat dnevno zau\u017eijte eno prilo\u017eeno \u017eli\u010dko (2,5ml) 15 minut pred jedjo. Priporo\u010dena dnevna koli\u010dina vsebuje 7,425ml makovega olja, 0,075ml eteri\u010dnega olja cimeta. Priporo\u010dene dnevne koli\u010dine se ne sme prekora\u010diti.<\/li>\n<li><strong>Neto koli\u010dina:<\/strong> 100ml<\/li>\n<li><strong>Hraniti<\/strong> pri sobni temperaturi. Ne izpostavljati direktni son\u010dni svetlobi. Shranjevati nedosegljivo otrokom!<\/li>\n<\/ul>\n<div><\/div>\n<div>\n<p>Prehransko dopolnilo. Prehransko dopolnilo ni nadomestilo za uravnote\u017eeno in raznovrstno prehrano.<\/p>\n<p><em>Proizvedeno v Sloveniji. Kraj porekla osnovne sestavine ni enak dr\u017eavi izvora.<\/em><\/p>\n<\/div>\n<div><\/div>\n<div>Prodaja: AS AN d.o.o., Celov\u0161ka cesta 69c, 1000 Ljubljana<\/div>\n","protected":false},"excerpt":{"rendered":"<p>Sestavine: Nerafinirano, nefiltrirano, hladno stiskano olje iz semen maka, eteri\u010dno olje cimeta. Priporo\u010dena dnevna koli\u010dina in navodila za uporabo: Trikrat dnevno zau\u017eijte eno prilo\u017eeno \u017eli\u010dko (2,5ml) 15 minut pred jedjo. Priporo\u010dena dnevna koli\u010dina vsebuje 7,425ml makovega olja, 0,075ml eteri\u010dnega olja cimeta. Priporo\u010dene dnevne koli\u010dine se ne sme prekora\u010diti. Neto koli\u010dina: 100ml Hraniti pri sobni temperaturi. [&hellip;]<\/p>\n","protected":false},"featured_media":11065,"template":"","meta":{"site-sidebar-layout":"default","site-content-layout":"default","ast-site-content-layout":"default","site-content-style":"default","site-sidebar-style":"default","ast-global-header-display":"","ast-banner-title-visibility":"","ast-main-header-display":"","ast-hfb-above-header-display":"","ast-hfb-below-header-display":"","ast-hfb-mobile-header-display":"","site-post-title":"","ast-breadcrumbs-content":"","ast-featured-img":"","footer-sml-layout":"","ast-disable-related-posts":"","theme-transparent-header-meta":"default","adv-header-id-meta":"","stick-header-meta":"default","header-above-stick-meta":"","header-main-stick-meta":"","header-below-stick-meta":"","astra-migrate-meta-layouts":"default","ast-page-background-enabled":"default","ast-page-background-meta":{"desktop":{"background-color":"","background-image":"","background-repeat":"repeat","background-position":"center center","background-size":"auto","background-attachment":"scroll","background-type":"","background-media":"","overlay-type":"","overlay-color":"","overlay-opacity":"","overlay-gradient":""},"tablet":{"background-color":"","background-image":"","background-repeat":"repeat","background-position":"center center","background-size":"auto","background-attachment":"scroll","background-type":"","background-media":"","overlay-type":"","overlay-color":"","overlay-opacity":"","overlay-gradient":""},"mobile":{"background-color":"","background-image":"","background-repeat":"repeat","background-position":"center center","background-size":"auto","background-attachment":"scroll","background-type":"","background-media":"","overlay-type":"","overlay-color":"","overlay-opacity":"","overlay-gradient":""}},"ast-content-background-meta":{"desktop":{"background-color":"var(--ast-global-color-5)","background-image":"","background-repeat":"repeat","background-position":"center center","background-size":"auto","background-attachment":"scroll","background-type":"","background-media":"","overlay-type":"","overlay-color":"","overlay-opacity":"","overlay-gradient":""},"tablet":{"background-color":"var(--ast-global-color-5)","background-image":"","background-repeat":"repeat","background-position":"center center","background-size":"auto","background-attachment":"scroll","background-type":"","background-media":"","overlay-type":"","overlay-color":"","overlay-opacity":"","overlay-gradient":""},"mobile":{"background-color":"var(--ast-global-color-5)","background-image":"","background-repeat":"repeat","background-position":"center center","background-size":"auto","background-attachment":"scroll","background-type":"","background-media":"","overlay-type":"","overlay-color":"","overlay-opacity":"","overlay-gradient":""}}},"product_brand":[],"product_cat":[19],"product_tag":[],"class_list":{"0":"post-13183","1":"product","2":"type-product","3":"status-publish","4":"has-post-thumbnail","6":"product_cat-olja-in-ekstrakti","7":"desktop-align-center","8":"tablet-align-center","9":"mobile-align-center","10":"ast-product-gallery-layout-horizontal","11":"ast-product-gallery-with-no-image","12":"ast-product-tabs-layout-horizontal","14":"first","15":"onbackorder","16":"taxable","17":"shipping-taxable","18":"purchasable","19":"product-type-simple"},"yoast_head":"<!-- This site is optimized with the Yoast SEO plugin v27.4 - https:\/\/yoast.com\/product\/yoast-seo-wordpress\/ -->\n<title>OLJE 14 - Spletna trgovina<\/title>\n<meta name=\"robots\" content=\"index, follow, max-snippet:-1, max-image-preview:large, max-video-preview:-1\" \/>\n<link rel=\"canonical\" href=\"https:\/\/www.planetzdravja.com\/trgovina\/izdelek\/olje-14\/\" \/>\n<meta property=\"og:locale\" content=\"sl_SI\" \/>\n<meta property=\"og:type\" content=\"article\" \/>\n<meta property=\"og:title\" content=\"OLJE 14 - Spletna trgovina\" \/>\n<meta property=\"og:description\" content=\"Sestavine: Nerafinirano, nefiltrirano, hladno stiskano olje iz semen maka, eteri\u010dno olje cimeta. Priporo\u010dena dnevna koli\u010dina in navodila za uporabo: Trikrat dnevno zau\u017eijte eno prilo\u017eeno \u017eli\u010dko (2,5ml) 15 minut pred jedjo. Priporo\u010dena dnevna koli\u010dina vsebuje 7,425ml makovega olja, 0,075ml eteri\u010dnega olja cimeta. Priporo\u010dene dnevne koli\u010dine se ne sme prekora\u010diti. Neto koli\u010dina: 100ml Hraniti pri sobni temperaturi. [&hellip;]\" \/>\n<meta property=\"og:url\" content=\"https:\/\/www.planetzdravja.com\/trgovina\/izdelek\/olje-14\/\" \/>\n<meta property=\"og:site_name\" content=\"Spletna trgovina\" \/>\n<meta property=\"article:modified_time\" content=\"2026-03-14T19:23:37+00:00\" \/>\n<meta property=\"og:image\" content=\"https:\/\/www.planetzdravja.com\/trgovina\/wp-content\/uploads\/sites\/2\/2024\/03\/v9qx9jnfm7-olje-14-bottle-with-box-background.png\" \/>\n\t<meta property=\"og:image:width\" content=\"800\" \/>\n\t<meta property=\"og:image:height\" content=\"800\" \/>\n\t<meta property=\"og:image:type\" content=\"image\/png\" \/>\n<meta name=\"twitter:card\" content=\"summary_large_image\" \/>\n<meta name=\"twitter:label1\" content=\"Est. reading time\" \/>\n\t<meta name=\"twitter:data1\" content=\"1 minuta\" \/>\n<script type=\"application\/ld+json\" class=\"yoast-schema-graph\">{\"@context\":\"https:\\\/\\\/schema.org\",\"@graph\":[{\"@type\":\"WebPage\",\"@id\":\"https:\\\/\\\/www.planetzdravja.com\\\/trgovina\\\/izdelek\\\/olje-14\\\/\",\"url\":\"https:\\\/\\\/www.planetzdravja.com\\\/trgovina\\\/izdelek\\\/olje-14\\\/\",\"name\":\"OLJE 14 - Spletna trgovina\",\"isPartOf\":{\"@id\":\"https:\\\/\\\/www.planetzdravja.com\\\/trgovina\\\/#website\"},\"primaryImageOfPage\":{\"@id\":\"https:\\\/\\\/www.planetzdravja.com\\\/trgovina\\\/izdelek\\\/olje-14\\\/#primaryimage\"},\"image\":{\"@id\":\"https:\\\/\\\/www.planetzdravja.com\\\/trgovina\\\/izdelek\\\/olje-14\\\/#primaryimage\"},\"thumbnailUrl\":\"https:\\\/\\\/www.planetzdravja.com\\\/trgovina\\\/wp-content\\\/uploads\\\/sites\\\/2\\\/2024\\\/03\\\/v9qx9jnfm7-olje-14-bottle-with-box-background.png\",\"datePublished\":\"2024-10-03T13:27:32+00:00\",\"dateModified\":\"2026-03-14T19:23:37+00:00\",\"breadcrumb\":{\"@id\":\"https:\\\/\\\/www.planetzdravja.com\\\/trgovina\\\/izdelek\\\/olje-14\\\/#breadcrumb\"},\"inLanguage\":\"sl-SI\",\"potentialAction\":[{\"@type\":\"ReadAction\",\"target\":[\"https:\\\/\\\/www.planetzdravja.com\\\/trgovina\\\/izdelek\\\/olje-14\\\/\"]}]},{\"@type\":\"ImageObject\",\"inLanguage\":\"sl-SI\",\"@id\":\"https:\\\/\\\/www.planetzdravja.com\\\/trgovina\\\/izdelek\\\/olje-14\\\/#primaryimage\",\"url\":\"https:\\\/\\\/www.planetzdravja.com\\\/trgovina\\\/wp-content\\\/uploads\\\/sites\\\/2\\\/2024\\\/03\\\/v9qx9jnfm7-olje-14-bottle-with-box-background.png\",\"contentUrl\":\"https:\\\/\\\/www.planetzdravja.com\\\/trgovina\\\/wp-content\\\/uploads\\\/sites\\\/2\\\/2024\\\/03\\\/v9qx9jnfm7-olje-14-bottle-with-box-background.png\",\"width\":800,\"height\":800},{\"@type\":\"BreadcrumbList\",\"@id\":\"https:\\\/\\\/www.planetzdravja.com\\\/trgovina\\\/izdelek\\\/olje-14\\\/#breadcrumb\",\"itemListElement\":[{\"@type\":\"ListItem\",\"position\":1,\"name\":\"Home\",\"item\":\"https:\\\/\\\/www.planetzdravja.com\\\/trgovina\\\/\"},{\"@type\":\"ListItem\",\"position\":2,\"name\":\"Izdelki\",\"item\":\"https:\\\/\\\/www.planetzdravja.com\\\/trgovina\\\/shop\\\/\"},{\"@type\":\"ListItem\",\"position\":3,\"name\":\"OLJE 14\"}]},{\"@type\":\"WebSite\",\"@id\":\"https:\\\/\\\/www.planetzdravja.com\\\/trgovina\\\/#website\",\"url\":\"https:\\\/\\\/www.planetzdravja.com\\\/trgovina\\\/\",\"name\":\"Spletna trgovina\",\"description\":\"Napredna znanost narave\",\"publisher\":{\"@id\":\"https:\\\/\\\/www.planetzdravja.com\\\/trgovina\\\/#organization\"},\"potentialAction\":[{\"@type\":\"SearchAction\",\"target\":{\"@type\":\"EntryPoint\",\"urlTemplate\":\"https:\\\/\\\/www.planetzdravja.com\\\/trgovina\\\/?s={search_term_string}\"},\"query-input\":{\"@type\":\"PropertyValueSpecification\",\"valueRequired\":true,\"valueName\":\"search_term_string\"}}],\"inLanguage\":\"sl-SI\"},{\"@type\":\"Organization\",\"@id\":\"https:\\\/\\\/www.planetzdravja.com\\\/trgovina\\\/#organization\",\"name\":\"Spletna trgovina\",\"url\":\"https:\\\/\\\/www.planetzdravja.com\\\/trgovina\\\/\",\"logo\":{\"@type\":\"ImageObject\",\"inLanguage\":\"sl-SI\",\"@id\":\"https:\\\/\\\/www.planetzdravja.com\\\/trgovina\\\/#\\\/schema\\\/logo\\\/image\\\/\",\"url\":\"https:\\\/\\\/www.planetzdravja.com\\\/trgovina\\\/wp-content\\\/uploads\\\/sites\\\/2\\\/2022\\\/02\\\/vector-logo-shop-v2-1-1.png\",\"contentUrl\":\"https:\\\/\\\/www.planetzdravja.com\\\/trgovina\\\/wp-content\\\/uploads\\\/sites\\\/2\\\/2022\\\/02\\\/vector-logo-shop-v2-1-1.png\",\"width\":300,\"height\":68,\"caption\":\"Spletna trgovina\"},\"image\":{\"@id\":\"https:\\\/\\\/www.planetzdravja.com\\\/trgovina\\\/#\\\/schema\\\/logo\\\/image\\\/\"}}]}<\/script>\n<!-- \/ Yoast SEO plugin. -->","yoast_head_json":{"title":"OLJE 14 - Spletna trgovina","robots":{"index":"index","follow":"follow","max-snippet":"max-snippet:-1","max-image-preview":"max-image-preview:large","max-video-preview":"max-video-preview:-1"},"canonical":"https:\/\/www.planetzdravja.com\/trgovina\/izdelek\/olje-14\/","og_locale":"sl_SI","og_type":"article","og_title":"OLJE 14 - Spletna trgovina","og_description":"Sestavine: Nerafinirano, nefiltrirano, hladno stiskano olje iz semen maka, eteri\u010dno olje cimeta. Priporo\u010dena dnevna koli\u010dina in navodila za uporabo: Trikrat dnevno zau\u017eijte eno prilo\u017eeno \u017eli\u010dko (2,5ml) 15 minut pred jedjo. Priporo\u010dena dnevna koli\u010dina vsebuje 7,425ml makovega olja, 0,075ml eteri\u010dnega olja cimeta. Priporo\u010dene dnevne koli\u010dine se ne sme prekora\u010diti. Neto koli\u010dina: 100ml Hraniti pri sobni temperaturi. [&hellip;]","og_url":"https:\/\/www.planetzdravja.com\/trgovina\/izdelek\/olje-14\/","og_site_name":"Spletna trgovina","article_modified_time":"2026-03-14T19:23:37+00:00","og_image":[{"width":800,"height":800,"url":"https:\/\/www.planetzdravja.com\/trgovina\/wp-content\/uploads\/sites\/2\/2024\/03\/v9qx9jnfm7-olje-14-bottle-with-box-background.png","type":"image\/png"}],"twitter_card":"summary_large_image","twitter_misc":{"Est. reading time":"1 minuta"},"schema":{"@context":"https:\/\/schema.org","@graph":[{"@type":"WebPage","@id":"https:\/\/www.planetzdravja.com\/trgovina\/izdelek\/olje-14\/","url":"https:\/\/www.planetzdravja.com\/trgovina\/izdelek\/olje-14\/","name":"OLJE 14 - Spletna trgovina","isPartOf":{"@id":"https:\/\/www.planetzdravja.com\/trgovina\/#website"},"primaryImageOfPage":{"@id":"https:\/\/www.planetzdravja.com\/trgovina\/izdelek\/olje-14\/#primaryimage"},"image":{"@id":"https:\/\/www.planetzdravja.com\/trgovina\/izdelek\/olje-14\/#primaryimage"},"thumbnailUrl":"https:\/\/www.planetzdravja.com\/trgovina\/wp-content\/uploads\/sites\/2\/2024\/03\/v9qx9jnfm7-olje-14-bottle-with-box-background.png","datePublished":"2024-10-03T13:27:32+00:00","dateModified":"2026-03-14T19:23:37+00:00","breadcrumb":{"@id":"https:\/\/www.planetzdravja.com\/trgovina\/izdelek\/olje-14\/#breadcrumb"},"inLanguage":"sl-SI","potentialAction":[{"@type":"ReadAction","target":["https:\/\/www.planetzdravja.com\/trgovina\/izdelek\/olje-14\/"]}]},{"@type":"ImageObject","inLanguage":"sl-SI","@id":"https:\/\/www.planetzdravja.com\/trgovina\/izdelek\/olje-14\/#primaryimage","url":"https:\/\/www.planetzdravja.com\/trgovina\/wp-content\/uploads\/sites\/2\/2024\/03\/v9qx9jnfm7-olje-14-bottle-with-box-background.png","contentUrl":"https:\/\/www.planetzdravja.com\/trgovina\/wp-content\/uploads\/sites\/2\/2024\/03\/v9qx9jnfm7-olje-14-bottle-with-box-background.png","width":800,"height":800},{"@type":"BreadcrumbList","@id":"https:\/\/www.planetzdravja.com\/trgovina\/izdelek\/olje-14\/#breadcrumb","itemListElement":[{"@type":"ListItem","position":1,"name":"Home","item":"https:\/\/www.planetzdravja.com\/trgovina\/"},{"@type":"ListItem","position":2,"name":"Izdelki","item":"https:\/\/www.planetzdravja.com\/trgovina\/shop\/"},{"@type":"ListItem","position":3,"name":"OLJE 14"}]},{"@type":"WebSite","@id":"https:\/\/www.planetzdravja.com\/trgovina\/#website","url":"https:\/\/www.planetzdravja.com\/trgovina\/","name":"Spletna trgovina","description":"Napredna znanost narave","publisher":{"@id":"https:\/\/www.planetzdravja.com\/trgovina\/#organization"},"potentialAction":[{"@type":"SearchAction","target":{"@type":"EntryPoint","urlTemplate":"https:\/\/www.planetzdravja.com\/trgovina\/?s={search_term_string}"},"query-input":{"@type":"PropertyValueSpecification","valueRequired":true,"valueName":"search_term_string"}}],"inLanguage":"sl-SI"},{"@type":"Organization","@id":"https:\/\/www.planetzdravja.com\/trgovina\/#organization","name":"Spletna trgovina","url":"https:\/\/www.planetzdravja.com\/trgovina\/","logo":{"@type":"ImageObject","inLanguage":"sl-SI","@id":"https:\/\/www.planetzdravja.com\/trgovina\/#\/schema\/logo\/image\/","url":"https:\/\/www.planetzdravja.com\/trgovina\/wp-content\/uploads\/sites\/2\/2022\/02\/vector-logo-shop-v2-1-1.png","contentUrl":"https:\/\/www.planetzdravja.com\/trgovina\/wp-content\/uploads\/sites\/2\/2022\/02\/vector-logo-shop-v2-1-1.png","width":300,"height":68,"caption":"Spletna trgovina"},"image":{"@id":"https:\/\/www.planetzdravja.com\/trgovina\/#\/schema\/logo\/image\/"}}]}},"lang":"sl","translations":{"sl":13183},"pll_sync_post":[],"_links":{"self":[{"href":"https:\/\/www.planetzdravja.com\/trgovina\/wp-json\/wp\/v2\/product\/13183","targetHints":{"allow":["GET"]}}],"collection":[{"href":"https:\/\/www.planetzdravja.com\/trgovina\/wp-json\/wp\/v2\/product"}],"about":[{"href":"https:\/\/www.planetzdravja.com\/trgovina\/wp-json\/wp\/v2\/types\/product"}],"wp:featuredmedia":[{"embeddable":true,"href":"https:\/\/www.planetzdravja.com\/trgovina\/wp-json\/wp\/v2\/media\/11065"}],"wp:attachment":[{"href":"https:\/\/www.planetzdravja.com\/trgovina\/wp-json\/wp\/v2\/media?parent=13183"}],"wp:term":[{"taxonomy":"product_brand","embeddable":true,"href":"https:\/\/www.planetzdravja.com\/trgovina\/wp-json\/wp\/v2\/product_brand?post=13183"},{"taxonomy":"product_cat","embeddable":true,"href":"https:\/\/www.planetzdravja.com\/trgovina\/wp-json\/wp\/v2\/product_cat?post=13183"},{"taxonomy":"product_tag","embeddable":true,"href":"https:\/\/www.planetzdravja.com\/trgovina\/wp-json\/wp\/v2\/product_tag?post=13183"}],"curies":[{"name":"wp","href":"https:\/\/api.w.org\/{rel}","templated":true}]}}