{"id":13016,"date":"2024-09-26T08:17:12","date_gmt":"2024-09-26T08:17:12","guid":{"rendered":"https:\/\/www.planetzdravja.com\/trgovina\/?post_type=product&#038;p=13016"},"modified":"2026-03-30T08:08:11","modified_gmt":"2026-03-30T06:08:11","slug":"ulje-3","status":"publish","type":"product","link":"https:\/\/www.planetzdravja.com\/trgovina\/hr\/izdelek\/ulje-3\/","title":{"rendered":"Ulje 3"},"content":{"rendered":"<p>Ulje 3 prirodna njega ko\u017ee prije sun\u010danja, za vrijeme sun\u010danja i nakon sun\u010danja. Prirodni sastojci njeguju, hrane i \u0161tite ko\u017eu od isu\u0161ivanja. Ulje 3 za sun\u010danje: prije sun\u010danja: Ulje 3 namazati po cijelom tijelu kao i sve ostale kreme za sun\u010danje. nakon sun\u010danja: sastojci Olje 3 omogu\u0107uju regeneraciju ko\u017ee nakon sun\u010danja. Njeguju, hrane i \u0161tite ko\u017eu od isu\u0161ivanja. suha ko\u017ea: Nakon nano\u0161enja svrbe\u017e zbog suhe ko\u017ee popu\u0161ta.<\/p>\n<p><em><strong>Ulje 3 je dodatak prehrani.<\/strong><\/em><\/p>\n<p>&nbsp;<\/p>\n<p><strong>Sastojci<\/strong>: hladno pre\u0161ano laneno ulje, eteri\u010dno ulje origana, ulje 1.<\/p>\n<p><strong>Preporu\u010dena uporaba<\/strong>: nanijeti na ko\u017eu cijelog tijela jednom dnevno, anus dva puta dnevno. Ulje nanesite na TOPLU i MOKRU ko\u017eu, najbolje nakon kupanja ili tu\u0161iranja.<\/p>\n","protected":false},"excerpt":{"rendered":"<p>Ulje 3 prirodna njega ko\u017ee prije sun\u010danja, za vrijeme sun\u010danja i nakon sun\u010danja. Prirodni sastojci njeguju, hrane i \u0161tite ko\u017eu od isu\u0161ivanja. Ulje 3 za sun\u010danje: prije sun\u010danja: Ulje 3 namazati po cijelom tijelu kao i sve ostale kreme za sun\u010danje. nakon sun\u010danja: sastojci Olje 3 omogu\u0107uju regeneraciju ko\u017ee nakon sun\u010danja. Njeguju, hrane i \u0161tite [&hellip;]<\/p>\n","protected":false},"featured_media":11075,"template":"","meta":{"site-sidebar-layout":"default","site-content-layout":"default","ast-site-content-layout":"default","site-content-style":"default","site-sidebar-style":"default","ast-global-header-display":"","ast-banner-title-visibility":"","ast-main-header-display":"","ast-hfb-above-header-display":"","ast-hfb-below-header-display":"","ast-hfb-mobile-header-display":"","site-post-title":"","ast-breadcrumbs-content":"","ast-featured-img":"","footer-sml-layout":"","ast-disable-related-posts":"","theme-transparent-header-meta":"default","adv-header-id-meta":"","stick-header-meta":"default","header-above-stick-meta":"","header-main-stick-meta":"","header-below-stick-meta":"","astra-migrate-meta-layouts":"default","ast-page-background-enabled":"default","ast-page-background-meta":{"desktop":{"background-color":"","background-image":"","background-repeat":"repeat","background-position":"center center","background-size":"auto","background-attachment":"scroll","background-type":"","background-media":"","overlay-type":"","overlay-color":"","overlay-opacity":"","overlay-gradient":""},"tablet":{"background-color":"","background-image":"","background-repeat":"repeat","background-position":"center center","background-size":"auto","background-attachment":"scroll","background-type":"","background-media":"","overlay-type":"","overlay-color":"","overlay-opacity":"","overlay-gradient":""},"mobile":{"background-color":"","background-image":"","background-repeat":"repeat","background-position":"center center","background-size":"auto","background-attachment":"scroll","background-type":"","background-media":"","overlay-type":"","overlay-color":"","overlay-opacity":"","overlay-gradient":""}},"ast-content-background-meta":{"desktop":{"background-color":"var(--ast-global-color-5)","background-image":"","background-repeat":"repeat","background-position":"center center","background-size":"auto","background-attachment":"scroll","background-type":"","background-media":"","overlay-type":"","overlay-color":"","overlay-opacity":"","overlay-gradient":""},"tablet":{"background-color":"var(--ast-global-color-5)","background-image":"","background-repeat":"repeat","background-position":"center center","background-size":"auto","background-attachment":"scroll","background-type":"","background-media":"","overlay-type":"","overlay-color":"","overlay-opacity":"","overlay-gradient":""},"mobile":{"background-color":"var(--ast-global-color-5)","background-image":"","background-repeat":"repeat","background-position":"center center","background-size":"auto","background-attachment":"scroll","background-type":"","background-media":"","overlay-type":"","overlay-color":"","overlay-opacity":"","overlay-gradient":""}}},"product_brand":[],"product_cat":[177],"product_tag":[],"class_list":{"0":"post-13016","1":"product","2":"type-product","3":"status-publish","4":"has-post-thumbnail","6":"product_cat-ulja-i-ekstrakti","7":"desktop-align-center","8":"tablet-align-center","9":"mobile-align-center","10":"ast-product-gallery-layout-horizontal","11":"ast-product-gallery-with-no-image","12":"ast-product-tabs-layout-horizontal","14":"first","15":"onbackorder","16":"sale","17":"taxable","18":"shipping-taxable","19":"purchasable","20":"product-type-simple"},"yoast_head":"<!-- This site is optimized with the Yoast SEO plugin v27.4 - https:\/\/yoast.com\/product\/yoast-seo-wordpress\/ -->\n<title>Ulje 3 - Spletna trgovina<\/title>\n<meta name=\"description\" content=\"Ulje 3 je za\u0161tita od sunca i njega poslije sun\u010danja. Ubla\u017eava simptome alergije na sunce, njeguje, hrani i \u0161titi ko\u017eu od isu\u0161ivanja. Bez kemijskih faktora!\" \/>\n<meta name=\"robots\" content=\"index, follow, max-snippet:-1, max-image-preview:large, max-video-preview:-1\" \/>\n<link rel=\"canonical\" href=\"https:\/\/www.planetzdravja.com\/trgovina\/hr\/izdelek\/ulje-3\/\" \/>\n<meta property=\"og:locale\" content=\"sl_SI\" \/>\n<meta property=\"og:type\" content=\"article\" \/>\n<meta property=\"og:title\" content=\"Ulje 3 - Spletna trgovina\" \/>\n<meta property=\"og:description\" content=\"Ulje 3 je za\u0161tita od sunca i njega poslije sun\u010danja. Ubla\u017eava simptome alergije na sunce, njeguje, hrani i \u0161titi ko\u017eu od isu\u0161ivanja. Bez kemijskih faktora!\" \/>\n<meta property=\"og:url\" content=\"https:\/\/www.planetzdravja.com\/trgovina\/hr\/izdelek\/ulje-3\/\" \/>\n<meta property=\"og:site_name\" content=\"Spletna trgovina\" \/>\n<meta property=\"article:modified_time\" content=\"2026-03-30T06:08:11+00:00\" \/>\n<meta property=\"og:image\" content=\"https:\/\/www.planetzdravja.com\/trgovina\/wp-content\/uploads\/sites\/2\/2024\/03\/hsbwpxixfr-bottle-3-bottle-with-box-background.png\" \/>\n\t<meta property=\"og:image:width\" content=\"800\" \/>\n\t<meta property=\"og:image:height\" content=\"800\" \/>\n\t<meta property=\"og:image:type\" content=\"image\/png\" \/>\n<meta name=\"twitter:card\" content=\"summary_large_image\" \/>\n<meta name=\"twitter:label1\" content=\"Est. reading time\" \/>\n\t<meta name=\"twitter:data1\" content=\"1 minuta\" \/>\n<script type=\"application\/ld+json\" class=\"yoast-schema-graph\">{\"@context\":\"https:\\\/\\\/schema.org\",\"@graph\":[{\"@type\":\"WebPage\",\"@id\":\"https:\\\/\\\/www.planetzdravja.com\\\/trgovina\\\/hr\\\/izdelek\\\/ulje-3\\\/\",\"url\":\"https:\\\/\\\/www.planetzdravja.com\\\/trgovina\\\/hr\\\/izdelek\\\/ulje-3\\\/\",\"name\":\"Ulje 3 - Spletna trgovina\",\"isPartOf\":{\"@id\":\"https:\\\/\\\/www.planetzdravja.com\\\/trgovina\\\/#website\"},\"primaryImageOfPage\":{\"@id\":\"https:\\\/\\\/www.planetzdravja.com\\\/trgovina\\\/hr\\\/izdelek\\\/ulje-3\\\/#primaryimage\"},\"image\":{\"@id\":\"https:\\\/\\\/www.planetzdravja.com\\\/trgovina\\\/hr\\\/izdelek\\\/ulje-3\\\/#primaryimage\"},\"thumbnailUrl\":\"https:\\\/\\\/www.planetzdravja.com\\\/trgovina\\\/wp-content\\\/uploads\\\/sites\\\/2\\\/2024\\\/03\\\/hsbwpxixfr-bottle-3-bottle-with-box-background.png\",\"datePublished\":\"2024-09-26T08:17:12+00:00\",\"dateModified\":\"2026-03-30T06:08:11+00:00\",\"description\":\"Ulje 3 je za\u0161tita od sunca i njega poslije sun\u010danja. Ubla\u017eava simptome alergije na sunce, njeguje, hrani i \u0161titi ko\u017eu od isu\u0161ivanja. Bez kemijskih faktora!\",\"breadcrumb\":{\"@id\":\"https:\\\/\\\/www.planetzdravja.com\\\/trgovina\\\/hr\\\/izdelek\\\/ulje-3\\\/#breadcrumb\"},\"inLanguage\":\"sl-SI\",\"potentialAction\":[{\"@type\":\"ReadAction\",\"target\":[\"https:\\\/\\\/www.planetzdravja.com\\\/trgovina\\\/hr\\\/izdelek\\\/ulje-3\\\/\"]}]},{\"@type\":\"ImageObject\",\"inLanguage\":\"sl-SI\",\"@id\":\"https:\\\/\\\/www.planetzdravja.com\\\/trgovina\\\/hr\\\/izdelek\\\/ulje-3\\\/#primaryimage\",\"url\":\"https:\\\/\\\/www.planetzdravja.com\\\/trgovina\\\/wp-content\\\/uploads\\\/sites\\\/2\\\/2024\\\/03\\\/hsbwpxixfr-bottle-3-bottle-with-box-background.png\",\"contentUrl\":\"https:\\\/\\\/www.planetzdravja.com\\\/trgovina\\\/wp-content\\\/uploads\\\/sites\\\/2\\\/2024\\\/03\\\/hsbwpxixfr-bottle-3-bottle-with-box-background.png\",\"width\":800,\"height\":800},{\"@type\":\"BreadcrumbList\",\"@id\":\"https:\\\/\\\/www.planetzdravja.com\\\/trgovina\\\/hr\\\/izdelek\\\/ulje-3\\\/#breadcrumb\",\"itemListElement\":[{\"@type\":\"ListItem\",\"position\":1,\"name\":\"Home\",\"item\":\"https:\\\/\\\/www.planetzdravja.com\\\/trgovina\\\/\"},{\"@type\":\"ListItem\",\"position\":2,\"name\":\"Izdelki\",\"item\":\"https:\\\/\\\/www.planetzdravja.com\\\/trgovina\\\/shop\\\/\"},{\"@type\":\"ListItem\",\"position\":3,\"name\":\"Ulje 3\"}]},{\"@type\":\"WebSite\",\"@id\":\"https:\\\/\\\/www.planetzdravja.com\\\/trgovina\\\/#website\",\"url\":\"https:\\\/\\\/www.planetzdravja.com\\\/trgovina\\\/\",\"name\":\"Spletna trgovina\",\"description\":\"Napredna znanost narave\",\"publisher\":{\"@id\":\"https:\\\/\\\/www.planetzdravja.com\\\/trgovina\\\/#organization\"},\"potentialAction\":[{\"@type\":\"SearchAction\",\"target\":{\"@type\":\"EntryPoint\",\"urlTemplate\":\"https:\\\/\\\/www.planetzdravja.com\\\/trgovina\\\/?s={search_term_string}\"},\"query-input\":{\"@type\":\"PropertyValueSpecification\",\"valueRequired\":true,\"valueName\":\"search_term_string\"}}],\"inLanguage\":\"sl-SI\"},{\"@type\":\"Organization\",\"@id\":\"https:\\\/\\\/www.planetzdravja.com\\\/trgovina\\\/#organization\",\"name\":\"Spletna trgovina\",\"url\":\"https:\\\/\\\/www.planetzdravja.com\\\/trgovina\\\/\",\"logo\":{\"@type\":\"ImageObject\",\"inLanguage\":\"sl-SI\",\"@id\":\"https:\\\/\\\/www.planetzdravja.com\\\/trgovina\\\/#\\\/schema\\\/logo\\\/image\\\/\",\"url\":\"https:\\\/\\\/www.planetzdravja.com\\\/trgovina\\\/wp-content\\\/uploads\\\/sites\\\/2\\\/2022\\\/02\\\/vector-logo-shop-v2-1-1.png\",\"contentUrl\":\"https:\\\/\\\/www.planetzdravja.com\\\/trgovina\\\/wp-content\\\/uploads\\\/sites\\\/2\\\/2022\\\/02\\\/vector-logo-shop-v2-1-1.png\",\"width\":300,\"height\":68,\"caption\":\"Spletna trgovina\"},\"image\":{\"@id\":\"https:\\\/\\\/www.planetzdravja.com\\\/trgovina\\\/#\\\/schema\\\/logo\\\/image\\\/\"}}]}<\/script>\n<!-- \/ Yoast SEO plugin. -->","yoast_head_json":{"title":"Ulje 3 - Spletna trgovina","description":"Ulje 3 je za\u0161tita od sunca i njega poslije sun\u010danja. Ubla\u017eava simptome alergije na sunce, njeguje, hrani i \u0161titi ko\u017eu od isu\u0161ivanja. Bez kemijskih faktora!","robots":{"index":"index","follow":"follow","max-snippet":"max-snippet:-1","max-image-preview":"max-image-preview:large","max-video-preview":"max-video-preview:-1"},"canonical":"https:\/\/www.planetzdravja.com\/trgovina\/hr\/izdelek\/ulje-3\/","og_locale":"sl_SI","og_type":"article","og_title":"Ulje 3 - Spletna trgovina","og_description":"Ulje 3 je za\u0161tita od sunca i njega poslije sun\u010danja. Ubla\u017eava simptome alergije na sunce, njeguje, hrani i \u0161titi ko\u017eu od isu\u0161ivanja. Bez kemijskih faktora!","og_url":"https:\/\/www.planetzdravja.com\/trgovina\/hr\/izdelek\/ulje-3\/","og_site_name":"Spletna trgovina","article_modified_time":"2026-03-30T06:08:11+00:00","og_image":[{"width":800,"height":800,"url":"https:\/\/www.planetzdravja.com\/trgovina\/wp-content\/uploads\/sites\/2\/2024\/03\/hsbwpxixfr-bottle-3-bottle-with-box-background.png","type":"image\/png"}],"twitter_card":"summary_large_image","twitter_misc":{"Est. reading time":"1 minuta"},"schema":{"@context":"https:\/\/schema.org","@graph":[{"@type":"WebPage","@id":"https:\/\/www.planetzdravja.com\/trgovina\/hr\/izdelek\/ulje-3\/","url":"https:\/\/www.planetzdravja.com\/trgovina\/hr\/izdelek\/ulje-3\/","name":"Ulje 3 - Spletna trgovina","isPartOf":{"@id":"https:\/\/www.planetzdravja.com\/trgovina\/#website"},"primaryImageOfPage":{"@id":"https:\/\/www.planetzdravja.com\/trgovina\/hr\/izdelek\/ulje-3\/#primaryimage"},"image":{"@id":"https:\/\/www.planetzdravja.com\/trgovina\/hr\/izdelek\/ulje-3\/#primaryimage"},"thumbnailUrl":"https:\/\/www.planetzdravja.com\/trgovina\/wp-content\/uploads\/sites\/2\/2024\/03\/hsbwpxixfr-bottle-3-bottle-with-box-background.png","datePublished":"2024-09-26T08:17:12+00:00","dateModified":"2026-03-30T06:08:11+00:00","description":"Ulje 3 je za\u0161tita od sunca i njega poslije sun\u010danja. Ubla\u017eava simptome alergije na sunce, njeguje, hrani i \u0161titi ko\u017eu od isu\u0161ivanja. Bez kemijskih faktora!","breadcrumb":{"@id":"https:\/\/www.planetzdravja.com\/trgovina\/hr\/izdelek\/ulje-3\/#breadcrumb"},"inLanguage":"sl-SI","potentialAction":[{"@type":"ReadAction","target":["https:\/\/www.planetzdravja.com\/trgovina\/hr\/izdelek\/ulje-3\/"]}]},{"@type":"ImageObject","inLanguage":"sl-SI","@id":"https:\/\/www.planetzdravja.com\/trgovina\/hr\/izdelek\/ulje-3\/#primaryimage","url":"https:\/\/www.planetzdravja.com\/trgovina\/wp-content\/uploads\/sites\/2\/2024\/03\/hsbwpxixfr-bottle-3-bottle-with-box-background.png","contentUrl":"https:\/\/www.planetzdravja.com\/trgovina\/wp-content\/uploads\/sites\/2\/2024\/03\/hsbwpxixfr-bottle-3-bottle-with-box-background.png","width":800,"height":800},{"@type":"BreadcrumbList","@id":"https:\/\/www.planetzdravja.com\/trgovina\/hr\/izdelek\/ulje-3\/#breadcrumb","itemListElement":[{"@type":"ListItem","position":1,"name":"Home","item":"https:\/\/www.planetzdravja.com\/trgovina\/"},{"@type":"ListItem","position":2,"name":"Izdelki","item":"https:\/\/www.planetzdravja.com\/trgovina\/shop\/"},{"@type":"ListItem","position":3,"name":"Ulje 3"}]},{"@type":"WebSite","@id":"https:\/\/www.planetzdravja.com\/trgovina\/#website","url":"https:\/\/www.planetzdravja.com\/trgovina\/","name":"Spletna trgovina","description":"Napredna znanost narave","publisher":{"@id":"https:\/\/www.planetzdravja.com\/trgovina\/#organization"},"potentialAction":[{"@type":"SearchAction","target":{"@type":"EntryPoint","urlTemplate":"https:\/\/www.planetzdravja.com\/trgovina\/?s={search_term_string}"},"query-input":{"@type":"PropertyValueSpecification","valueRequired":true,"valueName":"search_term_string"}}],"inLanguage":"sl-SI"},{"@type":"Organization","@id":"https:\/\/www.planetzdravja.com\/trgovina\/#organization","name":"Spletna trgovina","url":"https:\/\/www.planetzdravja.com\/trgovina\/","logo":{"@type":"ImageObject","inLanguage":"sl-SI","@id":"https:\/\/www.planetzdravja.com\/trgovina\/#\/schema\/logo\/image\/","url":"https:\/\/www.planetzdravja.com\/trgovina\/wp-content\/uploads\/sites\/2\/2022\/02\/vector-logo-shop-v2-1-1.png","contentUrl":"https:\/\/www.planetzdravja.com\/trgovina\/wp-content\/uploads\/sites\/2\/2022\/02\/vector-logo-shop-v2-1-1.png","width":300,"height":68,"caption":"Spletna trgovina"},"image":{"@id":"https:\/\/www.planetzdravja.com\/trgovina\/#\/schema\/logo\/image\/"}}]}},"lang":"hr","translations":{"hr":13016,"en":11371,"sl":2754},"pll_sync_post":[],"_links":{"self":[{"href":"https:\/\/www.planetzdravja.com\/trgovina\/wp-json\/wp\/v2\/product\/13016","targetHints":{"allow":["GET"]}}],"collection":[{"href":"https:\/\/www.planetzdravja.com\/trgovina\/wp-json\/wp\/v2\/product"}],"about":[{"href":"https:\/\/www.planetzdravja.com\/trgovina\/wp-json\/wp\/v2\/types\/product"}],"wp:featuredmedia":[{"embeddable":true,"href":"https:\/\/www.planetzdravja.com\/trgovina\/wp-json\/wp\/v2\/media\/11075"}],"wp:attachment":[{"href":"https:\/\/www.planetzdravja.com\/trgovina\/wp-json\/wp\/v2\/media?parent=13016"}],"wp:term":[{"taxonomy":"product_brand","embeddable":true,"href":"https:\/\/www.planetzdravja.com\/trgovina\/wp-json\/wp\/v2\/product_brand?post=13016"},{"taxonomy":"product_cat","embeddable":true,"href":"https:\/\/www.planetzdravja.com\/trgovina\/wp-json\/wp\/v2\/product_cat?post=13016"},{"taxonomy":"product_tag","embeddable":true,"href":"https:\/\/www.planetzdravja.com\/trgovina\/wp-json\/wp\/v2\/product_tag?post=13016"}],"curies":[{"name":"wp","href":"https:\/\/api.w.org\/{rel}","templated":true}]}}