{"id":13015,"date":"2024-09-26T08:16:19","date_gmt":"2024-09-26T08:16:19","guid":{"rendered":"https:\/\/www.planetzdravja.com\/trgovina\/?post_type=product&#038;p=13015"},"modified":"2025-05-31T06:01:29","modified_gmt":"2025-05-31T06:01:29","slug":"relax-tonic","status":"publish","type":"product","link":"https:\/\/www.planetzdravja.com\/trgovina\/hr\/izdelek\/relax-tonic\/","title":{"rendered":"RELAX TONIC"},"content":{"rendered":"<p>Relax tonik pobolj\u0161ava izgled ko\u017ee.\u00a0Samo dobro i ispravno funkcioniranje ko\u017ee mo\u017ee obavljati sve svoje funkcije, posebice obrambenu, jer nas \u0161titi od vanjskih utjecaja i utjecaja iz okoline.\u00a0Relax tonik opu\u0161ta ko\u017eu, pobolj\u0161ava se izgled ko\u017ee, a pove\u0107ava se i elasti\u010dnost ko\u017ee. Relax tonik se nanosi na cijelo tijelo. Ubrzo nakon nano\u0161enja Relax tonika na ko\u017eu osje\u0107amo ugodno opu\u0161tanje, a na\u0161e se stanje brzo pobolj\u0161ava. Relax tonik je u\u010dinkovit i prirodan: ubla\u017eava stres, umiruje svrbe\u017e, ubla\u017eava probleme s izgledom ko\u017ee, poma\u017ee u regeneraciji ko\u017ee, poma\u017ee u br\u017eoj regeneraciji i funkcioniranju ko\u017ee nakon te\u017eih fizi\u010dkih napora te dugotrajnih i intenzivnih sportskih treninga.<\/p>\n<p>&nbsp;<\/p>\n<p><strong>Sastojci<\/strong>: Voda, eteri\u010dno ulje lovora, eteri\u010dno ulje eukaliptusa, eteri\u010dno ulje limete, eteri\u010dno ulje lavande, PEG 40 hidrogenirano ricinusovo ulje, metil parahidroksibenzonat<\/p>\n<p><strong>Preporu\u010dena uporaba<\/strong>: nanijeti na cijelo tijelo, uklju\u010duju\u0107i lice i vlasi\u0161te, dva puta dnevno<\/p>\n","protected":false},"excerpt":{"rendered":"<p>Relax tonik pobolj\u0161ava izgled ko\u017ee.\u00a0Samo dobro i ispravno funkcioniranje ko\u017ee mo\u017ee obavljati sve svoje funkcije, posebice obrambenu, jer nas \u0161titi od vanjskih utjecaja i utjecaja iz okoline.\u00a0Relax tonik opu\u0161ta ko\u017eu, pobolj\u0161ava se izgled ko\u017ee, a pove\u0107ava se i elasti\u010dnost ko\u017ee. Relax tonik se nanosi na cijelo tijelo. Ubrzo nakon nano\u0161enja Relax tonika na ko\u017eu osje\u0107amo [&hellip;]<\/p>\n","protected":false},"featured_media":11098,"template":"","meta":{"site-sidebar-layout":"default","site-content-layout":"default","ast-site-content-layout":"default","site-content-style":"default","site-sidebar-style":"default","ast-global-header-display":"","ast-banner-title-visibility":"","ast-main-header-display":"","ast-hfb-above-header-display":"","ast-hfb-below-header-display":"","ast-hfb-mobile-header-display":"","site-post-title":"","ast-breadcrumbs-content":"","ast-featured-img":"","footer-sml-layout":"","theme-transparent-header-meta":"default","adv-header-id-meta":"","stick-header-meta":"default","header-above-stick-meta":"","header-main-stick-meta":"","header-below-stick-meta":"","astra-migrate-meta-layouts":"default","ast-page-background-enabled":"default","ast-page-background-meta":{"desktop":{"background-color":"","background-image":"","background-repeat":"repeat","background-position":"center center","background-size":"auto","background-attachment":"scroll","background-type":"","background-media":"","overlay-type":"","overlay-color":"","overlay-opacity":"","overlay-gradient":""},"tablet":{"background-color":"","background-image":"","background-repeat":"repeat","background-position":"center center","background-size":"auto","background-attachment":"scroll","background-type":"","background-media":"","overlay-type":"","overlay-color":"","overlay-opacity":"","overlay-gradient":""},"mobile":{"background-color":"","background-image":"","background-repeat":"repeat","background-position":"center center","background-size":"auto","background-attachment":"scroll","background-type":"","background-media":"","overlay-type":"","overlay-color":"","overlay-opacity":"","overlay-gradient":""}},"ast-content-background-meta":{"desktop":{"background-color":"var(--ast-global-color-5)","background-image":"","background-repeat":"repeat","background-position":"center center","background-size":"auto","background-attachment":"scroll","background-type":"","background-media":"","overlay-type":"","overlay-color":"","overlay-opacity":"","overlay-gradient":""},"tablet":{"background-color":"var(--ast-global-color-5)","background-image":"","background-repeat":"repeat","background-position":"center center","background-size":"auto","background-attachment":"scroll","background-type":"","background-media":"","overlay-type":"","overlay-color":"","overlay-opacity":"","overlay-gradient":""},"mobile":{"background-color":"var(--ast-global-color-5)","background-image":"","background-repeat":"repeat","background-position":"center center","background-size":"auto","background-attachment":"scroll","background-type":"","background-media":"","overlay-type":"","overlay-color":"","overlay-opacity":"","overlay-gradient":""}}},"product_brand":[],"product_cat":[177],"product_tag":[],"class_list":{"0":"post-13015","1":"product","2":"type-product","3":"status-publish","4":"has-post-thumbnail","6":"product_cat-ulja-i-ekstrakti","7":"desktop-align-center","8":"tablet-align-center","9":"mobile-align-center","10":"ast-product-gallery-layout-horizontal","11":"ast-product-gallery-with-no-image","12":"ast-product-tabs-layout-horizontal","14":"first","15":"outofstock","16":"taxable","17":"shipping-taxable","18":"purchasable","19":"product-type-simple"},"yoast_head":"<!-- This site is optimized with the Yoast SEO plugin v25.7 - https:\/\/yoast.com\/wordpress\/plugins\/seo\/ -->\n<title>RELAX TONIC - Spletna trgovina<\/title>\n<meta name=\"description\" content=\"Relax tonik pobolj\u0161ava prokrvljenost ko\u017ee. Nakon nano\u0161enja ko\u017ea postaje opu\u0161tenija i elasti\u010dnija. Ubla\u017eava svrbe\u017e kod alergija i ko\u017enih bolesti.\" \/>\n<meta name=\"robots\" content=\"index, follow, max-snippet:-1, max-image-preview:large, max-video-preview:-1\" \/>\n<link rel=\"canonical\" href=\"https:\/\/www.planetzdravja.com\/trgovina\/hr\/izdelek\/relax-tonic\/\" \/>\n<meta property=\"og:locale\" content=\"sl_SI\" \/>\n<meta property=\"og:type\" content=\"article\" \/>\n<meta property=\"og:title\" content=\"RELAX TONIC - Spletna trgovina\" \/>\n<meta property=\"og:description\" content=\"Relax tonik pobolj\u0161ava prokrvljenost ko\u017ee. Nakon nano\u0161enja ko\u017ea postaje opu\u0161tenija i elasti\u010dnija. Ubla\u017eava svrbe\u017e kod alergija i ko\u017enih bolesti.\" \/>\n<meta property=\"og:url\" content=\"https:\/\/www.planetzdravja.com\/trgovina\/hr\/izdelek\/relax-tonic\/\" \/>\n<meta property=\"og:site_name\" content=\"Spletna trgovina\" \/>\n<meta property=\"article:modified_time\" content=\"2025-05-31T06:01:29+00:00\" \/>\n<meta property=\"og:image\" content=\"https:\/\/www.planetzdravja.com\/trgovina\/wp-content\/uploads\/sites\/2\/2024\/03\/mxwa9hxnne-relax-tonic-background.png\" \/>\n\t<meta property=\"og:image:width\" content=\"800\" \/>\n\t<meta property=\"og:image:height\" content=\"800\" \/>\n\t<meta property=\"og:image:type\" content=\"image\/png\" \/>\n<meta name=\"twitter:card\" content=\"summary_large_image\" \/>\n<meta name=\"twitter:label1\" content=\"Est. reading time\" \/>\n\t<meta name=\"twitter:data1\" content=\"1 minuta\" \/>\n<script type=\"application\/ld+json\" class=\"yoast-schema-graph\">{\"@context\":\"https:\/\/schema.org\",\"@graph\":[{\"@type\":\"WebPage\",\"@id\":\"https:\/\/www.planetzdravja.com\/trgovina\/hr\/izdelek\/relax-tonic\/\",\"url\":\"https:\/\/www.planetzdravja.com\/trgovina\/hr\/izdelek\/relax-tonic\/\",\"name\":\"RELAX TONIC - Spletna trgovina\",\"isPartOf\":{\"@id\":\"https:\/\/www.planetzdravja.com\/trgovina\/#website\"},\"primaryImageOfPage\":{\"@id\":\"https:\/\/www.planetzdravja.com\/trgovina\/hr\/izdelek\/relax-tonic\/#primaryimage\"},\"image\":{\"@id\":\"https:\/\/www.planetzdravja.com\/trgovina\/hr\/izdelek\/relax-tonic\/#primaryimage\"},\"thumbnailUrl\":\"https:\/\/www.planetzdravja.com\/trgovina\/wp-content\/uploads\/sites\/2\/2024\/03\/mxwa9hxnne-relax-tonic-background.png\",\"datePublished\":\"2024-09-26T08:16:19+00:00\",\"dateModified\":\"2025-05-31T06:01:29+00:00\",\"description\":\"Relax tonik pobolj\u0161ava prokrvljenost ko\u017ee. Nakon nano\u0161enja ko\u017ea postaje opu\u0161tenija i elasti\u010dnija. Ubla\u017eava svrbe\u017e kod alergija i ko\u017enih bolesti.\",\"breadcrumb\":{\"@id\":\"https:\/\/www.planetzdravja.com\/trgovina\/hr\/izdelek\/relax-tonic\/#breadcrumb\"},\"inLanguage\":\"sl-SI\",\"potentialAction\":[{\"@type\":\"ReadAction\",\"target\":[\"https:\/\/www.planetzdravja.com\/trgovina\/hr\/izdelek\/relax-tonic\/\"]}]},{\"@type\":\"ImageObject\",\"inLanguage\":\"sl-SI\",\"@id\":\"https:\/\/www.planetzdravja.com\/trgovina\/hr\/izdelek\/relax-tonic\/#primaryimage\",\"url\":\"https:\/\/www.planetzdravja.com\/trgovina\/wp-content\/uploads\/sites\/2\/2024\/03\/mxwa9hxnne-relax-tonic-background.png\",\"contentUrl\":\"https:\/\/www.planetzdravja.com\/trgovina\/wp-content\/uploads\/sites\/2\/2024\/03\/mxwa9hxnne-relax-tonic-background.png\",\"width\":800,\"height\":800},{\"@type\":\"BreadcrumbList\",\"@id\":\"https:\/\/www.planetzdravja.com\/trgovina\/hr\/izdelek\/relax-tonic\/#breadcrumb\",\"itemListElement\":[{\"@type\":\"ListItem\",\"position\":1,\"name\":\"Home\",\"item\":\"https:\/\/www.planetzdravja.com\/trgovina\/\"},{\"@type\":\"ListItem\",\"position\":2,\"name\":\"Izdelki\",\"item\":\"https:\/\/www.planetzdravja.com\/trgovina\/shop\/\"},{\"@type\":\"ListItem\",\"position\":3,\"name\":\"RELAX TONIC\"}]},{\"@type\":\"WebSite\",\"@id\":\"https:\/\/www.planetzdravja.com\/trgovina\/#website\",\"url\":\"https:\/\/www.planetzdravja.com\/trgovina\/\",\"name\":\"Spletna trgovina\",\"description\":\"Napredna znanost narave\",\"publisher\":{\"@id\":\"https:\/\/www.planetzdravja.com\/trgovina\/#organization\"},\"potentialAction\":[{\"@type\":\"SearchAction\",\"target\":{\"@type\":\"EntryPoint\",\"urlTemplate\":\"https:\/\/www.planetzdravja.com\/trgovina\/?s={search_term_string}\"},\"query-input\":{\"@type\":\"PropertyValueSpecification\",\"valueRequired\":true,\"valueName\":\"search_term_string\"}}],\"inLanguage\":\"sl-SI\"},{\"@type\":\"Organization\",\"@id\":\"https:\/\/www.planetzdravja.com\/trgovina\/#organization\",\"name\":\"Spletna trgovina\",\"url\":\"https:\/\/www.planetzdravja.com\/trgovina\/\",\"logo\":{\"@type\":\"ImageObject\",\"inLanguage\":\"sl-SI\",\"@id\":\"https:\/\/www.planetzdravja.com\/trgovina\/#\/schema\/logo\/image\/\",\"url\":\"https:\/\/www.planetzdravja.com\/trgovina\/wp-content\/uploads\/sites\/2\/2022\/02\/vector-logo-shop-v2-1-1.png\",\"contentUrl\":\"https:\/\/www.planetzdravja.com\/trgovina\/wp-content\/uploads\/sites\/2\/2022\/02\/vector-logo-shop-v2-1-1.png\",\"width\":300,\"height\":68,\"caption\":\"Spletna trgovina\"},\"image\":{\"@id\":\"https:\/\/www.planetzdravja.com\/trgovina\/#\/schema\/logo\/image\/\"}}]}<\/script>\n<!-- \/ Yoast SEO plugin. -->","yoast_head_json":{"title":"RELAX TONIC - Spletna trgovina","description":"Relax tonik pobolj\u0161ava prokrvljenost ko\u017ee. Nakon nano\u0161enja ko\u017ea postaje opu\u0161tenija i elasti\u010dnija. Ubla\u017eava svrbe\u017e kod alergija i ko\u017enih bolesti.","robots":{"index":"index","follow":"follow","max-snippet":"max-snippet:-1","max-image-preview":"max-image-preview:large","max-video-preview":"max-video-preview:-1"},"canonical":"https:\/\/www.planetzdravja.com\/trgovina\/hr\/izdelek\/relax-tonic\/","og_locale":"sl_SI","og_type":"article","og_title":"RELAX TONIC - Spletna trgovina","og_description":"Relax tonik pobolj\u0161ava prokrvljenost ko\u017ee. Nakon nano\u0161enja ko\u017ea postaje opu\u0161tenija i elasti\u010dnija. Ubla\u017eava svrbe\u017e kod alergija i ko\u017enih bolesti.","og_url":"https:\/\/www.planetzdravja.com\/trgovina\/hr\/izdelek\/relax-tonic\/","og_site_name":"Spletna trgovina","article_modified_time":"2025-05-31T06:01:29+00:00","og_image":[{"width":800,"height":800,"url":"https:\/\/www.planetzdravja.com\/trgovina\/wp-content\/uploads\/sites\/2\/2024\/03\/mxwa9hxnne-relax-tonic-background.png","type":"image\/png"}],"twitter_card":"summary_large_image","twitter_misc":{"Est. reading time":"1 minuta"},"schema":{"@context":"https:\/\/schema.org","@graph":[{"@type":"WebPage","@id":"https:\/\/www.planetzdravja.com\/trgovina\/hr\/izdelek\/relax-tonic\/","url":"https:\/\/www.planetzdravja.com\/trgovina\/hr\/izdelek\/relax-tonic\/","name":"RELAX TONIC - Spletna trgovina","isPartOf":{"@id":"https:\/\/www.planetzdravja.com\/trgovina\/#website"},"primaryImageOfPage":{"@id":"https:\/\/www.planetzdravja.com\/trgovina\/hr\/izdelek\/relax-tonic\/#primaryimage"},"image":{"@id":"https:\/\/www.planetzdravja.com\/trgovina\/hr\/izdelek\/relax-tonic\/#primaryimage"},"thumbnailUrl":"https:\/\/www.planetzdravja.com\/trgovina\/wp-content\/uploads\/sites\/2\/2024\/03\/mxwa9hxnne-relax-tonic-background.png","datePublished":"2024-09-26T08:16:19+00:00","dateModified":"2025-05-31T06:01:29+00:00","description":"Relax tonik pobolj\u0161ava prokrvljenost ko\u017ee. Nakon nano\u0161enja ko\u017ea postaje opu\u0161tenija i elasti\u010dnija. Ubla\u017eava svrbe\u017e kod alergija i ko\u017enih bolesti.","breadcrumb":{"@id":"https:\/\/www.planetzdravja.com\/trgovina\/hr\/izdelek\/relax-tonic\/#breadcrumb"},"inLanguage":"sl-SI","potentialAction":[{"@type":"ReadAction","target":["https:\/\/www.planetzdravja.com\/trgovina\/hr\/izdelek\/relax-tonic\/"]}]},{"@type":"ImageObject","inLanguage":"sl-SI","@id":"https:\/\/www.planetzdravja.com\/trgovina\/hr\/izdelek\/relax-tonic\/#primaryimage","url":"https:\/\/www.planetzdravja.com\/trgovina\/wp-content\/uploads\/sites\/2\/2024\/03\/mxwa9hxnne-relax-tonic-background.png","contentUrl":"https:\/\/www.planetzdravja.com\/trgovina\/wp-content\/uploads\/sites\/2\/2024\/03\/mxwa9hxnne-relax-tonic-background.png","width":800,"height":800},{"@type":"BreadcrumbList","@id":"https:\/\/www.planetzdravja.com\/trgovina\/hr\/izdelek\/relax-tonic\/#breadcrumb","itemListElement":[{"@type":"ListItem","position":1,"name":"Home","item":"https:\/\/www.planetzdravja.com\/trgovina\/"},{"@type":"ListItem","position":2,"name":"Izdelki","item":"https:\/\/www.planetzdravja.com\/trgovina\/shop\/"},{"@type":"ListItem","position":3,"name":"RELAX TONIC"}]},{"@type":"WebSite","@id":"https:\/\/www.planetzdravja.com\/trgovina\/#website","url":"https:\/\/www.planetzdravja.com\/trgovina\/","name":"Spletna trgovina","description":"Napredna znanost narave","publisher":{"@id":"https:\/\/www.planetzdravja.com\/trgovina\/#organization"},"potentialAction":[{"@type":"SearchAction","target":{"@type":"EntryPoint","urlTemplate":"https:\/\/www.planetzdravja.com\/trgovina\/?s={search_term_string}"},"query-input":{"@type":"PropertyValueSpecification","valueRequired":true,"valueName":"search_term_string"}}],"inLanguage":"sl-SI"},{"@type":"Organization","@id":"https:\/\/www.planetzdravja.com\/trgovina\/#organization","name":"Spletna trgovina","url":"https:\/\/www.planetzdravja.com\/trgovina\/","logo":{"@type":"ImageObject","inLanguage":"sl-SI","@id":"https:\/\/www.planetzdravja.com\/trgovina\/#\/schema\/logo\/image\/","url":"https:\/\/www.planetzdravja.com\/trgovina\/wp-content\/uploads\/sites\/2\/2022\/02\/vector-logo-shop-v2-1-1.png","contentUrl":"https:\/\/www.planetzdravja.com\/trgovina\/wp-content\/uploads\/sites\/2\/2022\/02\/vector-logo-shop-v2-1-1.png","width":300,"height":68,"caption":"Spletna trgovina"},"image":{"@id":"https:\/\/www.planetzdravja.com\/trgovina\/#\/schema\/logo\/image\/"}}]}},"lang":"hr","translations":{"hr":13015,"en":11364,"sl":3362},"pll_sync_post":[],"_links":{"self":[{"href":"https:\/\/www.planetzdravja.com\/trgovina\/wp-json\/wp\/v2\/product\/13015","targetHints":{"allow":["GET"]}}],"collection":[{"href":"https:\/\/www.planetzdravja.com\/trgovina\/wp-json\/wp\/v2\/product"}],"about":[{"href":"https:\/\/www.planetzdravja.com\/trgovina\/wp-json\/wp\/v2\/types\/product"}],"wp:featuredmedia":[{"embeddable":true,"href":"https:\/\/www.planetzdravja.com\/trgovina\/wp-json\/wp\/v2\/media\/11098"}],"wp:attachment":[{"href":"https:\/\/www.planetzdravja.com\/trgovina\/wp-json\/wp\/v2\/media?parent=13015"}],"wp:term":[{"taxonomy":"product_brand","embeddable":true,"href":"https:\/\/www.planetzdravja.com\/trgovina\/wp-json\/wp\/v2\/product_brand?post=13015"},{"taxonomy":"product_cat","embeddable":true,"href":"https:\/\/www.planetzdravja.com\/trgovina\/wp-json\/wp\/v2\/product_cat?post=13015"},{"taxonomy":"product_tag","embeddable":true,"href":"https:\/\/www.planetzdravja.com\/trgovina\/wp-json\/wp\/v2\/product_tag?post=13015"}],"curies":[{"name":"wp","href":"https:\/\/api.w.org\/{rel}","templated":true}]}}