{"id":13005,"date":"2024-09-26T08:07:38","date_gmt":"2024-09-26T08:07:38","guid":{"rendered":"https:\/\/www.planetzdravja.com\/trgovina\/?post_type=product&#038;p=13005"},"modified":"2026-01-16T12:18:44","modified_gmt":"2026-01-16T11:18:44","slug":"limfol","status":"publish","type":"product","link":"https:\/\/www.planetzdravja.com\/trgovina\/hr\/izdelek\/limfol\/","title":{"rendered":"LIMFOL"},"content":{"rendered":"<p><strong>Sastojci<\/strong>: Hladno pre\u0161ano ulje maka, zasi\u0107ena sol, fruktoza.<\/p>\n<p><strong>Preporu\u010dena uporaba<\/strong>: Prva dva dana nanositi na cijelo tijelo, uklju\u010duju\u0107i lice, dva puta dnevno. Zatim nastavite s mazanjem jednom dnevno.<\/p>\n<p><strong>Na\u010din \u010duvanja<\/strong>: \u010cuvati Limfol na suhom mjestu, na sobnoj temperaturi, do +25 stupnjeva C. Nikada ne izlagati direktnoj sun\u010devoj svjetlosti ili temperaturama iznad 38 stupnjeva C.<\/p>\n","protected":false},"excerpt":{"rendered":"<p>Sastojci: Hladno pre\u0161ano ulje maka, zasi\u0107ena sol, fruktoza. Preporu\u010dena uporaba: Prva dva dana nanositi na cijelo tijelo, uklju\u010duju\u0107i lice, dva puta dnevno. Zatim nastavite s mazanjem jednom dnevno. Na\u010din \u010duvanja: \u010cuvati Limfol na suhom mjestu, na sobnoj temperaturi, do +25 stupnjeva C. Nikada ne izlagati direktnoj sun\u010devoj svjetlosti ili temperaturama iznad 38 stupnjeva C.<\/p>\n","protected":false},"featured_media":7869,"template":"","meta":{"site-sidebar-layout":"default","site-content-layout":"default","ast-site-content-layout":"default","site-content-style":"default","site-sidebar-style":"default","ast-global-header-display":"","ast-banner-title-visibility":"","ast-main-header-display":"","ast-hfb-above-header-display":"","ast-hfb-below-header-display":"","ast-hfb-mobile-header-display":"","site-post-title":"","ast-breadcrumbs-content":"","ast-featured-img":"","footer-sml-layout":"","theme-transparent-header-meta":"default","adv-header-id-meta":"","stick-header-meta":"default","header-above-stick-meta":"","header-main-stick-meta":"","header-below-stick-meta":"","astra-migrate-meta-layouts":"default","ast-page-background-enabled":"default","ast-page-background-meta":{"desktop":{"background-color":"","background-image":"","background-repeat":"repeat","background-position":"center center","background-size":"auto","background-attachment":"scroll","background-type":"","background-media":"","overlay-type":"","overlay-color":"","overlay-opacity":"","overlay-gradient":""},"tablet":{"background-color":"","background-image":"","background-repeat":"repeat","background-position":"center center","background-size":"auto","background-attachment":"scroll","background-type":"","background-media":"","overlay-type":"","overlay-color":"","overlay-opacity":"","overlay-gradient":""},"mobile":{"background-color":"","background-image":"","background-repeat":"repeat","background-position":"center center","background-size":"auto","background-attachment":"scroll","background-type":"","background-media":"","overlay-type":"","overlay-color":"","overlay-opacity":"","overlay-gradient":""}},"ast-content-background-meta":{"desktop":{"background-color":"var(--ast-global-color-5)","background-image":"","background-repeat":"repeat","background-position":"center center","background-size":"auto","background-attachment":"scroll","background-type":"","background-media":"","overlay-type":"","overlay-color":"","overlay-opacity":"","overlay-gradient":""},"tablet":{"background-color":"var(--ast-global-color-5)","background-image":"","background-repeat":"repeat","background-position":"center center","background-size":"auto","background-attachment":"scroll","background-type":"","background-media":"","overlay-type":"","overlay-color":"","overlay-opacity":"","overlay-gradient":""},"mobile":{"background-color":"var(--ast-global-color-5)","background-image":"","background-repeat":"repeat","background-position":"center center","background-size":"auto","background-attachment":"scroll","background-type":"","background-media":"","overlay-type":"","overlay-color":"","overlay-opacity":"","overlay-gradient":""}}},"product_brand":[],"product_cat":[177],"product_tag":[],"class_list":{"0":"post-13005","1":"product","2":"type-product","3":"status-publish","4":"has-post-thumbnail","6":"product_cat-ulja-i-ekstrakti","7":"desktop-align-center","8":"tablet-align-center","9":"mobile-align-center","10":"ast-product-gallery-layout-horizontal","11":"ast-product-gallery-with-no-image","12":"ast-product-tabs-layout-horizontal","14":"first","15":"instock","16":"taxable","17":"shipping-taxable","18":"purchasable","19":"product-type-simple"},"yoast_head":"<!-- This site is optimized with the Yoast SEO plugin v25.7 - https:\/\/yoast.com\/wordpress\/plugins\/seo\/ -->\n<title>LIMFOL - Spletna trgovina<\/title>\n<meta name=\"robots\" content=\"index, follow, max-snippet:-1, max-image-preview:large, max-video-preview:-1\" \/>\n<link rel=\"canonical\" href=\"https:\/\/www.planetzdravja.com\/trgovina\/hr\/izdelek\/limfol\/\" \/>\n<meta property=\"og:locale\" content=\"sl_SI\" \/>\n<meta property=\"og:type\" content=\"article\" \/>\n<meta property=\"og:title\" content=\"LIMFOL - Spletna trgovina\" \/>\n<meta property=\"og:description\" content=\"Sastojci: Hladno pre\u0161ano ulje maka, zasi\u0107ena sol, fruktoza. Preporu\u010dena uporaba: Prva dva dana nanositi na cijelo tijelo, uklju\u010duju\u0107i lice, dva puta dnevno. Zatim nastavite s mazanjem jednom dnevno. Na\u010din \u010duvanja: \u010cuvati Limfol na suhom mjestu, na sobnoj temperaturi, do +25 stupnjeva C. Nikada ne izlagati direktnoj sun\u010devoj svjetlosti ili temperaturama iznad 38 stupnjeva C.\" \/>\n<meta property=\"og:url\" content=\"https:\/\/www.planetzdravja.com\/trgovina\/hr\/izdelek\/limfol\/\" \/>\n<meta property=\"og:site_name\" content=\"Spletna trgovina\" \/>\n<meta property=\"article:modified_time\" content=\"2026-01-16T11:18:44+00:00\" \/>\n<meta property=\"og:image\" content=\"https:\/\/www.planetzdravja.com\/trgovina\/wp-content\/uploads\/sites\/2\/2015\/06\/limfol.jpg\" \/>\n\t<meta property=\"og:image:width\" content=\"670\" \/>\n\t<meta property=\"og:image:height\" content=\"1000\" \/>\n\t<meta property=\"og:image:type\" content=\"image\/jpeg\" \/>\n<meta name=\"twitter:card\" content=\"summary_large_image\" \/>\n<meta name=\"twitter:label1\" content=\"Est. reading time\" \/>\n\t<meta name=\"twitter:data1\" content=\"1 minuta\" \/>\n<script type=\"application\/ld+json\" class=\"yoast-schema-graph\">{\"@context\":\"https:\/\/schema.org\",\"@graph\":[{\"@type\":\"WebPage\",\"@id\":\"https:\/\/www.planetzdravja.com\/trgovina\/hr\/izdelek\/limfol\/\",\"url\":\"https:\/\/www.planetzdravja.com\/trgovina\/hr\/izdelek\/limfol\/\",\"name\":\"LIMFOL - Spletna trgovina\",\"isPartOf\":{\"@id\":\"https:\/\/www.planetzdravja.com\/trgovina\/#website\"},\"primaryImageOfPage\":{\"@id\":\"https:\/\/www.planetzdravja.com\/trgovina\/hr\/izdelek\/limfol\/#primaryimage\"},\"image\":{\"@id\":\"https:\/\/www.planetzdravja.com\/trgovina\/hr\/izdelek\/limfol\/#primaryimage\"},\"thumbnailUrl\":\"https:\/\/www.planetzdravja.com\/trgovina\/wp-content\/uploads\/sites\/2\/2015\/06\/limfol.jpg\",\"datePublished\":\"2024-09-26T08:07:38+00:00\",\"dateModified\":\"2026-01-16T11:18:44+00:00\",\"breadcrumb\":{\"@id\":\"https:\/\/www.planetzdravja.com\/trgovina\/hr\/izdelek\/limfol\/#breadcrumb\"},\"inLanguage\":\"sl-SI\",\"potentialAction\":[{\"@type\":\"ReadAction\",\"target\":[\"https:\/\/www.planetzdravja.com\/trgovina\/hr\/izdelek\/limfol\/\"]}]},{\"@type\":\"ImageObject\",\"inLanguage\":\"sl-SI\",\"@id\":\"https:\/\/www.planetzdravja.com\/trgovina\/hr\/izdelek\/limfol\/#primaryimage\",\"url\":\"https:\/\/www.planetzdravja.com\/trgovina\/wp-content\/uploads\/sites\/2\/2015\/06\/limfol.jpg\",\"contentUrl\":\"https:\/\/www.planetzdravja.com\/trgovina\/wp-content\/uploads\/sites\/2\/2015\/06\/limfol.jpg\",\"width\":670,\"height\":1000},{\"@type\":\"BreadcrumbList\",\"@id\":\"https:\/\/www.planetzdravja.com\/trgovina\/hr\/izdelek\/limfol\/#breadcrumb\",\"itemListElement\":[{\"@type\":\"ListItem\",\"position\":1,\"name\":\"Home\",\"item\":\"https:\/\/www.planetzdravja.com\/trgovina\/\"},{\"@type\":\"ListItem\",\"position\":2,\"name\":\"Izdelki\",\"item\":\"https:\/\/www.planetzdravja.com\/trgovina\/shop\/\"},{\"@type\":\"ListItem\",\"position\":3,\"name\":\"LIMFOL\"}]},{\"@type\":\"WebSite\",\"@id\":\"https:\/\/www.planetzdravja.com\/trgovina\/#website\",\"url\":\"https:\/\/www.planetzdravja.com\/trgovina\/\",\"name\":\"Spletna trgovina\",\"description\":\"Napredna znanost narave\",\"publisher\":{\"@id\":\"https:\/\/www.planetzdravja.com\/trgovina\/#organization\"},\"potentialAction\":[{\"@type\":\"SearchAction\",\"target\":{\"@type\":\"EntryPoint\",\"urlTemplate\":\"https:\/\/www.planetzdravja.com\/trgovina\/?s={search_term_string}\"},\"query-input\":{\"@type\":\"PropertyValueSpecification\",\"valueRequired\":true,\"valueName\":\"search_term_string\"}}],\"inLanguage\":\"sl-SI\"},{\"@type\":\"Organization\",\"@id\":\"https:\/\/www.planetzdravja.com\/trgovina\/#organization\",\"name\":\"Spletna trgovina\",\"url\":\"https:\/\/www.planetzdravja.com\/trgovina\/\",\"logo\":{\"@type\":\"ImageObject\",\"inLanguage\":\"sl-SI\",\"@id\":\"https:\/\/www.planetzdravja.com\/trgovina\/#\/schema\/logo\/image\/\",\"url\":\"https:\/\/www.planetzdravja.com\/trgovina\/wp-content\/uploads\/sites\/2\/2022\/02\/vector-logo-shop-v2-1-1.png\",\"contentUrl\":\"https:\/\/www.planetzdravja.com\/trgovina\/wp-content\/uploads\/sites\/2\/2022\/02\/vector-logo-shop-v2-1-1.png\",\"width\":300,\"height\":68,\"caption\":\"Spletna trgovina\"},\"image\":{\"@id\":\"https:\/\/www.planetzdravja.com\/trgovina\/#\/schema\/logo\/image\/\"}}]}<\/script>\n<!-- \/ Yoast SEO plugin. -->","yoast_head_json":{"title":"LIMFOL - Spletna trgovina","robots":{"index":"index","follow":"follow","max-snippet":"max-snippet:-1","max-image-preview":"max-image-preview:large","max-video-preview":"max-video-preview:-1"},"canonical":"https:\/\/www.planetzdravja.com\/trgovina\/hr\/izdelek\/limfol\/","og_locale":"sl_SI","og_type":"article","og_title":"LIMFOL - Spletna trgovina","og_description":"Sastojci: Hladno pre\u0161ano ulje maka, zasi\u0107ena sol, fruktoza. Preporu\u010dena uporaba: Prva dva dana nanositi na cijelo tijelo, uklju\u010duju\u0107i lice, dva puta dnevno. Zatim nastavite s mazanjem jednom dnevno. Na\u010din \u010duvanja: \u010cuvati Limfol na suhom mjestu, na sobnoj temperaturi, do +25 stupnjeva C. Nikada ne izlagati direktnoj sun\u010devoj svjetlosti ili temperaturama iznad 38 stupnjeva C.","og_url":"https:\/\/www.planetzdravja.com\/trgovina\/hr\/izdelek\/limfol\/","og_site_name":"Spletna trgovina","article_modified_time":"2026-01-16T11:18:44+00:00","og_image":[{"width":670,"height":1000,"url":"https:\/\/www.planetzdravja.com\/trgovina\/wp-content\/uploads\/sites\/2\/2015\/06\/limfol.jpg","type":"image\/jpeg"}],"twitter_card":"summary_large_image","twitter_misc":{"Est. reading time":"1 minuta"},"schema":{"@context":"https:\/\/schema.org","@graph":[{"@type":"WebPage","@id":"https:\/\/www.planetzdravja.com\/trgovina\/hr\/izdelek\/limfol\/","url":"https:\/\/www.planetzdravja.com\/trgovina\/hr\/izdelek\/limfol\/","name":"LIMFOL - Spletna trgovina","isPartOf":{"@id":"https:\/\/www.planetzdravja.com\/trgovina\/#website"},"primaryImageOfPage":{"@id":"https:\/\/www.planetzdravja.com\/trgovina\/hr\/izdelek\/limfol\/#primaryimage"},"image":{"@id":"https:\/\/www.planetzdravja.com\/trgovina\/hr\/izdelek\/limfol\/#primaryimage"},"thumbnailUrl":"https:\/\/www.planetzdravja.com\/trgovina\/wp-content\/uploads\/sites\/2\/2015\/06\/limfol.jpg","datePublished":"2024-09-26T08:07:38+00:00","dateModified":"2026-01-16T11:18:44+00:00","breadcrumb":{"@id":"https:\/\/www.planetzdravja.com\/trgovina\/hr\/izdelek\/limfol\/#breadcrumb"},"inLanguage":"sl-SI","potentialAction":[{"@type":"ReadAction","target":["https:\/\/www.planetzdravja.com\/trgovina\/hr\/izdelek\/limfol\/"]}]},{"@type":"ImageObject","inLanguage":"sl-SI","@id":"https:\/\/www.planetzdravja.com\/trgovina\/hr\/izdelek\/limfol\/#primaryimage","url":"https:\/\/www.planetzdravja.com\/trgovina\/wp-content\/uploads\/sites\/2\/2015\/06\/limfol.jpg","contentUrl":"https:\/\/www.planetzdravja.com\/trgovina\/wp-content\/uploads\/sites\/2\/2015\/06\/limfol.jpg","width":670,"height":1000},{"@type":"BreadcrumbList","@id":"https:\/\/www.planetzdravja.com\/trgovina\/hr\/izdelek\/limfol\/#breadcrumb","itemListElement":[{"@type":"ListItem","position":1,"name":"Home","item":"https:\/\/www.planetzdravja.com\/trgovina\/"},{"@type":"ListItem","position":2,"name":"Izdelki","item":"https:\/\/www.planetzdravja.com\/trgovina\/shop\/"},{"@type":"ListItem","position":3,"name":"LIMFOL"}]},{"@type":"WebSite","@id":"https:\/\/www.planetzdravja.com\/trgovina\/#website","url":"https:\/\/www.planetzdravja.com\/trgovina\/","name":"Spletna trgovina","description":"Napredna znanost narave","publisher":{"@id":"https:\/\/www.planetzdravja.com\/trgovina\/#organization"},"potentialAction":[{"@type":"SearchAction","target":{"@type":"EntryPoint","urlTemplate":"https:\/\/www.planetzdravja.com\/trgovina\/?s={search_term_string}"},"query-input":{"@type":"PropertyValueSpecification","valueRequired":true,"valueName":"search_term_string"}}],"inLanguage":"sl-SI"},{"@type":"Organization","@id":"https:\/\/www.planetzdravja.com\/trgovina\/#organization","name":"Spletna trgovina","url":"https:\/\/www.planetzdravja.com\/trgovina\/","logo":{"@type":"ImageObject","inLanguage":"sl-SI","@id":"https:\/\/www.planetzdravja.com\/trgovina\/#\/schema\/logo\/image\/","url":"https:\/\/www.planetzdravja.com\/trgovina\/wp-content\/uploads\/sites\/2\/2022\/02\/vector-logo-shop-v2-1-1.png","contentUrl":"https:\/\/www.planetzdravja.com\/trgovina\/wp-content\/uploads\/sites\/2\/2022\/02\/vector-logo-shop-v2-1-1.png","width":300,"height":68,"caption":"Spletna trgovina"},"image":{"@id":"https:\/\/www.planetzdravja.com\/trgovina\/#\/schema\/logo\/image\/"}}]}},"lang":"hr","translations":{"hr":13005,"en":11352,"sl":7937},"pll_sync_post":[],"_links":{"self":[{"href":"https:\/\/www.planetzdravja.com\/trgovina\/wp-json\/wp\/v2\/product\/13005","targetHints":{"allow":["GET"]}}],"collection":[{"href":"https:\/\/www.planetzdravja.com\/trgovina\/wp-json\/wp\/v2\/product"}],"about":[{"href":"https:\/\/www.planetzdravja.com\/trgovina\/wp-json\/wp\/v2\/types\/product"}],"wp:featuredmedia":[{"embeddable":true,"href":"https:\/\/www.planetzdravja.com\/trgovina\/wp-json\/wp\/v2\/media\/7869"}],"wp:attachment":[{"href":"https:\/\/www.planetzdravja.com\/trgovina\/wp-json\/wp\/v2\/media?parent=13005"}],"wp:term":[{"taxonomy":"product_brand","embeddable":true,"href":"https:\/\/www.planetzdravja.com\/trgovina\/wp-json\/wp\/v2\/product_brand?post=13005"},{"taxonomy":"product_cat","embeddable":true,"href":"https:\/\/www.planetzdravja.com\/trgovina\/wp-json\/wp\/v2\/product_cat?post=13005"},{"taxonomy":"product_tag","embeddable":true,"href":"https:\/\/www.planetzdravja.com\/trgovina\/wp-json\/wp\/v2\/product_tag?post=13005"}],"curies":[{"name":"wp","href":"https:\/\/api.w.org\/{rel}","templated":true}]}}