{"id":12998,"date":"2024-09-26T08:02:59","date_gmt":"2024-09-26T08:02:59","guid":{"rendered":"https:\/\/www.planetzdravja.com\/trgovina\/?post_type=product&#038;p=12998"},"modified":"2025-10-16T16:13:13","modified_gmt":"2025-10-16T14:13:13","slug":"ulje-77","status":"publish","type":"product","link":"https:\/\/www.planetzdravja.com\/trgovina\/hr\/izdelek\/ulje-77\/","title":{"rendered":"Ulje 77"},"content":{"rendered":"<p><strong>Ulje 77 je dodatak prehrani.<\/strong> Dodatak prehrani nije zamjena za uravnote\u017eenu i raznoliku prehranu i zdrav na\u010din \u017eivota.<\/p>\n<p><strong>Sastav:<\/strong> Prirodno, nerafinirano, nefiltrirano, hladno pre\u0161ano ulje sezama, eteri\u010dno ulje lista eukaliptusa*, eteri\u010dno ulje timijana.<br \/>\n<em>* Eteri\u010dno ulje eukaliptusa opu\u0161ta di\u0161ne \u200b\u200bputeve.<\/em><\/p>\n<p><strong>Podaci o alergenima:<\/strong> proizvod sadr\u017ei sezam. Proizvod sadr\u017ei limonen.<\/p>\n<p><strong>Preporu\u010dena dnevna koli\u010dina i upute za uporabu:<\/strong> Uzimati po jednu \u010dajnu \u017eli\u010dicu (2,5 ml) 3 puta dnevno 15 minuta prije jela. Preporu\u010dena dnevna koli\u010dina (7,5 ml) sadr\u017ei 7,31 ml sezamovog ulja, 0,15 ml eteri\u010dnog ulja lista eukaliptusa, 0,037 ml eteri\u010dnog ulja maj\u010dine du\u0161ice.Preporu\u010dena dnevna koli\u010dina ne smije se prekora\u010diti.<\/p>\n<p><strong>\u010cuvati<\/strong> na sobnoj temperaturi. Ne izlagati izravnoj sun\u010devoj svjetlosti. \u010cuvati izvan dohvata djece!<\/p>\n<p>&nbsp;<\/p>\n<p><em>Proizvedeno u Sloveniji. Mjesto podrijetla osnovnog sastojka nije isto \u0161to i zemlja podrijetla.<\/em><br \/>\n<em>Prodaja: AS AN d.o.o., Celov\u0161ka cesta 69c, 1000 Ljubljana<\/em><\/p>\n","protected":false},"excerpt":{"rendered":"<p>Ulje 77 je dodatak prehrani. Dodatak prehrani nije zamjena za uravnote\u017eenu i raznoliku prehranu i zdrav na\u010din \u017eivota. Sastav: Prirodno, nerafinirano, nefiltrirano, hladno pre\u0161ano ulje sezama, eteri\u010dno ulje lista eukaliptusa*, eteri\u010dno ulje timijana. * Eteri\u010dno ulje eukaliptusa opu\u0161ta di\u0161ne \u200b\u200bputeve. Podaci o alergenima: proizvod sadr\u017ei sezam. Proizvod sadr\u017ei limonen. Preporu\u010dena dnevna koli\u010dina i upute za [&hellip;]<\/p>\n","protected":false},"featured_media":11091,"template":"","meta":{"site-sidebar-layout":"default","site-content-layout":"default","ast-site-content-layout":"default","site-content-style":"default","site-sidebar-style":"default","ast-global-header-display":"","ast-banner-title-visibility":"","ast-main-header-display":"","ast-hfb-above-header-display":"","ast-hfb-below-header-display":"","ast-hfb-mobile-header-display":"","site-post-title":"","ast-breadcrumbs-content":"","ast-featured-img":"","footer-sml-layout":"","theme-transparent-header-meta":"default","adv-header-id-meta":"","stick-header-meta":"default","header-above-stick-meta":"","header-main-stick-meta":"","header-below-stick-meta":"","astra-migrate-meta-layouts":"default","ast-page-background-enabled":"default","ast-page-background-meta":{"desktop":{"background-color":"","background-image":"","background-repeat":"repeat","background-position":"center center","background-size":"auto","background-attachment":"scroll","background-type":"","background-media":"","overlay-type":"","overlay-color":"","overlay-opacity":"","overlay-gradient":""},"tablet":{"background-color":"","background-image":"","background-repeat":"repeat","background-position":"center center","background-size":"auto","background-attachment":"scroll","background-type":"","background-media":"","overlay-type":"","overlay-color":"","overlay-opacity":"","overlay-gradient":""},"mobile":{"background-color":"","background-image":"","background-repeat":"repeat","background-position":"center center","background-size":"auto","background-attachment":"scroll","background-type":"","background-media":"","overlay-type":"","overlay-color":"","overlay-opacity":"","overlay-gradient":""}},"ast-content-background-meta":{"desktop":{"background-color":"var(--ast-global-color-5)","background-image":"","background-repeat":"repeat","background-position":"center center","background-size":"auto","background-attachment":"scroll","background-type":"","background-media":"","overlay-type":"","overlay-color":"","overlay-opacity":"","overlay-gradient":""},"tablet":{"background-color":"var(--ast-global-color-5)","background-image":"","background-repeat":"repeat","background-position":"center center","background-size":"auto","background-attachment":"scroll","background-type":"","background-media":"","overlay-type":"","overlay-color":"","overlay-opacity":"","overlay-gradient":""},"mobile":{"background-color":"var(--ast-global-color-5)","background-image":"","background-repeat":"repeat","background-position":"center center","background-size":"auto","background-attachment":"scroll","background-type":"","background-media":"","overlay-type":"","overlay-color":"","overlay-opacity":"","overlay-gradient":""}}},"product_brand":[],"product_cat":[177],"product_tag":[],"class_list":{"0":"post-12998","1":"product","2":"type-product","3":"status-publish","4":"has-post-thumbnail","6":"product_cat-ulja-i-ekstrakti","7":"desktop-align-center","8":"tablet-align-center","9":"mobile-align-center","10":"ast-product-gallery-layout-horizontal","11":"ast-product-gallery-with-no-image","12":"ast-product-tabs-layout-horizontal","14":"first","15":"onbackorder","16":"taxable","17":"shipping-taxable","18":"purchasable","19":"product-type-simple"},"yoast_head":"<!-- This site is optimized with the Yoast SEO plugin v25.7 - https:\/\/yoast.com\/wordpress\/plugins\/seo\/ -->\n<title>Ulje 77 - Spletna trgovina<\/title>\n<meta name=\"robots\" content=\"index, follow, max-snippet:-1, max-image-preview:large, max-video-preview:-1\" \/>\n<link rel=\"canonical\" href=\"https:\/\/www.planetzdravja.com\/trgovina\/hr\/izdelek\/ulje-77\/\" \/>\n<meta property=\"og:locale\" content=\"sl_SI\" \/>\n<meta property=\"og:type\" content=\"article\" \/>\n<meta property=\"og:title\" content=\"Ulje 77 - Spletna trgovina\" \/>\n<meta property=\"og:description\" content=\"Ulje 77 je dodatak prehrani. Dodatak prehrani nije zamjena za uravnote\u017eenu i raznoliku prehranu i zdrav na\u010din \u017eivota. Sastav: Prirodno, nerafinirano, nefiltrirano, hladno pre\u0161ano ulje sezama, eteri\u010dno ulje lista eukaliptusa*, eteri\u010dno ulje timijana. * Eteri\u010dno ulje eukaliptusa opu\u0161ta di\u0161ne \u200b\u200bputeve. Podaci o alergenima: proizvod sadr\u017ei sezam. Proizvod sadr\u017ei limonen. Preporu\u010dena dnevna koli\u010dina i upute za [&hellip;]\" \/>\n<meta property=\"og:url\" content=\"https:\/\/www.planetzdravja.com\/trgovina\/hr\/izdelek\/ulje-77\/\" \/>\n<meta property=\"og:site_name\" content=\"Spletna trgovina\" \/>\n<meta property=\"article:modified_time\" content=\"2025-10-16T14:13:13+00:00\" \/>\n<meta property=\"og:image\" content=\"https:\/\/www.planetzdravja.com\/trgovina\/wp-content\/uploads\/sites\/2\/2024\/03\/atbjvrq2ea-olje-77-bottle-with-box-background.png\" \/>\n\t<meta property=\"og:image:width\" content=\"800\" \/>\n\t<meta property=\"og:image:height\" content=\"800\" \/>\n\t<meta property=\"og:image:type\" content=\"image\/png\" \/>\n<meta name=\"twitter:card\" content=\"summary_large_image\" \/>\n<meta name=\"twitter:label1\" content=\"Est. reading time\" \/>\n\t<meta name=\"twitter:data1\" content=\"1 minuta\" \/>\n<script type=\"application\/ld+json\" class=\"yoast-schema-graph\">{\"@context\":\"https:\/\/schema.org\",\"@graph\":[{\"@type\":\"WebPage\",\"@id\":\"https:\/\/www.planetzdravja.com\/trgovina\/hr\/izdelek\/ulje-77\/\",\"url\":\"https:\/\/www.planetzdravja.com\/trgovina\/hr\/izdelek\/ulje-77\/\",\"name\":\"Ulje 77 - Spletna trgovina\",\"isPartOf\":{\"@id\":\"https:\/\/www.planetzdravja.com\/trgovina\/#website\"},\"primaryImageOfPage\":{\"@id\":\"https:\/\/www.planetzdravja.com\/trgovina\/hr\/izdelek\/ulje-77\/#primaryimage\"},\"image\":{\"@id\":\"https:\/\/www.planetzdravja.com\/trgovina\/hr\/izdelek\/ulje-77\/#primaryimage\"},\"thumbnailUrl\":\"https:\/\/www.planetzdravja.com\/trgovina\/wp-content\/uploads\/sites\/2\/2024\/03\/atbjvrq2ea-olje-77-bottle-with-box-background.png\",\"datePublished\":\"2024-09-26T08:02:59+00:00\",\"dateModified\":\"2025-10-16T14:13:13+00:00\",\"breadcrumb\":{\"@id\":\"https:\/\/www.planetzdravja.com\/trgovina\/hr\/izdelek\/ulje-77\/#breadcrumb\"},\"inLanguage\":\"sl-SI\",\"potentialAction\":[{\"@type\":\"ReadAction\",\"target\":[\"https:\/\/www.planetzdravja.com\/trgovina\/hr\/izdelek\/ulje-77\/\"]}]},{\"@type\":\"ImageObject\",\"inLanguage\":\"sl-SI\",\"@id\":\"https:\/\/www.planetzdravja.com\/trgovina\/hr\/izdelek\/ulje-77\/#primaryimage\",\"url\":\"https:\/\/www.planetzdravja.com\/trgovina\/wp-content\/uploads\/sites\/2\/2024\/03\/atbjvrq2ea-olje-77-bottle-with-box-background.png\",\"contentUrl\":\"https:\/\/www.planetzdravja.com\/trgovina\/wp-content\/uploads\/sites\/2\/2024\/03\/atbjvrq2ea-olje-77-bottle-with-box-background.png\",\"width\":800,\"height\":800},{\"@type\":\"BreadcrumbList\",\"@id\":\"https:\/\/www.planetzdravja.com\/trgovina\/hr\/izdelek\/ulje-77\/#breadcrumb\",\"itemListElement\":[{\"@type\":\"ListItem\",\"position\":1,\"name\":\"Home\",\"item\":\"https:\/\/www.planetzdravja.com\/trgovina\/\"},{\"@type\":\"ListItem\",\"position\":2,\"name\":\"Izdelki\",\"item\":\"https:\/\/www.planetzdravja.com\/trgovina\/shop\/\"},{\"@type\":\"ListItem\",\"position\":3,\"name\":\"Ulje 77\"}]},{\"@type\":\"WebSite\",\"@id\":\"https:\/\/www.planetzdravja.com\/trgovina\/#website\",\"url\":\"https:\/\/www.planetzdravja.com\/trgovina\/\",\"name\":\"Spletna trgovina\",\"description\":\"Napredna znanost narave\",\"publisher\":{\"@id\":\"https:\/\/www.planetzdravja.com\/trgovina\/#organization\"},\"potentialAction\":[{\"@type\":\"SearchAction\",\"target\":{\"@type\":\"EntryPoint\",\"urlTemplate\":\"https:\/\/www.planetzdravja.com\/trgovina\/?s={search_term_string}\"},\"query-input\":{\"@type\":\"PropertyValueSpecification\",\"valueRequired\":true,\"valueName\":\"search_term_string\"}}],\"inLanguage\":\"sl-SI\"},{\"@type\":\"Organization\",\"@id\":\"https:\/\/www.planetzdravja.com\/trgovina\/#organization\",\"name\":\"Spletna trgovina\",\"url\":\"https:\/\/www.planetzdravja.com\/trgovina\/\",\"logo\":{\"@type\":\"ImageObject\",\"inLanguage\":\"sl-SI\",\"@id\":\"https:\/\/www.planetzdravja.com\/trgovina\/#\/schema\/logo\/image\/\",\"url\":\"https:\/\/www.planetzdravja.com\/trgovina\/wp-content\/uploads\/sites\/2\/2022\/02\/vector-logo-shop-v2-1-1.png\",\"contentUrl\":\"https:\/\/www.planetzdravja.com\/trgovina\/wp-content\/uploads\/sites\/2\/2022\/02\/vector-logo-shop-v2-1-1.png\",\"width\":300,\"height\":68,\"caption\":\"Spletna trgovina\"},\"image\":{\"@id\":\"https:\/\/www.planetzdravja.com\/trgovina\/#\/schema\/logo\/image\/\"}}]}<\/script>\n<!-- \/ Yoast SEO plugin. -->","yoast_head_json":{"title":"Ulje 77 - Spletna trgovina","robots":{"index":"index","follow":"follow","max-snippet":"max-snippet:-1","max-image-preview":"max-image-preview:large","max-video-preview":"max-video-preview:-1"},"canonical":"https:\/\/www.planetzdravja.com\/trgovina\/hr\/izdelek\/ulje-77\/","og_locale":"sl_SI","og_type":"article","og_title":"Ulje 77 - Spletna trgovina","og_description":"Ulje 77 je dodatak prehrani. Dodatak prehrani nije zamjena za uravnote\u017eenu i raznoliku prehranu i zdrav na\u010din \u017eivota. Sastav: Prirodno, nerafinirano, nefiltrirano, hladno pre\u0161ano ulje sezama, eteri\u010dno ulje lista eukaliptusa*, eteri\u010dno ulje timijana. * Eteri\u010dno ulje eukaliptusa opu\u0161ta di\u0161ne \u200b\u200bputeve. Podaci o alergenima: proizvod sadr\u017ei sezam. Proizvod sadr\u017ei limonen. Preporu\u010dena dnevna koli\u010dina i upute za [&hellip;]","og_url":"https:\/\/www.planetzdravja.com\/trgovina\/hr\/izdelek\/ulje-77\/","og_site_name":"Spletna trgovina","article_modified_time":"2025-10-16T14:13:13+00:00","og_image":[{"width":800,"height":800,"url":"https:\/\/www.planetzdravja.com\/trgovina\/wp-content\/uploads\/sites\/2\/2024\/03\/atbjvrq2ea-olje-77-bottle-with-box-background.png","type":"image\/png"}],"twitter_card":"summary_large_image","twitter_misc":{"Est. reading time":"1 minuta"},"schema":{"@context":"https:\/\/schema.org","@graph":[{"@type":"WebPage","@id":"https:\/\/www.planetzdravja.com\/trgovina\/hr\/izdelek\/ulje-77\/","url":"https:\/\/www.planetzdravja.com\/trgovina\/hr\/izdelek\/ulje-77\/","name":"Ulje 77 - Spletna trgovina","isPartOf":{"@id":"https:\/\/www.planetzdravja.com\/trgovina\/#website"},"primaryImageOfPage":{"@id":"https:\/\/www.planetzdravja.com\/trgovina\/hr\/izdelek\/ulje-77\/#primaryimage"},"image":{"@id":"https:\/\/www.planetzdravja.com\/trgovina\/hr\/izdelek\/ulje-77\/#primaryimage"},"thumbnailUrl":"https:\/\/www.planetzdravja.com\/trgovina\/wp-content\/uploads\/sites\/2\/2024\/03\/atbjvrq2ea-olje-77-bottle-with-box-background.png","datePublished":"2024-09-26T08:02:59+00:00","dateModified":"2025-10-16T14:13:13+00:00","breadcrumb":{"@id":"https:\/\/www.planetzdravja.com\/trgovina\/hr\/izdelek\/ulje-77\/#breadcrumb"},"inLanguage":"sl-SI","potentialAction":[{"@type":"ReadAction","target":["https:\/\/www.planetzdravja.com\/trgovina\/hr\/izdelek\/ulje-77\/"]}]},{"@type":"ImageObject","inLanguage":"sl-SI","@id":"https:\/\/www.planetzdravja.com\/trgovina\/hr\/izdelek\/ulje-77\/#primaryimage","url":"https:\/\/www.planetzdravja.com\/trgovina\/wp-content\/uploads\/sites\/2\/2024\/03\/atbjvrq2ea-olje-77-bottle-with-box-background.png","contentUrl":"https:\/\/www.planetzdravja.com\/trgovina\/wp-content\/uploads\/sites\/2\/2024\/03\/atbjvrq2ea-olje-77-bottle-with-box-background.png","width":800,"height":800},{"@type":"BreadcrumbList","@id":"https:\/\/www.planetzdravja.com\/trgovina\/hr\/izdelek\/ulje-77\/#breadcrumb","itemListElement":[{"@type":"ListItem","position":1,"name":"Home","item":"https:\/\/www.planetzdravja.com\/trgovina\/"},{"@type":"ListItem","position":2,"name":"Izdelki","item":"https:\/\/www.planetzdravja.com\/trgovina\/shop\/"},{"@type":"ListItem","position":3,"name":"Ulje 77"}]},{"@type":"WebSite","@id":"https:\/\/www.planetzdravja.com\/trgovina\/#website","url":"https:\/\/www.planetzdravja.com\/trgovina\/","name":"Spletna trgovina","description":"Napredna znanost narave","publisher":{"@id":"https:\/\/www.planetzdravja.com\/trgovina\/#organization"},"potentialAction":[{"@type":"SearchAction","target":{"@type":"EntryPoint","urlTemplate":"https:\/\/www.planetzdravja.com\/trgovina\/?s={search_term_string}"},"query-input":{"@type":"PropertyValueSpecification","valueRequired":true,"valueName":"search_term_string"}}],"inLanguage":"sl-SI"},{"@type":"Organization","@id":"https:\/\/www.planetzdravja.com\/trgovina\/#organization","name":"Spletna trgovina","url":"https:\/\/www.planetzdravja.com\/trgovina\/","logo":{"@type":"ImageObject","inLanguage":"sl-SI","@id":"https:\/\/www.planetzdravja.com\/trgovina\/#\/schema\/logo\/image\/","url":"https:\/\/www.planetzdravja.com\/trgovina\/wp-content\/uploads\/sites\/2\/2022\/02\/vector-logo-shop-v2-1-1.png","contentUrl":"https:\/\/www.planetzdravja.com\/trgovina\/wp-content\/uploads\/sites\/2\/2022\/02\/vector-logo-shop-v2-1-1.png","width":300,"height":68,"caption":"Spletna trgovina"},"image":{"@id":"https:\/\/www.planetzdravja.com\/trgovina\/#\/schema\/logo\/image\/"}}]}},"lang":"hr","translations":{"hr":12998,"en":11343},"pll_sync_post":[],"_links":{"self":[{"href":"https:\/\/www.planetzdravja.com\/trgovina\/wp-json\/wp\/v2\/product\/12998","targetHints":{"allow":["GET"]}}],"collection":[{"href":"https:\/\/www.planetzdravja.com\/trgovina\/wp-json\/wp\/v2\/product"}],"about":[{"href":"https:\/\/www.planetzdravja.com\/trgovina\/wp-json\/wp\/v2\/types\/product"}],"wp:featuredmedia":[{"embeddable":true,"href":"https:\/\/www.planetzdravja.com\/trgovina\/wp-json\/wp\/v2\/media\/11091"}],"wp:attachment":[{"href":"https:\/\/www.planetzdravja.com\/trgovina\/wp-json\/wp\/v2\/media?parent=12998"}],"wp:term":[{"taxonomy":"product_brand","embeddable":true,"href":"https:\/\/www.planetzdravja.com\/trgovina\/wp-json\/wp\/v2\/product_brand?post=12998"},{"taxonomy":"product_cat","embeddable":true,"href":"https:\/\/www.planetzdravja.com\/trgovina\/wp-json\/wp\/v2\/product_cat?post=12998"},{"taxonomy":"product_tag","embeddable":true,"href":"https:\/\/www.planetzdravja.com\/trgovina\/wp-json\/wp\/v2\/product_tag?post=12998"}],"curies":[{"name":"wp","href":"https:\/\/api.w.org\/{rel}","templated":true}]}}