{"id":9324,"date":"2023-08-10T09:47:05","date_gmt":"2023-08-10T09:47:05","guid":{"rendered":"https:\/\/www.planetzdravja.com\/trgovina\/?page_id=9324"},"modified":"2023-08-10T09:47:53","modified_gmt":"2023-08-10T09:47:53","slug":"pravilnik-o-zasebnosti","status":"publish","type":"page","link":"https:\/\/www.planetzdravja.com\/trgovina\/pravilnik-o-zasebnosti\/","title":{"rendered":"Pravilnik o zasebnosti"},"content":{"rendered":"\t\t<div data-elementor-type=\"wp-page\" data-elementor-id=\"9324\" class=\"elementor elementor-9324\" data-elementor-post-type=\"page\">\n\t\t\t\t\t\t<section class=\"elementor-section elementor-top-section elementor-element elementor-element-c2904e3 elementor-section-boxed elementor-section-height-default elementor-section-height-default\" data-id=\"c2904e3\" data-element_type=\"section\" data-e-type=\"section\" data-settings=\"{&quot;background_background&quot;:&quot;classic&quot;,&quot;shape_divider_bottom&quot;:&quot;mountains&quot;}\">\n\t\t\t\t\t<div class=\"elementor-shape elementor-shape-bottom\" aria-hidden=\"true\" data-negative=\"false\">\n\t\t\t<svg xmlns=\"http:\/\/www.w3.org\/2000\/svg\" viewBox=\"0 0 1000 100\" preserveAspectRatio=\"none\">\n\t<path class=\"elementor-shape-fill\" opacity=\"0.33\" d=\"M473,67.3c-203.9,88.3-263.1-34-320.3,0C66,119.1,0,59.7,0,59.7V0h1000v59.7 c0,0-62.1,26.1-94.9,29.3c-32.8,3.3-62.8-12.3-75.8-22.1C806,49.6,745.3,8.7,694.9,4.7S492.4,59,473,67.3z\"\/>\n\t<path class=\"elementor-shape-fill\" opacity=\"0.66\" d=\"M734,67.3c-45.5,0-77.2-23.2-129.1-39.1c-28.6-8.7-150.3-10.1-254,39.1 s-91.7-34.4-149.2,0C115.7,118.3,0,39.8,0,39.8V0h1000v36.5c0,0-28.2-18.5-92.1-18.5C810.2,18.1,775.7,67.3,734,67.3z\"\/>\n\t<path class=\"elementor-shape-fill\" d=\"M766.1,28.9c-200-57.5-266,65.5-395.1,19.5C242,1.8,242,5.4,184.8,20.6C128,35.8,132.3,44.9,89.9,52.5C28.6,63.7,0,0,0,0 h1000c0,0-9.9,40.9-83.6,48.1S829.6,47,766.1,28.9z\"\/>\n<\/svg>\t\t<\/div>\n\t\t\t\t\t<div class=\"elementor-container elementor-column-gap-default\">\n\t\t\t\t\t<div class=\"elementor-column elementor-col-100 elementor-top-column elementor-element elementor-element-143fa1a\" data-id=\"143fa1a\" data-element_type=\"column\" data-e-type=\"column\">\n\t\t\t<div class=\"elementor-widget-wrap elementor-element-populated\">\n\t\t\t\t\t\t\t<\/div>\n\t\t<\/div>\n\t\t\t\t\t<\/div>\n\t\t<\/section>\n\t\t\t\t<section class=\"elementor-section elementor-top-section elementor-element elementor-element-6266f1b elementor-section-boxed elementor-section-height-default elementor-section-height-default\" data-id=\"6266f1b\" data-element_type=\"section\" data-e-type=\"section\">\n\t\t\t\t\t\t<div class=\"elementor-container elementor-column-gap-default\">\n\t\t\t\t\t<div class=\"elementor-column elementor-col-100 elementor-top-column elementor-element elementor-element-7709e83\" data-id=\"7709e83\" data-element_type=\"column\" data-e-type=\"column\">\n\t\t\t<div class=\"elementor-widget-wrap elementor-element-populated\">\n\t\t\t\t\t\t<div class=\"elementor-element elementor-element-6439aae elementor-widget elementor-widget-heading\" data-id=\"6439aae\" data-element_type=\"widget\" data-e-type=\"widget\" data-widget_type=\"heading.default\">\n\t\t\t\t<div class=\"elementor-widget-container\">\n\t\t\t\t\t<h2 class=\"elementor-heading-title elementor-size-default\">Spletni pravilnik o zasebnosti <\/h2>\t\t\t\t<\/div>\n\t\t\t\t<\/div>\n\t\t\t\t<div class=\"elementor-element elementor-element-a729816 elementor-widget elementor-widget-text-editor\" data-id=\"a729816\" data-element_type=\"widget\" data-e-type=\"widget\" data-widget_type=\"text-editor.default\">\n\t\t\t\t<div class=\"elementor-widget-container\">\n\t\t\t\t\t\t\t\t\t<p class=\"font_8\">Lastnik tega spletnega mesta je podjetje AS AN d.o.o., ki spo\u0161tuje va\u0161o zasebnost.<\/p><p class=\"font_8\">V tem pravilniku o zasebnosti so opisane vrste osebnih podatkov, ki jih zbiramo z va\u0161o uporabo tega spletnega mesta, na\u010din uporabe in izmenjave podatkov ter va\u0161e izbire glede na\u0161e uporabe podatkov. Opisani so tudi ukrepi, s katerimi varujemo podatke in na\u010dini na katere lahko stopite v stik z nami glede na\u0161ih postopkov za varstvo zasebnosti.<\/p><p class=\"font_8\">Z uporabo tega spletnega mesta sogla\u0161ate z na\u0161im zbiranjem, uporabo in hrambo va\u0161ih podatkov na na\u010din, ki je opisan v tem pravilniku. \u010ce se ne strinjate s katerokoli dolo\u010dbo v tem pravilniku, ne posredujte nobenih osebnih podatkov na tem spletnem mestu.<\/p>\t\t\t\t\t\t\t\t<\/div>\n\t\t\t\t<\/div>\n\t\t\t\t<div class=\"elementor-element elementor-element-50c6832 elementor-widget elementor-widget-heading\" data-id=\"50c6832\" data-element_type=\"widget\" data-e-type=\"widget\" data-widget_type=\"heading.default\">\n\t\t\t\t<div class=\"elementor-widget-container\">\n\t\t\t\t\t<h3 class=\"elementor-heading-title elementor-size-default\">Zbiranje in uporaba osebnih podatkov<\/h3>\t\t\t\t<\/div>\n\t\t\t\t<\/div>\n\t\t\t\t<div class=\"elementor-element elementor-element-0b9641f elementor-widget elementor-widget-text-editor\" data-id=\"0b9641f\" data-element_type=\"widget\" data-e-type=\"widget\" data-widget_type=\"text-editor.default\">\n\t\t\t\t<div class=\"elementor-widget-container\">\n\t\t\t\t\t\t\t\t\t<p class=\"font_8\">Pri obisku na\u0161ega spletne strani lahko od vas zahtevamo dolo\u010dene osebne podatke za prijavo na brezpla\u010dne novice, te\u010daje in delavnice ali ob nakupu.<\/p><p class=\"font_8\"><span class=\"wixGuard\">\u200b<\/span>Ti podatki lahko vklju\u010dujejo va\u0161e ime, naslov, telefonsko \u0161tevilko, elektronski naslov ali kakr\u0161nekoli druge podatke, ki omogo\u010dajo osebno prepoznavanje. Posredovanje va\u0161ih osebnih podatkov je prostovoljno.<\/p><p class=\"font_8\">AS AN d.o.o. je edini lastnik podatkov, zbranih na tej spletni strani in jih ne bo prodajal, delil ali posredoval v druge namene. Va\u0161e osebne podatke bomo uporabljali le v namene, ki so navedeni, ko jih posredujete. S posredovanjem va\u0161ih osebnih podatkov na tem spletnem mestu sogla\u0161ate z njihovo uporabo ob va\u0161em nakupu, za obve\u0161\u010danje o dogodkih, novostih, storitvah in drugih zanimivostih.<\/p><p class=\"font_8\">AS AN d.o.o. izvaja postopke in ukrepe za zavarovanje osebnih podatkov.<\/p>\t\t\t\t\t\t\t\t<\/div>\n\t\t\t\t<\/div>\n\t\t\t\t<div class=\"elementor-element elementor-element-eb9e8b6 elementor-widget elementor-widget-heading\" data-id=\"eb9e8b6\" data-element_type=\"widget\" data-e-type=\"widget\" data-widget_type=\"heading.default\">\n\t\t\t\t<div class=\"elementor-widget-container\">\n\t\t\t\t\t<h3 class=\"elementor-heading-title elementor-size-default\">Sprememba in izbris va\u0161ih osebnih podatkov<\/h3>\t\t\t\t<\/div>\n\t\t\t\t<\/div>\n\t\t\t\t<div class=\"elementor-element elementor-element-df2a5e7 elementor-widget elementor-widget-text-editor\" data-id=\"df2a5e7\" data-element_type=\"widget\" data-e-type=\"widget\" data-widget_type=\"text-editor.default\">\n\t\t\t\t<div class=\"elementor-widget-container\">\n\t\t\t\t\t\t\t\t\t<p>\u010ce \u017eelite spremeniti ali izbrisati svoje osebne podatke, ki ste jih posredovali preko tega spletnega mesta, se lahko kadarkoli sami odjavite z klikom na \u00bbodjava\u00ab ali nam po\u0161ljite elektronsko sporo\u010dilo ali nas pokli\u010dite.<\/p>\t\t\t\t\t\t\t\t<\/div>\n\t\t\t\t<\/div>\n\t\t\t\t<div class=\"elementor-element elementor-element-420f18e elementor-widget elementor-widget-heading\" data-id=\"420f18e\" data-element_type=\"widget\" data-e-type=\"widget\" data-widget_type=\"heading.default\">\n\t\t\t\t<div class=\"elementor-widget-container\">\n\t\t\t\t\t<h3 class=\"elementor-heading-title elementor-size-default\">Pi\u0161kotki<\/h3>\t\t\t\t<\/div>\n\t\t\t\t<\/div>\n\t\t\t\t<div class=\"elementor-element elementor-element-9e949c0 elementor-widget elementor-widget-text-editor\" data-id=\"9e949c0\" data-element_type=\"widget\" data-e-type=\"widget\" data-widget_type=\"text-editor.default\">\n\t\t\t\t<div class=\"elementor-widget-container\">\n\t\t\t\t\t\t\t\t\t<p>Na va\u0161 ra\u010dunalnik se bodo lahko namestili majhni kosi informacij, znani kot \u201dpi\u0161kotki\u201d. Edina osebna informacija, ki jo \u201dpi\u0161kotek\u201d lahko vsebuje, so informacije, ki jih podate sami. \u010ce pi\u0161kotkov iz na\u0161e spletne strani ne \u017eelite prejemati, jih lahko z ustrezno nastavitvijo va\u0161ega internetnega brskalnika zavrnete, lahko pa jih tudi onemogo\u010dite. Za uporabo na\u0161e spletne strani ne potrebujete omogo\u010denih pi\u0161kotkov.\u00a0<\/p>\t\t\t\t\t\t\t\t<\/div>\n\t\t\t\t<\/div>\n\t\t\t\t<div class=\"elementor-element elementor-element-90f91a9 elementor-widget elementor-widget-heading\" data-id=\"90f91a9\" data-element_type=\"widget\" data-e-type=\"widget\" data-widget_type=\"heading.default\">\n\t\t\t\t<div class=\"elementor-widget-container\">\n\t\t\t\t\t<h3 class=\"elementor-heading-title elementor-size-default\">Te\u017eave ali prito\u017ebe<\/h3>\t\t\t\t<\/div>\n\t\t\t\t<\/div>\n\t\t\t\t<div class=\"elementor-element elementor-element-cd2f258 elementor-widget elementor-widget-text-editor\" data-id=\"cd2f258\" data-element_type=\"widget\" data-e-type=\"widget\" data-widget_type=\"text-editor.default\">\n\t\t\t\t<div class=\"elementor-widget-container\">\n\t\t\t\t\t\t\t\t\t<p>\u010ce menite, da je pri\u0161lo do kr\u0161enja pogojev tega pravilnika, nas prosimo obvestite na <a href=\"mailto:info@planetzdravja.com\"><strong>info@planetzdravja.com<\/strong><\/a>. Zadevo bomo preverili, ustrezno ukrepali in vam odgovorili v razumnem \u010dasu.\u00a0<\/p>\t\t\t\t\t\t\t\t<\/div>\n\t\t\t\t<\/div>\n\t\t\t\t<div class=\"elementor-element elementor-element-2f61d0e elementor-widget elementor-widget-heading\" data-id=\"2f61d0e\" data-element_type=\"widget\" data-e-type=\"widget\" data-widget_type=\"heading.default\">\n\t\t\t\t<div class=\"elementor-widget-container\">\n\t\t\t\t\t<h3 class=\"elementor-heading-title elementor-size-default\">Posodobitve pravilnika o zasebnosti<\/h3>\t\t\t\t<\/div>\n\t\t\t\t<\/div>\n\t\t\t\t<div class=\"elementor-element elementor-element-b1eb88a elementor-widget elementor-widget-text-editor\" data-id=\"b1eb88a\" data-element_type=\"widget\" data-e-type=\"widget\" data-widget_type=\"text-editor.default\">\n\t\t\t\t<div class=\"elementor-widget-container\">\n\t\t\t\t\t\t\t\t\t<p>Pravilnik o zasebnosti bo lahko brez predhodnih opozoril posodobljen. Posodobitev pravilnika bo ozna\u010dena na dnu pravilnika.\u00a0<\/p>\t\t\t\t\t\t\t\t<\/div>\n\t\t\t\t<\/div>\n\t\t\t\t<div class=\"elementor-element elementor-element-0e62212 elementor-widget elementor-widget-text-editor\" data-id=\"0e62212\" data-element_type=\"widget\" data-e-type=\"widget\" data-widget_type=\"text-editor.default\">\n\t\t\t\t<div class=\"elementor-widget-container\">\n\t\t\t\t\t\t\t\t\t<p><strong>Datum spremembe:<\/strong> AS AN d.o.o., 2. februar. 2022\u00a0<\/p>\t\t\t\t\t\t\t\t<\/div>\n\t\t\t\t<\/div>\n\t\t\t\t\t<\/div>\n\t\t<\/div>\n\t\t\t\t\t<\/div>\n\t\t<\/section>\n\t\t\t\t<\/div>\n\t\t","protected":false},"excerpt":{"rendered":"<p>Spletni pravilnik o zasebnosti Lastnik tega spletnega mesta je podjetje AS AN d.o.o., ki spo\u0161tuje va\u0161o zasebnost. V tem pravilniku o zasebnosti so opisane vrste osebnih podatkov, ki jih zbiramo z va\u0161o uporabo tega spletnega mesta, na\u010din uporabe in izmenjave podatkov ter va\u0161e izbire glede na\u0161e uporabe podatkov. Opisani so tudi ukrepi, s katerimi varujemo [&hellip;]<\/p>\n","protected":false},"author":1,"featured_media":0,"parent":0,"menu_order":0,"comment_status":"closed","ping_status":"closed","template":"","meta":{"site-sidebar-layout":"no-sidebar","site-content-layout":"page-builder","ast-site-content-layout":"default","site-content-style":"default","site-sidebar-style":"default","ast-global-header-display":"","ast-banner-title-visibility":"","ast-main-header-display":"","ast-hfb-above-header-display":"","ast-hfb-below-header-display":"","ast-hfb-mobile-header-display":"","site-post-title":"disabled","ast-breadcrumbs-content":"","ast-featured-img":"disabled","footer-sml-layout":"","ast-disable-related-posts":"","theme-transparent-header-meta":"","adv-header-id-meta":"","stick-header-meta":"","header-above-stick-meta":"","header-main-stick-meta":"","header-below-stick-meta":"","astra-migrate-meta-layouts":"default","ast-page-background-enabled":"default","ast-page-background-meta":{"desktop":{"background-color":"","background-image":"","background-repeat":"repeat","background-position":"center center","background-size":"auto","background-attachment":"scroll","background-type":"","background-media":"","overlay-type":"","overlay-color":"","overlay-opacity":"","overlay-gradient":""},"tablet":{"background-color":"","background-image":"","background-repeat":"repeat","background-position":"center center","background-size":"auto","background-attachment":"scroll","background-type":"","background-media":"","overlay-type":"","overlay-color":"","overlay-opacity":"","overlay-gradient":""},"mobile":{"background-color":"","background-image":"","background-repeat":"repeat","background-position":"center center","background-size":"auto","background-attachment":"scroll","background-type":"","background-media":"","overlay-type":"","overlay-color":"","overlay-opacity":"","overlay-gradient":""}},"ast-content-background-meta":{"desktop":{"background-color":"var(--ast-global-color-5)","background-image":"","background-repeat":"repeat","background-position":"center center","background-size":"auto","background-attachment":"scroll","background-type":"","background-media":"","overlay-type":"","overlay-color":"","overlay-opacity":"","overlay-gradient":""},"tablet":{"background-color":"var(--ast-global-color-5)","background-image":"","background-repeat":"repeat","background-position":"center center","background-size":"auto","background-attachment":"scroll","background-type":"","background-media":"","overlay-type":"","overlay-color":"","overlay-opacity":"","overlay-gradient":""},"mobile":{"background-color":"var(--ast-global-color-5)","background-image":"","background-repeat":"repeat","background-position":"center center","background-size":"auto","background-attachment":"scroll","background-type":"","background-media":"","overlay-type":"","overlay-color":"","overlay-opacity":"","overlay-gradient":""}},"footnotes":""},"class_list":["post-9324","page","type-page","status-publish","hentry"],"yoast_head":"<!-- This site is optimized with the Yoast SEO plugin v27.4 - https:\/\/yoast.com\/product\/yoast-seo-wordpress\/ -->\n<title>Pravilnik o zasebnosti - Spletna trgovina<\/title>\n<meta name=\"robots\" content=\"index, follow, max-snippet:-1, max-image-preview:large, max-video-preview:-1\" \/>\n<link rel=\"canonical\" href=\"https:\/\/www.planetzdravja.com\/trgovina\/pravilnik-o-zasebnosti\/\" \/>\n<meta property=\"og:locale\" content=\"sl_SI\" \/>\n<meta property=\"og:type\" content=\"article\" \/>\n<meta property=\"og:title\" content=\"Pravilnik o zasebnosti - Spletna trgovina\" \/>\n<meta property=\"og:description\" content=\"Spletni pravilnik o zasebnosti Lastnik tega spletnega mesta je podjetje AS AN d.o.o., ki spo\u0161tuje va\u0161o zasebnost. V tem pravilniku o zasebnosti so opisane vrste osebnih podatkov, ki jih zbiramo z va\u0161o uporabo tega spletnega mesta, na\u010din uporabe in izmenjave podatkov ter va\u0161e izbire glede na\u0161e uporabe podatkov. Opisani so tudi ukrepi, s katerimi varujemo [&hellip;]\" \/>\n<meta property=\"og:url\" content=\"https:\/\/www.planetzdravja.com\/trgovina\/pravilnik-o-zasebnosti\/\" \/>\n<meta property=\"og:site_name\" content=\"Spletna trgovina\" \/>\n<meta property=\"article:modified_time\" content=\"2023-08-10T09:47:53+00:00\" \/>\n<meta name=\"twitter:card\" content=\"summary_large_image\" \/>\n<meta name=\"twitter:label1\" content=\"Est. reading time\" \/>\n\t<meta name=\"twitter:data1\" content=\"3 minute\" \/>\n<script type=\"application\/ld+json\" class=\"yoast-schema-graph\">{\"@context\":\"https:\\\/\\\/schema.org\",\"@graph\":[{\"@type\":\"WebPage\",\"@id\":\"https:\\\/\\\/www.planetzdravja.com\\\/trgovina\\\/pravilnik-o-zasebnosti\\\/\",\"url\":\"https:\\\/\\\/www.planetzdravja.com\\\/trgovina\\\/pravilnik-o-zasebnosti\\\/\",\"name\":\"Pravilnik o zasebnosti - Spletna trgovina\",\"isPartOf\":{\"@id\":\"https:\\\/\\\/www.planetzdravja.com\\\/trgovina\\\/#website\"},\"datePublished\":\"2023-08-10T09:47:05+00:00\",\"dateModified\":\"2023-08-10T09:47:53+00:00\",\"breadcrumb\":{\"@id\":\"https:\\\/\\\/www.planetzdravja.com\\\/trgovina\\\/pravilnik-o-zasebnosti\\\/#breadcrumb\"},\"inLanguage\":\"sl-SI\",\"potentialAction\":[{\"@type\":\"ReadAction\",\"target\":[\"https:\\\/\\\/www.planetzdravja.com\\\/trgovina\\\/pravilnik-o-zasebnosti\\\/\"]}]},{\"@type\":\"BreadcrumbList\",\"@id\":\"https:\\\/\\\/www.planetzdravja.com\\\/trgovina\\\/pravilnik-o-zasebnosti\\\/#breadcrumb\",\"itemListElement\":[{\"@type\":\"ListItem\",\"position\":1,\"name\":\"Home\",\"item\":\"https:\\\/\\\/www.planetzdravja.com\\\/trgovina\\\/\"},{\"@type\":\"ListItem\",\"position\":2,\"name\":\"Pravilnik o zasebnosti\"}]},{\"@type\":\"WebSite\",\"@id\":\"https:\\\/\\\/www.planetzdravja.com\\\/trgovina\\\/#website\",\"url\":\"https:\\\/\\\/www.planetzdravja.com\\\/trgovina\\\/\",\"name\":\"Spletna trgovina\",\"description\":\"Napredna znanost narave\",\"publisher\":{\"@id\":\"https:\\\/\\\/www.planetzdravja.com\\\/trgovina\\\/#organization\"},\"potentialAction\":[{\"@type\":\"SearchAction\",\"target\":{\"@type\":\"EntryPoint\",\"urlTemplate\":\"https:\\\/\\\/www.planetzdravja.com\\\/trgovina\\\/?s={search_term_string}\"},\"query-input\":{\"@type\":\"PropertyValueSpecification\",\"valueRequired\":true,\"valueName\":\"search_term_string\"}}],\"inLanguage\":\"sl-SI\"},{\"@type\":\"Organization\",\"@id\":\"https:\\\/\\\/www.planetzdravja.com\\\/trgovina\\\/#organization\",\"name\":\"Spletna trgovina\",\"url\":\"https:\\\/\\\/www.planetzdravja.com\\\/trgovina\\\/\",\"logo\":{\"@type\":\"ImageObject\",\"inLanguage\":\"sl-SI\",\"@id\":\"https:\\\/\\\/www.planetzdravja.com\\\/trgovina\\\/#\\\/schema\\\/logo\\\/image\\\/\",\"url\":\"https:\\\/\\\/www.planetzdravja.com\\\/trgovina\\\/wp-content\\\/uploads\\\/sites\\\/2\\\/2022\\\/02\\\/vector-logo-shop-v2-1-1.png\",\"contentUrl\":\"https:\\\/\\\/www.planetzdravja.com\\\/trgovina\\\/wp-content\\\/uploads\\\/sites\\\/2\\\/2022\\\/02\\\/vector-logo-shop-v2-1-1.png\",\"width\":300,\"height\":68,\"caption\":\"Spletna trgovina\"},\"image\":{\"@id\":\"https:\\\/\\\/www.planetzdravja.com\\\/trgovina\\\/#\\\/schema\\\/logo\\\/image\\\/\"}}]}<\/script>\n<!-- \/ Yoast SEO plugin. -->","yoast_head_json":{"title":"Pravilnik o zasebnosti - Spletna trgovina","robots":{"index":"index","follow":"follow","max-snippet":"max-snippet:-1","max-image-preview":"max-image-preview:large","max-video-preview":"max-video-preview:-1"},"canonical":"https:\/\/www.planetzdravja.com\/trgovina\/pravilnik-o-zasebnosti\/","og_locale":"sl_SI","og_type":"article","og_title":"Pravilnik o zasebnosti - Spletna trgovina","og_description":"Spletni pravilnik o zasebnosti Lastnik tega spletnega mesta je podjetje AS AN d.o.o., ki spo\u0161tuje va\u0161o zasebnost. V tem pravilniku o zasebnosti so opisane vrste osebnih podatkov, ki jih zbiramo z va\u0161o uporabo tega spletnega mesta, na\u010din uporabe in izmenjave podatkov ter va\u0161e izbire glede na\u0161e uporabe podatkov. Opisani so tudi ukrepi, s katerimi varujemo [&hellip;]","og_url":"https:\/\/www.planetzdravja.com\/trgovina\/pravilnik-o-zasebnosti\/","og_site_name":"Spletna trgovina","article_modified_time":"2023-08-10T09:47:53+00:00","twitter_card":"summary_large_image","twitter_misc":{"Est. reading time":"3 minute"},"schema":{"@context":"https:\/\/schema.org","@graph":[{"@type":"WebPage","@id":"https:\/\/www.planetzdravja.com\/trgovina\/pravilnik-o-zasebnosti\/","url":"https:\/\/www.planetzdravja.com\/trgovina\/pravilnik-o-zasebnosti\/","name":"Pravilnik o zasebnosti - Spletna trgovina","isPartOf":{"@id":"https:\/\/www.planetzdravja.com\/trgovina\/#website"},"datePublished":"2023-08-10T09:47:05+00:00","dateModified":"2023-08-10T09:47:53+00:00","breadcrumb":{"@id":"https:\/\/www.planetzdravja.com\/trgovina\/pravilnik-o-zasebnosti\/#breadcrumb"},"inLanguage":"sl-SI","potentialAction":[{"@type":"ReadAction","target":["https:\/\/www.planetzdravja.com\/trgovina\/pravilnik-o-zasebnosti\/"]}]},{"@type":"BreadcrumbList","@id":"https:\/\/www.planetzdravja.com\/trgovina\/pravilnik-o-zasebnosti\/#breadcrumb","itemListElement":[{"@type":"ListItem","position":1,"name":"Home","item":"https:\/\/www.planetzdravja.com\/trgovina\/"},{"@type":"ListItem","position":2,"name":"Pravilnik o zasebnosti"}]},{"@type":"WebSite","@id":"https:\/\/www.planetzdravja.com\/trgovina\/#website","url":"https:\/\/www.planetzdravja.com\/trgovina\/","name":"Spletna trgovina","description":"Napredna znanost narave","publisher":{"@id":"https:\/\/www.planetzdravja.com\/trgovina\/#organization"},"potentialAction":[{"@type":"SearchAction","target":{"@type":"EntryPoint","urlTemplate":"https:\/\/www.planetzdravja.com\/trgovina\/?s={search_term_string}"},"query-input":{"@type":"PropertyValueSpecification","valueRequired":true,"valueName":"search_term_string"}}],"inLanguage":"sl-SI"},{"@type":"Organization","@id":"https:\/\/www.planetzdravja.com\/trgovina\/#organization","name":"Spletna trgovina","url":"https:\/\/www.planetzdravja.com\/trgovina\/","logo":{"@type":"ImageObject","inLanguage":"sl-SI","@id":"https:\/\/www.planetzdravja.com\/trgovina\/#\/schema\/logo\/image\/","url":"https:\/\/www.planetzdravja.com\/trgovina\/wp-content\/uploads\/sites\/2\/2022\/02\/vector-logo-shop-v2-1-1.png","contentUrl":"https:\/\/www.planetzdravja.com\/trgovina\/wp-content\/uploads\/sites\/2\/2022\/02\/vector-logo-shop-v2-1-1.png","width":300,"height":68,"caption":"Spletna trgovina"},"image":{"@id":"https:\/\/www.planetzdravja.com\/trgovina\/#\/schema\/logo\/image\/"}}]}},"lang":"sl","translations":{"sl":9324,"en":11262},"pll_sync_post":[],"_links":{"self":[{"href":"https:\/\/www.planetzdravja.com\/trgovina\/wp-json\/wp\/v2\/pages\/9324","targetHints":{"allow":["GET"]}}],"collection":[{"href":"https:\/\/www.planetzdravja.com\/trgovina\/wp-json\/wp\/v2\/pages"}],"about":[{"href":"https:\/\/www.planetzdravja.com\/trgovina\/wp-json\/wp\/v2\/types\/page"}],"author":[{"embeddable":true,"href":"https:\/\/www.planetzdravja.com\/trgovina\/wp-json\/wp\/v2\/users\/1"}],"replies":[{"embeddable":true,"href":"https:\/\/www.planetzdravja.com\/trgovina\/wp-json\/wp\/v2\/comments?post=9324"}],"version-history":[{"count":4,"href":"https:\/\/www.planetzdravja.com\/trgovina\/wp-json\/wp\/v2\/pages\/9324\/revisions"}],"predecessor-version":[{"id":9329,"href":"https:\/\/www.planetzdravja.com\/trgovina\/wp-json\/wp\/v2\/pages\/9324\/revisions\/9329"}],"wp:attachment":[{"href":"https:\/\/www.planetzdravja.com\/trgovina\/wp-json\/wp\/v2\/media?parent=9324"}],"curies":[{"name":"wp","href":"https:\/\/api.w.org\/{rel}","templated":true}]}}